{"id":81690,"date":"2022-12-12T14:36:36","date_gmt":"2022-12-12T17:36:36","guid":{"rendered":"https:\/\/homologa.jfrs.jus.br\/memoria\/?page_id=81690"},"modified":"2023-12-14T13:43:59","modified_gmt":"2023-12-14T16:43:59","slug":"pelotas","status":"publish","type":"page","link":"https:\/\/homologa.jfrs.jus.br\/memoria\/historia\/subsecoes-judiciarias\/pelotas\/","title":{"rendered":"Pelotas"},"content":{"rendered":"\t\t<div data-elementor-type=\"wp-page\" data-elementor-id=\"81690\" class=\"elementor elementor-81690\">\n\t\t\t\t\t\t<section class=\"elementor-section elementor-top-section elementor-element elementor-element-4ac76a6 elementor-section-boxed elementor-section-height-default elementor-section-height-default\" data-id=\"4ac76a6\" data-element_type=\"section\">\n\t\t\t\t\t\t<div class=\"elementor-container elementor-column-gap-default\">\n\t\t\t\t\t<div class=\"elementor-column elementor-col-100 elementor-top-column elementor-element elementor-element-426d7c7\" data-id=\"426d7c7\" data-element_type=\"column\">\n\t\t\t<div class=\"elementor-widget-wrap elementor-element-populated\">\n\t\t\t\t\t\t<div class=\"elementor-element elementor-element-54b186f elementor-widget elementor-widget-heading\" data-id=\"54b186f\" data-element_type=\"widget\" data-widget_type=\"heading.default\">\n\t\t\t\t<div class=\"elementor-widget-container\">\n\t\t\t\t\t<h2 class=\"elementor-heading-title elementor-size-xl\"><br>Pelotas<\/h2>\t\t\t\t<\/div>\n\t\t\t\t<\/div>\n\t\t\t\t<div class=\"elementor-element elementor-element-fbaddfe elementor-widget elementor-widget-heading\" data-id=\"fbaddfe\" data-element_type=\"widget\" data-widget_type=\"heading.default\">\n\t\t\t\t<div class=\"elementor-widget-container\">\n\t\t\t\t\t<h2 class=\"elementor-heading-title elementor-size-default\"><br>Instala\u00e7\u00e3o da subse\u00e7\u00e3o<\/h2>\t\t\t\t<\/div>\n\t\t\t\t<\/div>\n\t\t\t\t\t<\/div>\n\t\t<\/div>\n\t\t\t\t\t<\/div>\n\t\t<\/section>\n\t\t\t\t<section class=\"elementor-section elementor-top-section elementor-element elementor-element-7cc0b4d elementor-section-boxed elementor-section-height-default elementor-section-height-default\" data-id=\"7cc0b4d\" data-element_type=\"section\">\n\t\t\t\t\t\t<div class=\"elementor-container elementor-column-gap-default\">\n\t\t\t\t\t<div class=\"elementor-column elementor-col-50 elementor-top-column elementor-element elementor-element-f5160ee\" data-id=\"f5160ee\" data-element_type=\"column\">\n\t\t\t<div class=\"elementor-widget-wrap elementor-element-populated\">\n\t\t\t\t\t\t<div class=\"elementor-element elementor-element-3d84282 elementor-widget elementor-widget-text-editor\" data-id=\"3d84282\" data-element_type=\"widget\" data-widget_type=\"text-editor.default\">\n\t\t\t\t<div class=\"elementor-widget-container\">\n\t\t\t\t\t\t\t\t\t<p><\/p>\n<p>A cidade de Pelotas recebeu suas duas primeiras Varas Federais no mesmo dia, em 27 de novembro de 1998, criadas pela <a href=\"https:\/\/memoria.jfrs.jus.br\/wp-content\/uploads\/2022\/12\/L9664.pdf\">Lei n\u00ba 9.664, de 19 de junho de 1998<\/a>. A 1\u00aa e a 2\u00aa Varas Federais foram implantadas pela <a href=\"https:\/\/memoria.jfrs.jus.br\/wp-content\/uploads\/2022\/12\/RESOL23.pdf\">Resolu\u00e7\u00e3o do TRF4 n\u00ba 23, de 28 de agosto de 1998<\/a>, e instaladas pela <a href=\"https:\/\/memoria.jfrs.jus.br\/wp-content\/uploads\/2022\/12\/RESOL53.pdf\">Resolu\u00e7\u00e3o TRF4 n\u00ba 53, de 29 de outubro de 1998.<\/a><\/p>\n<p>A solenidade foi presidida pela Presidente do TRF4, Desembargadora Ellen Gracie Northfleet, contando com as presen\u00e7as da Ju\u00edza Federal Vivian Pantale\u00e3o Caminha, Diretora do Foro da SJRS, e do Juiz Federal S\u00e9rgio Renato Tejada Garcia, Diretor do Foro da Circunscri\u00e7\u00e3o Judici\u00e1ria de Rio Grande; al\u00e9m do Procurador Douglas Fischer, do Presidente da OAB de Pelotas, Jair Baldez Morales, e do Prefeito da cidade de Pelotas \u00e0 \u00e9poca, Otelmo Demari Alves. Outras autoridades, magistrados e representantes institucionais tamb\u00e9m se fizeram presentes, prestigiando a cerim\u00f4nia.<\/p>\n<p>Foram designados para a 1\u00aa e 2\u00aa Varas Federais, respectivamente, os ju\u00edzes federais Cl\u00e1udio Gonsales Val\u00e9rio e Paulo Paim da Silva. Atualmente, a Subse\u00e7\u00e3o de Pelotas compreende n\u00e3o s\u00f3 as duas referidas Varas, como tamb\u00e9m a 3\u00aa Vara Federal, o Centro Judici\u00e1rio de Solu\u00e7\u00e3o de Conflitos e Cidadania (Cejuscon\/Pelotas), al\u00e9m da Unidade Avan\u00e7ada de Atendimento de Jaguar\u00e3o.<\/p>\t\t\t\t\t\t\t\t<\/div>\n\t\t\t\t<\/div>\n\t\t\t\t\t<\/div>\n\t\t<\/div>\n\t\t\t\t<div class=\"elementor-column elementor-col-50 elementor-top-column elementor-element elementor-element-135ac0d\" data-id=\"135ac0d\" data-element_type=\"column\">\n\t\t\t<div class=\"elementor-widget-wrap elementor-element-populated\">\n\t\t\t\t\t\t<div class=\"elementor-element elementor-element-fd64c01 elementor-widget elementor-widget-image\" data-id=\"fd64c01\" data-element_type=\"widget\" data-widget_type=\"image.default\">\n\t\t\t\t<div class=\"elementor-widget-container\">\n\t\t\t\t\t\t\t\t\t\t\t\t<figure class=\"wp-caption\">\n\t\t\t\t\t\t\t\t\t\t<img fetchpriority=\"high\" decoding=\"async\" width=\"703\" height=\"1024\" src=\"https:\/\/homologa.jfrs.jus.br\/memoria\/wp-content\/uploads\/2022\/12\/ata-1-703x1024.jpg\" class=\"attachment-large size-large wp-image-81692\" alt=\"\" srcset=\"https:\/\/homologa.jfrs.jus.br\/memoria\/wp-content\/uploads\/2022\/12\/ata-1-703x1024.jpg 703w, https:\/\/homologa.jfrs.jus.br\/memoria\/wp-content\/uploads\/2022\/12\/ata-1-206x300.jpg 206w, https:\/\/homologa.jfrs.jus.br\/memoria\/wp-content\/uploads\/2022\/12\/ata-1.jpg 747w\" sizes=\"(max-width: 703px) 100vw, 703px\" \/>\t\t\t\t\t\t\t\t\t\t\t<figcaption class=\"widget-image-caption wp-caption-text\">Ata da solenidade de instala\u00e7\u00e3o das duas primeiras varas de Pelotas, 27\/11\/1998.<\/figcaption>\n\t\t\t\t\t\t\t\t\t\t<\/figure>\n\t\t\t\t\t\t\t\t\t<\/div>\n\t\t\t\t<\/div>\n\t\t\t\t\t<\/div>\n\t\t<\/div>\n\t\t\t\t\t<\/div>\n\t\t<\/section>\n\t\t\t\t<section class=\"elementor-section elementor-top-section elementor-element elementor-element-869a550 elementor-section-boxed elementor-section-height-default elementor-section-height-default\" data-id=\"869a550\" data-element_type=\"section\">\n\t\t\t\t\t\t<div class=\"elementor-container elementor-column-gap-default\">\n\t\t\t\t\t<div class=\"elementor-column elementor-col-100 elementor-top-column elementor-element elementor-element-77639d1\" data-id=\"77639d1\" data-element_type=\"column\">\n\t\t\t<div class=\"elementor-widget-wrap elementor-element-populated\">\n\t\t\t\t\t\t<div class=\"elementor-element elementor-element-f4a77e4 elementor-absolute elementor-widget elementor-widget-heading\" data-id=\"f4a77e4\" data-element_type=\"widget\" data-settings=\"{&quot;_position&quot;:&quot;absolute&quot;}\" data-widget_type=\"heading.default\">\n\t\t\t\t<div class=\"elementor-widget-container\">\n\t\t\t\t\t<h2 class=\"elementor-heading-title elementor-size-default\">Eventos<\/h2>\t\t\t\t<\/div>\n\t\t\t\t<\/div>\n\t\t\t\t<div class=\"elementor-element elementor-element-1a6c59a elementor-absolute elementor-widget elementor-widget-heading\" data-id=\"1a6c59a\" data-element_type=\"widget\" data-settings=\"{&quot;_position&quot;:&quot;absolute&quot;}\" data-widget_type=\"heading.default\">\n\t\t\t\t<div class=\"elementor-widget-container\">\n\t\t\t\t\t<h2 class=\"elementor-heading-title elementor-size-default\">Decis\u00f5es judiciais<\/h2>\t\t\t\t<\/div>\n\t\t\t\t<\/div>\n\t\t\t\t<div class=\"elementor-element elementor-element-5732fae elementor-widget elementor-widget-image\" data-id=\"5732fae\" data-element_type=\"widget\" data-widget_type=\"image.default\">\n\t\t\t\t<div class=\"elementor-widget-container\">\n\t\t\t\t\t\t\t\t\t\t\t\t\t\t\t<img decoding=\"async\" width=\"150\" height=\"150\" src=\"https:\/\/homologa.jfrs.jus.br\/memoria\/wp-content\/uploads\/2021\/11\/decor-home-3-150x150.png\" class=\"attachment-thumbnail size-thumbnail wp-image-141\" alt=\"\" srcset=\"https:\/\/homologa.jfrs.jus.br\/memoria\/wp-content\/uploads\/2021\/11\/decor-home-3-150x150.png 150w, https:\/\/homologa.jfrs.jus.br\/memoria\/wp-content\/uploads\/2021\/11\/decor-home-3-300x300.png 300w, https:\/\/homologa.jfrs.jus.br\/memoria\/wp-content\/uploads\/2021\/11\/decor-home-3-100x100.png 100w\" sizes=\"(max-width: 150px) 100vw, 150px\" \/>\t\t\t\t\t\t\t\t\t\t\t\t\t\t\t<\/div>\n\t\t\t\t<\/div>\n\t\t\t\t<div class=\"elementor-element elementor-element-be079ed elementor-absolute elementor-widget elementor-widget-heading\" data-id=\"be079ed\" data-element_type=\"widget\" data-settings=\"{&quot;_position&quot;:&quot;absolute&quot;}\" data-widget_type=\"heading.default\">\n\t\t\t\t<div class=\"elementor-widget-container\">\n\t\t\t\t\t<h2 class=\"elementor-heading-title elementor-size-default\"><span style=\"font-size: 1.25rem;letter-spacing: 0.15px\">Veja abaixo alguns eventos rememorados por membros das equipes que atuam ou atuaram na subse\u00e7\u00e3o<\/span><\/h2>\t\t\t\t<\/div>\n\t\t\t\t<\/div>\n\t\t\t\t<div class=\"elementor-element elementor-element-c175250 elementor-absolute elementor-widget elementor-widget-heading\" data-id=\"c175250\" data-element_type=\"widget\" data-settings=\"{&quot;_position&quot;:&quot;absolute&quot;}\" data-widget_type=\"heading.default\">\n\t\t\t\t<div class=\"elementor-widget-container\">\n\t\t\t\t\t<h2 class=\"elementor-heading-title elementor-size-default\"><span style=\"font-size: 1.25rem;letter-spacing: 0.15px\">Confira algumas das decis\u00f5es judiciais de grande relev\u00e2ncia proferidas na subse\u00e7\u00e3o<\/span><\/h2>\t\t\t\t<\/div>\n\t\t\t\t<\/div>\n\t\t\t\t<div class=\"elementor-element elementor-element-d4b0dd8 elementor-absolute elementor-widget elementor-widget-heading\" data-id=\"d4b0dd8\" data-element_type=\"widget\" data-settings=\"{&quot;_position&quot;:&quot;absolute&quot;}\" data-widget_type=\"heading.default\">\n\t\t\t\t<div class=\"elementor-widget-container\">\n\t\t\t\t\t<h2 class=\"elementor-heading-title elementor-size-default\"><span style=\"font-size: 1.25rem;letter-spacing: 0.15px\">Confira os pr\u00e9dios que foram sede da subse\u00e7\u00e3o ao longo da hist\u00f3ria<\/span><\/h2>\t\t\t\t<\/div>\n\t\t\t\t<\/div>\n\t\t\t\t\t<\/div>\n\t\t<\/div>\n\t\t\t\t\t<\/div>\n\t\t<\/section>\n\t\t\t\t<section class=\"elementor-section elementor-top-section elementor-element elementor-element-627ec9e elementor-section-boxed elementor-section-height-default elementor-section-height-default\" data-id=\"627ec9e\" data-element_type=\"section\">\n\t\t\t\t\t\t<div class=\"elementor-container elementor-column-gap-default\">\n\t\t\t\t\t<div class=\"elementor-column elementor-col-50 elementor-top-column elementor-element elementor-element-59510b4\" data-id=\"59510b4\" data-element_type=\"column\">\n\t\t\t<div class=\"elementor-widget-wrap elementor-element-populated\">\n\t\t\t\t\t\t<div class=\"elementor-element elementor-element-a2c01a8 elementor-widget elementor-widget-text-editor\" data-id=\"a2c01a8\" data-element_type=\"widget\" data-widget_type=\"text-editor.default\">\n\t\t\t\t<div class=\"elementor-widget-container\">\n\t\t\t\t\t\t\t\t\t<p><\/p>\n<p>As comemora\u00e7\u00f5es dos anivers\u00e1rios da Justi\u00e7a Federal em Pelotas sempre foram ocasi\u00f5es especiais por proporcionar a reuni\u00e3o dos momentos mais marcantes para todos os envolvidos com a JFRS. Em sua celebra\u00e7\u00e3o de dez anos, em 2008, o servidor Newton dos Santos Brum escreveu o livro \u201cDando Vida \u00e0 Vida P\u00fablica: Cr\u00f4nicas dos Dez anos do Judici\u00e1rio Federal em Pelotas\u201d, onde colocou em versos o cotidiano da Justi\u00e7a Federal, saudando a ela e a seus mantenedores. Houve uma noite de aut\u00f3grafos para a comemora\u00e7\u00e3o conjunta do anivers\u00e1rio da Subse\u00e7\u00e3o e do livro de seu servidor querido.<\/p>\n<p>Em mesmo sentido, durante as comemora\u00e7\u00f5es de 20 anos da JFRS em Pelotas, no ano de 2018, a Comiss\u00e3o de Mem\u00f3ria Institucional da Subse\u00e7\u00e3o Judici\u00e1ria de Pelotas optou por lan\u00e7ar outro livro, desta vez tamb\u00e9m com depoimentos de seus servidores, magistrados e terceirizados, de forma complementar \u00e0 reprodu\u00e7\u00e3o de poesias de Newton, j\u00e1 falecido, mas que tamb\u00e9m foi o homenageado da nova obra intitulada \u201cVamos Continuar Dando Vida \u00e0 Vida P\u00fablica: 20 Anos \u2013 Subse\u00e7\u00e3o Judici\u00e1ria de Pelotas\u201d. Na introdu\u00e7\u00e3o deste livro, l\u00ea-se:<\/p>\n<p style=\"text-align: right;\"><em>&#8220;Assim, relembramos, pensamos e contamos a nossa hist\u00f3ria dos 10 anos posteriores \u00e0 obra do nosso sempre estimado colega Newton. Conseguimos, com muito esfor\u00e7o e carinho, de forma singela e sem a pretens\u00e3o de seguir com a maestria do seu tra\u00e7o liter\u00e1rio, continuar a sua obra, dando vida \u00e0 vida p\u00fablica.&#8221;<\/em><\/p>\t\t\t\t\t\t\t\t<\/div>\n\t\t\t\t<\/div>\n\t\t\t\t\t<\/div>\n\t\t<\/div>\n\t\t\t\t<div class=\"elementor-column elementor-col-50 elementor-top-column elementor-element elementor-element-15d904d\" data-id=\"15d904d\" data-element_type=\"column\">\n\t\t\t<div class=\"elementor-widget-wrap elementor-element-populated\">\n\t\t\t\t\t\t<div class=\"elementor-element elementor-element-ef28d7b elementor-widget elementor-widget-text-editor\" data-id=\"ef28d7b\" data-element_type=\"widget\" data-widget_type=\"text-editor.default\">\n\t\t\t\t<div class=\"elementor-widget-container\">\n\t\t\t\t\t\t\t\t\t<p>\u00a0<\/p><p>Dessa forma, foram reproduzidos v\u00e1rios dos poemas de Newton, intercalando-os com outros materiais e estabelecendo nexos entre eles e as tem\u00e1ticas abordadas por cada se\u00e7\u00e3o da obra.<\/p><p><strong>Acesse aqui<\/strong> a vers\u00e3o digital do <a href=\"https:\/\/memoria.jfrs.jus.br\/wp-content\/uploads\/2022\/12\/Livro-20-anos-VAMOS-CONTINUAR-DANDO-VIDA-A-VIDA-PUBLICA.pdf\">Livro<\/a> \u201cVamos continuar dando vida \u00e0 vida p\u00fablica\u201d, lan\u00e7ado pela Comiss\u00e3o de Mem\u00f3ria Institucional da Subse\u00e7\u00e3o Judici\u00e1ria de Pelotas no ano de 2018.<\/p>\t\t\t\t\t\t\t\t<\/div>\n\t\t\t\t<\/div>\n\t\t\t\t<div class=\"elementor-element elementor-element-25d31eb elementor-widget elementor-widget-image\" data-id=\"25d31eb\" data-element_type=\"widget\" data-widget_type=\"image.default\">\n\t\t\t\t<div class=\"elementor-widget-container\">\n\t\t\t\t\t\t\t\t\t\t\t\t<figure class=\"wp-caption\">\n\t\t\t\t\t\t\t\t\t\t<img decoding=\"async\" width=\"800\" height=\"588\" src=\"https:\/\/homologa.jfrs.jus.br\/memoria\/wp-content\/uploads\/2022\/12\/livro.jpg\" class=\"attachment-large size-large wp-image-81696\" alt=\"\" srcset=\"https:\/\/homologa.jfrs.jus.br\/memoria\/wp-content\/uploads\/2022\/12\/livro.jpg 974w, https:\/\/homologa.jfrs.jus.br\/memoria\/wp-content\/uploads\/2022\/12\/livro-300x221.jpg 300w, https:\/\/homologa.jfrs.jus.br\/memoria\/wp-content\/uploads\/2022\/12\/livro-768x565.jpg 768w\" sizes=\"(max-width: 800px) 100vw, 800px\" \/>\t\t\t\t\t\t\t\t\t\t\t<figcaption class=\"widget-image-caption wp-caption-text\">Capa do livro \u201cVamos continuar dando vida \u00e0 vida p\u00fablica\u201d (Comiss\u00e3o de Mem\u00f3ria de Pelotas\/2018)<\/figcaption>\n\t\t\t\t\t\t\t\t\t\t<\/figure>\n\t\t\t\t\t\t\t\t\t<\/div>\n\t\t\t\t<\/div>\n\t\t\t\t\t<\/div>\n\t\t<\/div>\n\t\t\t\t\t<\/div>\n\t\t<\/section>\n\t\t\t\t<section class=\"elementor-section elementor-top-section elementor-element elementor-element-e15f282 elementor-section-boxed elementor-section-height-default elementor-section-height-default\" data-id=\"e15f282\" data-element_type=\"section\">\n\t\t\t\t\t\t<div class=\"elementor-container elementor-column-gap-default\">\n\t\t\t\t\t<div class=\"elementor-column elementor-col-100 elementor-top-column elementor-element elementor-element-c573e36\" data-id=\"c573e36\" data-element_type=\"column\">\n\t\t\t<div class=\"elementor-widget-wrap elementor-element-populated\">\n\t\t\t\t\t\t<div class=\"elementor-element elementor-element-a4cc174 elementor-widget elementor-widget-image\" data-id=\"a4cc174\" data-element_type=\"widget\" data-widget_type=\"image.default\">\n\t\t\t\t<div class=\"elementor-widget-container\">\n\t\t\t\t\t\t\t\t\t\t\t\t\t\t\t<img decoding=\"async\" width=\"150\" height=\"150\" src=\"https:\/\/homologa.jfrs.jus.br\/memoria\/wp-content\/uploads\/2021\/11\/decor-home-3-150x150.png\" class=\"attachment-thumbnail size-thumbnail wp-image-141\" alt=\"\" srcset=\"https:\/\/homologa.jfrs.jus.br\/memoria\/wp-content\/uploads\/2021\/11\/decor-home-3-150x150.png 150w, https:\/\/homologa.jfrs.jus.br\/memoria\/wp-content\/uploads\/2021\/11\/decor-home-3-300x300.png 300w, https:\/\/homologa.jfrs.jus.br\/memoria\/wp-content\/uploads\/2021\/11\/decor-home-3-100x100.png 100w\" sizes=\"(max-width: 150px) 100vw, 150px\" \/>\t\t\t\t\t\t\t\t\t\t\t\t\t\t\t<\/div>\n\t\t\t\t<\/div>\n\t\t\t\t\t<\/div>\n\t\t<\/div>\n\t\t\t\t\t<\/div>\n\t\t<\/section>\n\t\t\t\t<section class=\"elementor-section elementor-top-section elementor-element elementor-element-fbe18fc elementor-section-boxed elementor-section-height-default elementor-section-height-default\" data-id=\"fbe18fc\" data-element_type=\"section\">\n\t\t\t\t\t\t<div class=\"elementor-container elementor-column-gap-default\">\n\t\t\t\t\t<div class=\"elementor-column elementor-col-100 elementor-top-column elementor-element elementor-element-d808c64\" data-id=\"d808c64\" data-element_type=\"column\">\n\t\t\t<div class=\"elementor-widget-wrap elementor-element-populated\">\n\t\t\t\t\t\t<div class=\"elementor-element elementor-element-d4ed619 elementor-widget elementor-widget-shortcode\" data-id=\"d4ed619\" data-element_type=\"widget\" data-widget_type=\"shortcode.default\">\n\t\t\t\t<div class=\"elementor-widget-container\">\n\t\t\t\t\t\t\t<div class=\"elementor-shortcode\">\n<\/div>\n\t\t\t\t\t\t<\/div>\n\t\t\t\t<\/div>\n\t\t\t\t\t<\/div>\n\t\t<\/div>\n\t\t\t\t\t<\/div>\n\t\t<\/section>\n\t\t\t\t<section class=\"elementor-section elementor-top-section elementor-element elementor-element-e75549d elementor-section-boxed elementor-section-height-default elementor-section-height-default\" data-id=\"e75549d\" data-element_type=\"section\">\n\t\t\t\t\t\t<div class=\"elementor-container elementor-column-gap-default\">\n\t\t\t\t\t<div class=\"elementor-column elementor-col-100 elementor-top-column elementor-element elementor-element-41dbc0a\" data-id=\"41dbc0a\" data-element_type=\"column\">\n\t\t\t<div class=\"elementor-widget-wrap elementor-element-populated\">\n\t\t\t\t\t\t<div class=\"elementor-element elementor-element-165105d elementor-absolute elementor-invisible elementor-widget elementor-widget-heading\" data-id=\"165105d\" data-element_type=\"widget\" data-settings=\"{&quot;_position&quot;:&quot;absolute&quot;,&quot;_animation&quot;:&quot;fadeIn&quot;,&quot;_animation_delay&quot;:100}\" data-widget_type=\"heading.default\">\n\t\t\t\t<div class=\"elementor-widget-container\">\n\t\t\t\t\t<h2 class=\"elementor-heading-title elementor-size-default\">Sedes<\/h2>\t\t\t\t<\/div>\n\t\t\t\t<\/div>\n\t\t\t\t<div class=\"elementor-element elementor-element-6b6aa2d elementor-widget elementor-widget-image\" data-id=\"6b6aa2d\" data-element_type=\"widget\" data-widget_type=\"image.default\">\n\t\t\t\t<div class=\"elementor-widget-container\">\n\t\t\t\t\t\t\t\t\t\t\t\t\t\t\t<img decoding=\"async\" width=\"150\" height=\"150\" src=\"https:\/\/homologa.jfrs.jus.br\/memoria\/wp-content\/uploads\/2021\/11\/decor-home-3-150x150.png\" class=\"attachment-thumbnail size-thumbnail wp-image-141\" alt=\"\" srcset=\"https:\/\/homologa.jfrs.jus.br\/memoria\/wp-content\/uploads\/2021\/11\/decor-home-3-150x150.png 150w, https:\/\/homologa.jfrs.jus.br\/memoria\/wp-content\/uploads\/2021\/11\/decor-home-3-300x300.png 300w, https:\/\/homologa.jfrs.jus.br\/memoria\/wp-content\/uploads\/2021\/11\/decor-home-3-100x100.png 100w\" sizes=\"(max-width: 150px) 100vw, 150px\" \/>\t\t\t\t\t\t\t\t\t\t\t\t\t\t\t<\/div>\n\t\t\t\t<\/div>\n\t\t\t\t\t<\/div>\n\t\t<\/div>\n\t\t\t\t\t<\/div>\n\t\t<\/section>\n\t\t\t\t<section class=\"elementor-section elementor-top-section elementor-element elementor-element-b315dc8 elementor-section-boxed elementor-section-height-default elementor-section-height-default\" data-id=\"b315dc8\" data-element_type=\"section\">\n\t\t\t\t\t\t<div class=\"elementor-container elementor-column-gap-default\">\n\t\t\t\t\t<div class=\"elementor-column elementor-col-100 elementor-top-column elementor-element elementor-element-d5a779f\" data-id=\"d5a779f\" data-element_type=\"column\">\n\t\t\t<div class=\"elementor-widget-wrap elementor-element-populated\">\n\t\t\t\t\t\t<div class=\"elementor-element elementor-element-fed9798 elementor-widget elementor-widget-text-editor\" data-id=\"fed9798\" data-element_type=\"widget\" data-widget_type=\"text-editor.default\">\n\t\t\t\t<div class=\"elementor-widget-container\">\n\t\t\t\t\t\t\t\t\t<p>\u00a0<\/p><p>Quando instalada em Pelotas, a Justi\u00e7a Federal teve como primeira sede um pr\u00e9dio localizado na Pra\u00e7a Domingos Rodrigues, n\u00ba 2A. Em 2006, a sede da Subse\u00e7\u00e3o Judici\u00e1ria de Pelotas mudou-se para a regi\u00e3o central da cidade, mais especificamente para a Rua XV de Novembro, n\u00ba 653. A segunda sede permitiu a unifica\u00e7\u00e3o \u2014 em termos de estrutura f\u00edsica \u2014 da Justi\u00e7a no munic\u00edpio, visto que antes as Varas encontravam-se fragmentadas em duas sedes, com a 1\u00aa e 2\u00aa varas na Zona do Porto (zona sul), e o Juizado Especial Federal na Avenida Fernando Os\u00f3rio (zona norte). Atualmente ocupa essa mesma segunda sede, entre o 5\u00ba e 8\u00ba andares do pr\u00e9dio, coexistindo as atuais 1\u00aa, 2\u00aa e 3\u00aa Varas Federais, al\u00e9m do Cejuscon\/Pelotas.<\/p>\t\t\t\t\t\t\t\t<\/div>\n\t\t\t\t<\/div>\n\t\t\t\t<div class=\"elementor-element elementor-element-ab54d72 elementor-arrows-position-inside elementor-pagination-position-outside elementor-widget elementor-widget-image-carousel\" data-id=\"ab54d72\" data-element_type=\"widget\" data-settings=\"{&quot;slides_to_show&quot;:&quot;1&quot;,&quot;navigation&quot;:&quot;both&quot;,&quot;autoplay&quot;:&quot;yes&quot;,&quot;pause_on_hover&quot;:&quot;yes&quot;,&quot;pause_on_interaction&quot;:&quot;yes&quot;,&quot;autoplay_speed&quot;:5000,&quot;infinite&quot;:&quot;yes&quot;,&quot;effect&quot;:&quot;slide&quot;,&quot;speed&quot;:500}\" data-widget_type=\"image-carousel.default\">\n\t\t\t\t<div class=\"elementor-widget-container\">\n\t\t\t\t\t\t\t<div class=\"elementor-image-carousel-wrapper swiper\" role=\"region\" aria-roledescription=\"carousel\" aria-label=\"Carrossel de imagens\" dir=\"ltr\">\n\t\t\t<div class=\"elementor-image-carousel swiper-wrapper\" aria-live=\"off\">\n\t\t\t\t\t\t\t\t<div class=\"swiper-slide\" role=\"group\" aria-roledescription=\"slide\" aria-label=\"1 de 2\"><figure class=\"swiper-slide-inner\"><img decoding=\"async\" class=\"swiper-slide-image\" src=\"https:\/\/homologa.jfrs.jus.br\/memoria\/wp-content\/uploads\/elementor\/thumbs\/sede-3-pz5t0refadj3uj69sy2ag5xkxvtcljyr3rjomplc9k.jpg\" alt=\"Primeira sede da Justi\u00e7a Federal em Pelotas, Pra\u00e7a Domingos Rodrigues n\u00ba 2A.\" \/><figcaption class=\"elementor-image-carousel-caption\">Primeira sede da Justi\u00e7a Federal em Pelotas, Pra\u00e7a Domingos Rodrigues n\u00ba 2A.<\/figcaption><\/figure><\/div><div class=\"swiper-slide\" role=\"group\" aria-roledescription=\"slide\" aria-label=\"2 de 2\"><figure class=\"swiper-slide-inner\"><img decoding=\"async\" class=\"swiper-slide-image\" src=\"https:\/\/homologa.jfrs.jus.br\/memoria\/wp-content\/uploads\/elementor\/thumbs\/SEDE-2-pz5t0qgl3jhtix7myfnnvo64chxzduv0rmw75fmqfs.jpg\" alt=\"Segunda e atual sede da Justi\u00e7a Federal em Pelotas, Rua XV de Novembro, n\u00ba 653.\" \/><figcaption class=\"elementor-image-carousel-caption\">Segunda e atual sede da Justi\u00e7a Federal em Pelotas, Rua XV de Novembro, n\u00ba 653. \n\n<\/figcaption><\/figure><\/div>\t\t\t<\/div>\n\t\t\t\t\t\t\t\t\t\t\t\t<div class=\"elementor-swiper-button elementor-swiper-button-prev\" role=\"button\" tabindex=\"0\">\n\t\t\t\t\t\t<i aria-hidden=\"true\" class=\"eicon-chevron-left\"><\/i>\t\t\t\t\t<\/div>\n\t\t\t\t\t<div class=\"elementor-swiper-button elementor-swiper-button-next\" role=\"button\" tabindex=\"0\">\n\t\t\t\t\t\t<i aria-hidden=\"true\" class=\"eicon-chevron-right\"><\/i>\t\t\t\t\t<\/div>\n\t\t\t\t\n\t\t\t\t\t\t\t\t\t<div class=\"swiper-pagination\"><\/div>\n\t\t\t\t\t\t\t\t\t<\/div>\n\t\t\t\t\t\t<\/div>\n\t\t\t\t<\/div>\n\t\t\t\t\t<\/div>\n\t\t<\/div>\n\t\t\t\t\t<\/div>\n\t\t<\/section>\n\t\t\t\t<\/div>\n\t\t","protected":false},"excerpt":{"rendered":"<p>Pelotas Instala\u00e7\u00e3o da subse\u00e7\u00e3o A cidade de Pelotas recebeu suas duas primeiras Varas Federais no mesmo dia, em 27 de novembro de 1998, criadas pela Lei n\u00ba 9.664, de 19 de junho de 1998. A 1\u00aa e a 2\u00aa Varas [&hellip;]<\/p>\n","protected":false},"author":7,"featured_media":0,"parent":1969,"menu_order":0,"comment_status":"closed","ping_status":"closed","template":"","meta":{"footnotes":""},"class_list":["post-81690","page","type-page","status-publish","hentry"],"_links":{"self":[{"href":"https:\/\/homologa.jfrs.jus.br\/memoria\/wp-json\/wp\/v2\/pages\/81690","targetHints":{"allow":["GET"]}}],"collection":[{"href":"https:\/\/homologa.jfrs.jus.br\/memoria\/wp-json\/wp\/v2\/pages"}],"about":[{"href":"https:\/\/homologa.jfrs.jus.br\/memoria\/wp-json\/wp\/v2\/types\/page"}],"author":[{"embeddable":true,"href":"https:\/\/homologa.jfrs.jus.br\/memoria\/wp-json\/wp\/v2\/users\/7"}],"replies":[{"embeddable":true,"href":"https:\/\/homologa.jfrs.jus.br\/memoria\/wp-json\/wp\/v2\/comments?post=81690"}],"version-history":[{"count":15,"href":"https:\/\/homologa.jfrs.jus.br\/memoria\/wp-json\/wp\/v2\/pages\/81690\/revisions"}],"predecessor-version":[{"id":82231,"href":"https:\/\/homologa.jfrs.jus.br\/memoria\/wp-json\/wp\/v2\/pages\/81690\/revisions\/82231"}],"up":[{"embeddable":true,"href":"https:\/\/homologa.jfrs.jus.br\/memoria\/wp-json\/wp\/v2\/pages\/1969"}],"wp:attachment":[{"href":"https:\/\/homologa.jfrs.jus.br\/memoria\/wp-json\/wp\/v2\/media?parent=81690"}],"curies":[{"name":"wp","href":"https:\/\/api.w.org\/{rel}","templated":true}]}}