{"id":81499,"date":"2022-12-07T16:43:16","date_gmt":"2022-12-07T19:43:16","guid":{"rendered":"https:\/\/homologa.jfrs.jus.br\/memoria\/?page_id=81499"},"modified":"2023-04-13T15:53:43","modified_gmt":"2023-04-13T18:53:43","slug":"sala-de-memoria-de-rio-grande","status":"publish","type":"page","link":"https:\/\/homologa.jfrs.jus.br\/memoria\/espacos-de-memoria\/sala-de-memoria-de-rio-grande\/","title":{"rendered":"Sala de Mem\u00f3ria de Rio Grande"},"content":{"rendered":"\t\t<div data-elementor-type=\"wp-page\" data-elementor-id=\"81499\" class=\"elementor elementor-81499\">\n\t\t\t\t\t\t<section class=\"elementor-section elementor-top-section elementor-element elementor-element-65b1a518 elementor-section-boxed elementor-section-height-default elementor-section-height-default\" data-id=\"65b1a518\" data-element_type=\"section\">\n\t\t\t\t\t\t<div class=\"elementor-container elementor-column-gap-default\">\n\t\t\t\t\t<div class=\"elementor-column elementor-col-100 elementor-top-column elementor-element elementor-element-48b31f9a\" data-id=\"48b31f9a\" data-element_type=\"column\">\n\t\t\t<div class=\"elementor-widget-wrap elementor-element-populated\">\n\t\t\t\t\t\t<div class=\"elementor-element elementor-element-210465e3 elementor-widget elementor-widget-heading\" data-id=\"210465e3\" data-element_type=\"widget\" data-widget_type=\"heading.default\">\n\t\t\t\t<div class=\"elementor-widget-container\">\n\t\t\t\t\t<h1 class=\"elementor-heading-title elementor-size-default\">Sala de Mem\u00f3ria de Rio Grande<\/h1>\t\t\t\t<\/div>\n\t\t\t\t<\/div>\n\t\t\t\t\t<\/div>\n\t\t<\/div>\n\t\t\t\t\t<\/div>\n\t\t<\/section>\n\t\t\t\t<section class=\"elementor-section elementor-top-section elementor-element elementor-element-251f4610 elementor-section-boxed elementor-section-height-default elementor-section-height-default\" data-id=\"251f4610\" data-element_type=\"section\" data-settings=\"{&quot;background_background&quot;:&quot;classic&quot;}\">\n\t\t\t\t\t\t<div class=\"elementor-container elementor-column-gap-default\">\n\t\t\t\t\t<div class=\"elementor-column elementor-col-100 elementor-top-column elementor-element elementor-element-5842b821\" data-id=\"5842b821\" data-element_type=\"column\" data-settings=\"{&quot;background_background&quot;:&quot;classic&quot;}\">\n\t\t\t<div class=\"elementor-widget-wrap elementor-element-populated\">\n\t\t\t\t\t\t<div class=\"elementor-element elementor-element-5b5aca29 elementor-widget elementor-widget-heading\" data-id=\"5b5aca29\" data-element_type=\"widget\" data-widget_type=\"heading.default\">\n\t\t\t\t<div class=\"elementor-widget-container\">\n\t\t\t\t\t<h6 class=\"elementor-heading-title elementor-size-default\">Sobre este Espa\u00e7o de Mem\u00f3ria\n\n<\/h6>\t\t\t\t<\/div>\n\t\t\t\t<\/div>\n\t\t\t\t<div class=\"elementor-element elementor-element-3b8d826 elementor-widget elementor-widget-text-editor\" data-id=\"3b8d826\" data-element_type=\"widget\" data-widget_type=\"text-editor.default\">\n\t\t\t\t<div class=\"elementor-widget-container\">\n\t\t\t\t\t\t\t\t\t<p>A Subse\u00e7\u00e3o de Rio Grande, cidade mais antiga do estado do RS, foi a primeira unidade do interior do estado a ser instalada, iniciando o processo de interioriza\u00e7\u00e3o da Justi\u00e7a Federal no RS; e sua Sala de Mem\u00f3ria, instalada em 22 de junho de 2015, vem trazer um panorama hist\u00f3rico desta cidade e de sua rela\u00e7\u00e3o com a JFRS.<\/p>\t\t\t\t\t\t\t\t<\/div>\n\t\t\t\t<\/div>\n\t\t\t\t\t<\/div>\n\t\t<\/div>\n\t\t\t\t\t<\/div>\n\t\t<\/section>\n\t\t\t\t<section class=\"elementor-section elementor-top-section elementor-element elementor-element-14340adb elementor-widget-container elementor-section-boxed elementor-section-height-default elementor-section-height-default\" data-id=\"14340adb\" data-element_type=\"section\" data-settings=\"{&quot;background_background&quot;:&quot;classic&quot;}\">\n\t\t\t\t\t\t<div class=\"elementor-container elementor-column-gap-default\">\n\t\t\t\t\t<div class=\"elementor-column elementor-col-100 elementor-top-column elementor-element elementor-element-3ef4ef56\" data-id=\"3ef4ef56\" data-element_type=\"column\">\n\t\t\t<div class=\"elementor-widget-wrap elementor-element-populated\">\n\t\t\t\t\t\t<section class=\"elementor-section elementor-inner-section elementor-element elementor-element-c4308b6 elementor-section-boxed elementor-section-height-default elementor-section-height-default\" data-id=\"c4308b6\" data-element_type=\"section\" data-settings=\"{&quot;background_background&quot;:&quot;classic&quot;}\">\n\t\t\t\t\t\t<div class=\"elementor-container elementor-column-gap-default\">\n\t\t\t\t\t<div class=\"elementor-column elementor-col-100 elementor-inner-column elementor-element elementor-element-3c746ffa\" data-id=\"3c746ffa\" data-element_type=\"column\">\n\t\t\t<div class=\"elementor-widget-wrap elementor-element-populated\">\n\t\t\t\t\t\t<div class=\"elementor-element elementor-element-4616b3dd title elementor-widget elementor-widget-heading\" data-id=\"4616b3dd\" data-element_type=\"widget\" data-widget_type=\"heading.default\">\n\t\t\t\t<div class=\"elementor-widget-container\">\n\t\t\t\t\t<h2 class=\"elementor-heading-title elementor-size-default\">Visita\u00e7\u00e3o<\/h2>\t\t\t\t<\/div>\n\t\t\t\t<\/div>\n\t\t\t\t<div class=\"elementor-element elementor-element-56523bc5 elementor-widget elementor-widget-text-editor\" data-id=\"56523bc5\" data-element_type=\"widget\" data-widget_type=\"text-editor.default\">\n\t\t\t\t<div class=\"elementor-widget-container\">\n\t\t\t\t\t\t\t\t\t<p>A Sala de Mem\u00f3ria est\u00e1 localizada no 2\u00ba andar do edif\u00edcio-sede da Subse\u00e7\u00e3o Judici\u00e1ria de Rio Grande, rua Capit\u00e3o-Tenente Heitor Perdig\u00e3o, n\u00ba 55, e pode ser visitada pelo p\u00fablico externo das 13h \u00e0s 18h.<\/p><p>Visitas podem ser agendadas pelos fones (53) 3293-4001 e (53) 991227104.<\/p>\t\t\t\t\t\t\t\t<\/div>\n\t\t\t\t<\/div>\n\t\t\t\t\t<\/div>\n\t\t<\/div>\n\t\t\t\t\t<\/div>\n\t\t<\/section>\n\t\t\t\t\t<\/div>\n\t\t<\/div>\n\t\t\t\t\t<\/div>\n\t\t<\/section>\n\t\t\t\t<section class=\"elementor-section elementor-top-section elementor-element elementor-element-118175cd elementor-section-content-middle elementor-section-boxed elementor-section-height-default elementor-section-height-default\" data-id=\"118175cd\" data-element_type=\"section\">\n\t\t\t\t\t\t\t<div class=\"elementor-background-overlay\"><\/div>\n\t\t\t\t\t\t\t<div class=\"elementor-container elementor-column-gap-wide\">\n\t\t\t\t\t<div class=\"elementor-column elementor-col-100 elementor-top-column elementor-element elementor-element-7e47afe\" data-id=\"7e47afe\" data-element_type=\"column\" data-settings=\"{&quot;background_background&quot;:&quot;classic&quot;}\">\n\t\t\t<div class=\"elementor-widget-wrap elementor-element-populated\">\n\t\t\t\t\t\t<div class=\"elementor-element elementor-element-f18a03e elementor-invisible elementor-widget elementor-widget-heading\" data-id=\"f18a03e\" data-element_type=\"widget\" data-settings=\"{&quot;_animation&quot;:&quot;fadeIn&quot;,&quot;_animation_delay&quot;:100}\" data-widget_type=\"heading.default\">\n\t\t\t\t<div class=\"elementor-widget-container\">\n\t\t\t\t\t<h2 class=\"elementor-heading-title elementor-size-default\">Galeria de Fotos<\/h2>\t\t\t\t<\/div>\n\t\t\t\t<\/div>\n\t\t\t\t<div class=\"elementor-element elementor-element-4a008f5c elementor-invisible elementor-widget elementor-widget-heading\" data-id=\"4a008f5c\" data-element_type=\"widget\" data-settings=\"{&quot;_animation&quot;:&quot;fadeIn&quot;,&quot;_animation_delay&quot;:150}\" data-widget_type=\"heading.default\">\n\t\t\t\t<div class=\"elementor-widget-container\">\n\t\t\t\t\t<h2 class=\"elementor-heading-title elementor-size-default\">Confira fotos do espa\u00e7o de mem\u00f3ria<\/h2>\t\t\t\t<\/div>\n\t\t\t\t<\/div>\n\t\t\t\t\t<\/div>\n\t\t<\/div>\n\t\t\t\t\t<\/div>\n\t\t<\/section>\n\t\t\t\t<section class=\"elementor-section elementor-top-section elementor-element elementor-element-22dd70bd elementor-section-boxed elementor-section-height-default elementor-section-height-default\" data-id=\"22dd70bd\" data-element_type=\"section\">\n\t\t\t\t\t\t<div class=\"elementor-container elementor-column-gap-default\">\n\t\t\t\t\t<div class=\"elementor-column elementor-col-100 elementor-top-column elementor-element elementor-element-597cb6d7\" data-id=\"597cb6d7\" data-element_type=\"column\">\n\t\t\t<div class=\"elementor-widget-wrap elementor-element-populated\">\n\t\t\t\t\t\t<div class=\"elementor-element elementor-element-363d4974 eael-fg-hoverer-content-align-left elementor-widget elementor-widget-eael-filterable-gallery\" data-id=\"363d4974\" data-element_type=\"widget\" data-settings=\"{&quot;photo_gallery&quot;:&quot;yes&quot;}\" data-widget_type=\"eael-filterable-gallery.default\">\n\t\t\t\t<div class=\"elementor-widget-container\">\n\t\t\t\t\t<style id=\"eael-fg-inline-css-363d4974\">@media only screen and (max-width: 2399px) {\n\t\t\t\t\t.elementor-element.elementor-element-363d4974 .eael-filterable-gallery-item-wrap {\n\t\t\t\t\t        width: 33.333333333333%;\n\t\t\t\t\t    }\n\t\t\t\t\t}@media only screen and (max-width: 1024px) {\n\t\t\t\t\t.elementor-element.elementor-element-363d4974  .eael-filterable-gallery-item-wrap {\n\t\t\t\t\t        width: 50%;\n\t\t\t\t\t    }\n\t\t\t\t\t}@media only screen and (max-width: 767px) {\n\t\t\t\t\t.elementor-element.elementor-element-363d4974  .eael-filterable-gallery-item-wrap {\n\t\t\t\t\t        width: 100%;\n\t\t\t\t\t    }\n\t\t\t\t\t}<\/style>        <div id=\"eael-filter-gallery-wrapper-363d4974\" class=\"eael-filter-gallery-wrapper\" data-layout-mode=\"hoverer\" data-breakpoints=\"{&quot;mobile&quot;:{&quot;label&quot;:&quot;Dispositivos m\\u00f3veis no modo retrato&quot;,&quot;value&quot;:767,&quot;default_value&quot;:767,&quot;direction&quot;:&quot;max&quot;,&quot;is_enabled&quot;:true},&quot;mobile_extra&quot;:{&quot;label&quot;:&quot;Dispositivos m\\u00f3veis no modo paisagem&quot;,&quot;value&quot;:880,&quot;default_value&quot;:880,&quot;direction&quot;:&quot;max&quot;,&quot;is_enabled&quot;:false},&quot;tablet&quot;:{&quot;label&quot;:&quot;Tablet no modo retrato&quot;,&quot;value&quot;:1024,&quot;default_value&quot;:1024,&quot;direction&quot;:&quot;max&quot;,&quot;is_enabled&quot;:true},&quot;tablet_extra&quot;:{&quot;label&quot;:&quot;Tablet no modo paisagem&quot;,&quot;value&quot;:1200,&quot;default_value&quot;:1200,&quot;direction&quot;:&quot;max&quot;,&quot;is_enabled&quot;:false},&quot;laptop&quot;:{&quot;label&quot;:&quot;Notebook&quot;,&quot;value&quot;:1366,&quot;default_value&quot;:1366,&quot;direction&quot;:&quot;max&quot;,&quot;is_enabled&quot;:false},&quot;widescreen&quot;:{&quot;label&quot;:&quot;Tela ampla (widescreen)&quot;,&quot;value&quot;:2400,&quot;default_value&quot;:2400,&quot;direction&quot;:&quot;min&quot;,&quot;is_enabled&quot;:false}}\" data-default_control_key=\"0\" data-custom_default_control=\"1\">\n                    <div class=\"eael-filter-gallery-container eael-filter-gallery-grid\" data-images-per-page=\"\" data-total-gallery-items=\"3\" data-nomore-item-text=\"\" data-is-randomize=\"no\" data-settings=\"{&quot;grid_style&quot;:&quot;grid&quot;,&quot;popup&quot;:&quot;buttons&quot;,&quot;duration&quot;:500,&quot;gallery_enabled&quot;:&quot;yes&quot;,&quot;video_gallery_yt_privacy&quot;:&quot;&quot;,&quot;control_all_text&quot;:null,&quot;post_id&quot;:81499,&quot;widget_id&quot;:&quot;363d4974&quot;}\" data-search-all=\"\" data-gallery-items=\"WyI8ZGl2IGNsYXNzPVwiZWFlbC1maWx0ZXJhYmxlLWdhbGxlcnktaXRlbS13cmFwIGVhZWwtY2YtZXNwYVx1MDBlN29cIj5cblx0XHRcdFx0PGRpdiBjbGFzcz1cImVhZWwtZ2FsbGVyeS1ncmlkLWl0ZW1cIj48YSBhcmVhLWhpZGRlbj1cInRydWVcIiBocmVmPVwiaHR0cHM6XC9cL21lbW9yaWEuamZycy5qdXMuYnJcL3dwLWNvbnRlbnRcL3VwbG9hZHNcLzIwMjJcLzEyXC8xLVJpby1HcmFuZGUtc2NhbGVkLmpwZ1wiIGNsYXNzPVwiZWFlbC1tYWduaWZpYy1saW5rIGVhZWwtbWFnbmlmaWMtbGluay1jbG9uZSBhY3RpdmUgbWVkaWEtY29udGVudC13cmFwIGFjdGl2ZVwiIGRhdGEtZWxlbWVudG9yLW9wZW4tbGlnaHRib3g9XCJ5ZXNcIiB0aXRsZT1cIlwiPjxkaXYgY2xhc3M9XCJnYWxsZXJ5LWl0ZW0tdGh1bWJuYWlsLXdyYXBcIj48aW1nIHNyYz1cImh0dHBzOlwvXC9tZW1vcmlhLmpmcnMuanVzLmJyXC93cC1jb250ZW50XC91cGxvYWRzXC8yMDIyXC8xMlwvMS1SaW8tR3JhbmRlLXNjYWxlZC5qcGdcIiBkYXRhLWxhenktc3JjPVwiaHR0cHM6XC9cL21lbW9yaWEuamZycy5qdXMuYnJcL3dwLWNvbnRlbnRcL3VwbG9hZHNcLzIwMjJcLzEyXC8xLVJpby1HcmFuZGUtc2NhbGVkLmpwZ1wiIGFsdD1cIkluYWd1cmFcdTAwZTdcdTAwZTNvXCIgY2xhc3M9XCJnYWxsZXJ5LWl0ZW0tdGh1bWJuYWlsXCI+PFwvZGl2PjxkaXYgY2xhc3M9XCJnYWxsZXJ5LWl0ZW0tY2FwdGlvbi13cmFwIGNhcHRpb24tc3R5bGUtaG92ZXJlciBlYWVsLWZhZGUtaW5cIj48ZGl2IGNsYXNzPVwiZ2FsbGVyeS1pdGVtLWhvdmVyZXItYmdcIj48XC9kaXY+PGRpdiBjbGFzcz1cImdhbGxlcnktaXRlbS1jYXB0aW9uLW92ZXJcIj48aDIgY2xhc3M9XCJmZy1pdGVtLXRpdGxlXCI+SW5hZ3VyYVx1MDBlN1x1MDBlM288XC9oMj48ZGl2IGNsYXNzPVwiZmctaXRlbS1jb250ZW50XCI+PHA+RGVzY2VycmFtZW50byBkYSBwbGFjYSBkZSBpbmF1Z3VyYVx1MDBlN1x1MDBlM28gZGEgU2FsYSBkZSBNZW1cdTAwZjNyaWEgZGUgUmlvIEdyYW5kZS48XC9wPlxuPFwvZGl2PjxcL2Rpdj48XC9kaXY+PFwvYT48XC9kaXY+PFwvZGl2PiIsIjxkaXYgY2xhc3M9XCJlYWVsLWZpbHRlcmFibGUtZ2FsbGVyeS1pdGVtLXdyYXAgZWFlbC1jZi1lc3BhXHUwMGU3b1wiPlxuXHRcdFx0XHQ8ZGl2IGNsYXNzPVwiZWFlbC1nYWxsZXJ5LWdyaWQtaXRlbVwiPjxhIGFyZWEtaGlkZGVuPVwidHJ1ZVwiIGhyZWY9XCJodHRwczpcL1wvbWVtb3JpYS5qZnJzLmp1cy5iclwvd3AtY29udGVudFwvdXBsb2Fkc1wvMjAyMlwvMTJcLzItUmlvLUdyYW5kZS1zY2FsZWQuanBnXCIgY2xhc3M9XCJlYWVsLW1hZ25pZmljLWxpbmsgZWFlbC1tYWduaWZpYy1saW5rLWNsb25lIGFjdGl2ZSBtZWRpYS1jb250ZW50LXdyYXAgYWN0aXZlXCIgZGF0YS1lbGVtZW50b3Itb3Blbi1saWdodGJveD1cInllc1wiIHRpdGxlPVwiXCI+PGRpdiBjbGFzcz1cImdhbGxlcnktaXRlbS10aHVtYm5haWwtd3JhcFwiPjxpbWcgc3JjPVwiaHR0cHM6XC9cL21lbW9yaWEuamZycy5qdXMuYnJcL3dwLWNvbnRlbnRcL3VwbG9hZHNcLzIwMjJcLzEyXC8yLVJpby1HcmFuZGUtc2NhbGVkLmpwZ1wiIGRhdGEtbGF6eS1zcmM9XCJodHRwczpcL1wvbWVtb3JpYS5qZnJzLmp1cy5iclwvd3AtY29udGVudFwvdXBsb2Fkc1wvMjAyMlwvMTJcLzItUmlvLUdyYW5kZS1zY2FsZWQuanBnXCIgYWx0PVwiU29sZW5pZGFkZVwiIGNsYXNzPVwiZ2FsbGVyeS1pdGVtLXRodW1ibmFpbFwiPjxcL2Rpdj48ZGl2IGNsYXNzPVwiZ2FsbGVyeS1pdGVtLWNhcHRpb24td3JhcCBjYXB0aW9uLXN0eWxlLWhvdmVyZXIgZWFlbC1mYWRlLWluXCI+PGRpdiBjbGFzcz1cImdhbGxlcnktaXRlbS1ob3ZlcmVyLWJnXCI+PFwvZGl2PjxkaXYgY2xhc3M9XCJnYWxsZXJ5LWl0ZW0tY2FwdGlvbi1vdmVyXCI+PGgyIGNsYXNzPVwiZmctaXRlbS10aXRsZVwiPlNvbGVuaWRhZGU8XC9oMj48ZGl2IGNsYXNzPVwiZmctaXRlbS1jb250ZW50XCI+PHA+RGlzY3Vyc28gZGEgSnVcdTAwZWR6YSBGZWRlcmFsIEFuZHJcdTAwZTlpYSBDYXN0cm8gRGlhcyBNb3JlaXJhIG5hIGluYXVndXJhXHUwMGU3XHUwMGUzbyBkYSBTYWxhIGRlIE1lbVx1MDBmM3JpYSBkZSBSaW8gR3JhbmRlLjxcL3A+XG48XC9kaXY+PFwvZGl2PjxcL2Rpdj48XC9hPjxcL2Rpdj48XC9kaXY+IiwiPGRpdiBjbGFzcz1cImVhZWwtZmlsdGVyYWJsZS1nYWxsZXJ5LWl0ZW0td3JhcCBlYWVsLWNmLWVzcGFcdTAwZTdvXCI+XG5cdFx0XHRcdDxkaXYgY2xhc3M9XCJlYWVsLWdhbGxlcnktZ3JpZC1pdGVtXCI+PGEgYXJlYS1oaWRkZW49XCJ0cnVlXCIgaHJlZj1cImh0dHBzOlwvXC9tZW1vcmlhLmpmcnMuanVzLmJyXC93cC1jb250ZW50XC91cGxvYWRzXC8yMDIyXC8xMlwvV2hhdHNBcHAtSW1hZ2UtMjAyMi0xMi0xMy1hdC0xNC41NC4xNS5qcGVnXCIgY2xhc3M9XCJlYWVsLW1hZ25pZmljLWxpbmsgZWFlbC1tYWduaWZpYy1saW5rLWNsb25lIGFjdGl2ZSBtZWRpYS1jb250ZW50LXdyYXAgYWN0aXZlXCIgZGF0YS1lbGVtZW50b3Itb3Blbi1saWdodGJveD1cInllc1wiIHRpdGxlPVwiXCI+PGRpdiBjbGFzcz1cImdhbGxlcnktaXRlbS10aHVtYm5haWwtd3JhcFwiPjxpbWcgc3JjPVwiaHR0cHM6XC9cL21lbW9yaWEuamZycy5qdXMuYnJcL3dwLWNvbnRlbnRcL3VwbG9hZHNcLzIwMjJcLzEyXC9XaGF0c0FwcC1JbWFnZS0yMDIyLTEyLTEzLWF0LTE0LjU0LjE1LmpwZWdcIiBkYXRhLWxhenktc3JjPVwiaHR0cHM6XC9cL21lbW9yaWEuamZycy5qdXMuYnJcL3dwLWNvbnRlbnRcL3VwbG9hZHNcLzIwMjJcLzEyXC9XaGF0c0FwcC1JbWFnZS0yMDIyLTEyLTEzLWF0LTE0LjU0LjE1LmpwZWdcIiBhbHQ9XCJTb2xlbmlkYWRlXCIgY2xhc3M9XCJnYWxsZXJ5LWl0ZW0tdGh1bWJuYWlsXCI+PFwvZGl2PjxkaXYgY2xhc3M9XCJnYWxsZXJ5LWl0ZW0tY2FwdGlvbi13cmFwIGNhcHRpb24tc3R5bGUtaG92ZXJlciBlYWVsLWZhZGUtaW5cIj48ZGl2IGNsYXNzPVwiZ2FsbGVyeS1pdGVtLWhvdmVyZXItYmdcIj48XC9kaXY+PGRpdiBjbGFzcz1cImdhbGxlcnktaXRlbS1jYXB0aW9uLW92ZXJcIj48aDIgY2xhc3M9XCJmZy1pdGVtLXRpdGxlXCI+U29sZW5pZGFkZTxcL2gyPjxkaXYgY2xhc3M9XCJmZy1pdGVtLWNvbnRlbnRcIj48cD5QXHUwMGZhYmxpY28gcHJlc2VudGUgbmEgc29sZW5pZGFkZSBkZSBpbmF1Z3VyYVx1MDBlN1x1MDBlM28uPFwvcD5cbjxcL2Rpdj48XC9kaXY+PFwvZGl2PjxcL2E+PFwvZGl2PjxcL2Rpdj4iXQ==\" data-init-show=\"99\">\n            <div class=\"eael-filterable-gallery-item-wrap eael-cf-espa\u00e7o\">\n\t\t\t\t<div class=\"eael-gallery-grid-item\"><a area-hidden=\"true\" href=\"https:\/\/memoria.jfrs.jus.br\/wp-content\/uploads\/2022\/12\/1-Rio-Grande-scaled.jpg\" class=\"eael-magnific-link eael-magnific-link-clone active media-content-wrap active\" data-elementor-open-lightbox=\"yes\" title=\"\"><div class=\"gallery-item-thumbnail-wrap\"><img decoding=\"async\" src=\"https:\/\/memoria.jfrs.jus.br\/wp-content\/uploads\/2022\/12\/1-Rio-Grande-scaled.jpg\" data-lazy-src=\"https:\/\/memoria.jfrs.jus.br\/wp-content\/uploads\/2022\/12\/1-Rio-Grande-scaled.jpg\" alt=\"Inagura\u00e7\u00e3o\" class=\"gallery-item-thumbnail\"><\/div><div class=\"gallery-item-caption-wrap caption-style-hoverer eael-fade-in\"><div class=\"gallery-item-hoverer-bg\"><\/div><div class=\"gallery-item-caption-over\"><h2 class=\"fg-item-title\">Inagura\u00e7\u00e3o<\/h2><div class=\"fg-item-content\"><p>Descerramento da placa de inaugura\u00e7\u00e3o da Sala de Mem\u00f3ria de Rio Grande.<\/p>\n<\/div><\/div><\/div><\/a><\/div><\/div><div class=\"eael-filterable-gallery-item-wrap eael-cf-espa\u00e7o\">\n\t\t\t\t<div class=\"eael-gallery-grid-item\"><a area-hidden=\"true\" href=\"https:\/\/memoria.jfrs.jus.br\/wp-content\/uploads\/2022\/12\/2-Rio-Grande-scaled.jpg\" class=\"eael-magnific-link eael-magnific-link-clone active media-content-wrap active\" data-elementor-open-lightbox=\"yes\" title=\"\"><div class=\"gallery-item-thumbnail-wrap\"><img decoding=\"async\" src=\"https:\/\/memoria.jfrs.jus.br\/wp-content\/uploads\/2022\/12\/2-Rio-Grande-scaled.jpg\" data-lazy-src=\"https:\/\/memoria.jfrs.jus.br\/wp-content\/uploads\/2022\/12\/2-Rio-Grande-scaled.jpg\" alt=\"Solenidade\" class=\"gallery-item-thumbnail\"><\/div><div class=\"gallery-item-caption-wrap caption-style-hoverer eael-fade-in\"><div class=\"gallery-item-hoverer-bg\"><\/div><div class=\"gallery-item-caption-over\"><h2 class=\"fg-item-title\">Solenidade<\/h2><div class=\"fg-item-content\"><p>Discurso da Ju\u00edza Federal Andr\u00e9ia Castro Dias Moreira na inaugura\u00e7\u00e3o da Sala de Mem\u00f3ria de Rio Grande.<\/p>\n<\/div><\/div><\/div><\/a><\/div><\/div><div class=\"eael-filterable-gallery-item-wrap eael-cf-espa\u00e7o\">\n\t\t\t\t<div class=\"eael-gallery-grid-item\"><a area-hidden=\"true\" href=\"https:\/\/memoria.jfrs.jus.br\/wp-content\/uploads\/2022\/12\/WhatsApp-Image-2022-12-13-at-14.54.15.jpeg\" class=\"eael-magnific-link eael-magnific-link-clone active media-content-wrap active\" data-elementor-open-lightbox=\"yes\" title=\"\"><div class=\"gallery-item-thumbnail-wrap\"><img decoding=\"async\" src=\"https:\/\/memoria.jfrs.jus.br\/wp-content\/uploads\/2022\/12\/WhatsApp-Image-2022-12-13-at-14.54.15.jpeg\" data-lazy-src=\"https:\/\/memoria.jfrs.jus.br\/wp-content\/uploads\/2022\/12\/WhatsApp-Image-2022-12-13-at-14.54.15.jpeg\" alt=\"Solenidade\" class=\"gallery-item-thumbnail\"><\/div><div class=\"gallery-item-caption-wrap caption-style-hoverer eael-fade-in\"><div class=\"gallery-item-hoverer-bg\"><\/div><div class=\"gallery-item-caption-over\"><h2 class=\"fg-item-title\">Solenidade<\/h2><div class=\"fg-item-content\"><p>P\u00fablico presente na solenidade de inaugura\u00e7\u00e3o.<\/p>\n<\/div><\/div><\/div><\/a><\/div><\/div>        <\/div>\n                <\/div>\n        \n        \t\t\t\t<\/div>\n\t\t\t\t<\/div>\n\t\t\t\t\t<\/div>\n\t\t<\/div>\n\t\t\t\t\t<\/div>\n\t\t<\/section>\n\t\t\t\t<section class=\"elementor-section elementor-top-section elementor-element elementor-element-b1d1c42 elementor-section-content-middle elementor-section-boxed elementor-section-height-default elementor-section-height-default\" data-id=\"b1d1c42\" data-element_type=\"section\">\n\t\t\t\t\t\t\t<div class=\"elementor-background-overlay\"><\/div>\n\t\t\t\t\t\t\t<div class=\"elementor-container elementor-column-gap-wide\">\n\t\t\t\t\t<div class=\"elementor-column elementor-col-100 elementor-top-column elementor-element elementor-element-0659916\" data-id=\"0659916\" data-element_type=\"column\" data-settings=\"{&quot;background_background&quot;:&quot;classic&quot;}\">\n\t\t\t<div class=\"elementor-widget-wrap elementor-element-populated\">\n\t\t\t\t\t\t<div class=\"elementor-element elementor-element-9163de4 elementor-invisible elementor-widget elementor-widget-heading\" data-id=\"9163de4\" data-element_type=\"widget\" data-settings=\"{&quot;_animation&quot;:&quot;fadeIn&quot;,&quot;_animation_delay&quot;:100}\" data-widget_type=\"heading.default\">\n\t\t\t\t<div class=\"elementor-widget-container\">\n\t\t\t\t\t<h2 class=\"elementor-heading-title elementor-size-default\">Exposi\u00e7\u00e3o<\/h2>\t\t\t\t<\/div>\n\t\t\t\t<\/div>\n\t\t\t\t<div class=\"elementor-element elementor-element-2442656 elementor-invisible elementor-widget elementor-widget-heading\" data-id=\"2442656\" data-element_type=\"widget\" data-settings=\"{&quot;_animation&quot;:&quot;fadeIn&quot;,&quot;_animation_delay&quot;:150}\" data-widget_type=\"heading.default\">\n\t\t\t\t<div class=\"elementor-widget-container\">\n\t\t\t\t\t<h2 class=\"elementor-heading-title elementor-size-default\">Confira abaixo a exposi\u00e7\u00e3o realizada neste espa\u00e7o de mem\u00f3ria<\/h2>\t\t\t\t<\/div>\n\t\t\t\t<\/div>\n\t\t\t\t\t<\/div>\n\t\t<\/div>\n\t\t\t\t\t<\/div>\n\t\t<\/section>\n\t\t\t\t<section class=\"elementor-section elementor-top-section elementor-element elementor-element-9ba1c7d elementor-section-boxed elementor-section-height-default elementor-section-height-default\" data-id=\"9ba1c7d\" data-element_type=\"section\">\n\t\t\t\t\t\t<div class=\"elementor-container elementor-column-gap-default\">\n\t\t\t\t\t<div class=\"elementor-column elementor-col-100 elementor-top-column elementor-element elementor-element-7322bdf\" data-id=\"7322bdf\" data-element_type=\"column\">\n\t\t\t<div class=\"elementor-widget-wrap elementor-element-populated\">\n\t\t\t\t\t\t\t<\/div>\n\t\t<\/div>\n\t\t\t\t\t<\/div>\n\t\t<\/section>\n\t\t\t\t<section class=\"elementor-section elementor-top-section elementor-element elementor-element-af9735b elementor-section-boxed elementor-section-height-default elementor-section-height-default\" data-id=\"af9735b\" data-element_type=\"section\">\n\t\t\t\t\t\t<div class=\"elementor-container elementor-column-gap-default\">\n\t\t\t\t\t<div class=\"elementor-column elementor-col-100 elementor-top-column elementor-element elementor-element-b852cac\" data-id=\"b852cac\" data-element_type=\"column\">\n\t\t\t<div class=\"elementor-widget-wrap\">\n\t\t\t\t\t\t\t<\/div>\n\t\t<\/div>\n\t\t\t\t\t<\/div>\n\t\t<\/section>\n\t\t\t\t<\/div>\n\t\t","protected":false},"excerpt":{"rendered":"<p>A Subse\u00e7\u00e3o de Rio Grande, cidade mais antiga do estado do RS, foi a primeira unidade do interior do estado a ser instalada, iniciando o processo de interioriza\u00e7\u00e3o da Justi\u00e7a Federal no RS; e sua Sala de Mem\u00f3ria, instalada em 22 de junho de 2015, vem trazer um panorama hist\u00f3rico desta cidade e de sua rela\u00e7\u00e3o com a JFRS.<\/p>\n","protected":false},"author":1,"featured_media":81502,"parent":81487,"menu_order":20,"comment_status":"closed","ping_status":"closed","template":"","meta":{"footnotes":""},"class_list":["post-81499","page","type-page","status-publish","has-post-thumbnail","hentry"],"_links":{"self":[{"href":"https:\/\/homologa.jfrs.jus.br\/memoria\/wp-json\/wp\/v2\/pages\/81499","targetHints":{"allow":["GET"]}}],"collection":[{"href":"https:\/\/homologa.jfrs.jus.br\/memoria\/wp-json\/wp\/v2\/pages"}],"about":[{"href":"https:\/\/homologa.jfrs.jus.br\/memoria\/wp-json\/wp\/v2\/types\/page"}],"author":[{"embeddable":true,"href":"https:\/\/homologa.jfrs.jus.br\/memoria\/wp-json\/wp\/v2\/users\/1"}],"replies":[{"embeddable":true,"href":"https:\/\/homologa.jfrs.jus.br\/memoria\/wp-json\/wp\/v2\/comments?post=81499"}],"version-history":[{"count":15,"href":"https:\/\/homologa.jfrs.jus.br\/memoria\/wp-json\/wp\/v2\/pages\/81499\/revisions"}],"predecessor-version":[{"id":81935,"href":"https:\/\/homologa.jfrs.jus.br\/memoria\/wp-json\/wp\/v2\/pages\/81499\/revisions\/81935"}],"up":[{"embeddable":true,"href":"https:\/\/homologa.jfrs.jus.br\/memoria\/wp-json\/wp\/v2\/pages\/81487"}],"wp:featuredmedia":[{"embeddable":true,"href":"https:\/\/homologa.jfrs.jus.br\/memoria\/wp-json\/wp\/v2\/media\/81502"}],"wp:attachment":[{"href":"https:\/\/homologa.jfrs.jus.br\/memoria\/wp-json\/wp\/v2\/media?parent=81499"}],"curies":[{"name":"wp","href":"https:\/\/api.w.org\/{rel}","templated":true}]}}