{"id":81251,"date":"2022-11-28T10:00:40","date_gmt":"2022-11-28T13:00:40","guid":{"rendered":"https:\/\/homologa.jfrs.jus.br\/memoria\/?page_id=81251"},"modified":"2022-12-07T16:02:23","modified_gmt":"2022-12-07T19:02:23","slug":"passo-fundo","status":"publish","type":"page","link":"https:\/\/homologa.jfrs.jus.br\/memoria\/historia\/subsecoes-judiciarias\/passo-fundo\/","title":{"rendered":"Passo Fundo"},"content":{"rendered":"\t\t<div data-elementor-type=\"wp-page\" data-elementor-id=\"81251\" class=\"elementor elementor-81251\">\n\t\t\t\t\t\t<section class=\"elementor-section elementor-top-section elementor-element elementor-element-16853f6 elementor-section-boxed elementor-section-height-default elementor-section-height-default\" data-id=\"16853f6\" data-element_type=\"section\">\n\t\t\t\t\t\t<div class=\"elementor-container elementor-column-gap-default\">\n\t\t\t\t\t<div class=\"elementor-column elementor-col-100 elementor-top-column elementor-element elementor-element-df1f446\" data-id=\"df1f446\" data-element_type=\"column\">\n\t\t\t<div class=\"elementor-widget-wrap elementor-element-populated\">\n\t\t\t\t\t\t<div class=\"elementor-element elementor-element-b844b2c elementor-widget elementor-widget-heading\" data-id=\"b844b2c\" data-element_type=\"widget\" data-widget_type=\"heading.default\">\n\t\t\t\t<div class=\"elementor-widget-container\">\n\t\t\t\t\t<h2 class=\"elementor-heading-title elementor-size-xl\"><br>Passo Fundo<\/h2>\t\t\t\t<\/div>\n\t\t\t\t<\/div>\n\t\t\t\t<div class=\"elementor-element elementor-element-a62a8cd elementor-widget elementor-widget-heading\" data-id=\"a62a8cd\" data-element_type=\"widget\" data-widget_type=\"heading.default\">\n\t\t\t\t<div class=\"elementor-widget-container\">\n\t\t\t\t\t<h2 class=\"elementor-heading-title elementor-size-default\"><br>Instala\u00e7\u00e3o da subse\u00e7\u00e3o<\/h2>\t\t\t\t<\/div>\n\t\t\t\t<\/div>\n\t\t\t\t\t<\/div>\n\t\t<\/div>\n\t\t\t\t\t<\/div>\n\t\t<\/section>\n\t\t\t\t<section class=\"elementor-section elementor-top-section elementor-element elementor-element-e053f23 elementor-section-boxed elementor-section-height-default elementor-section-height-default\" data-id=\"e053f23\" data-element_type=\"section\">\n\t\t\t\t\t\t<div class=\"elementor-container elementor-column-gap-default\">\n\t\t\t\t\t<div class=\"elementor-column elementor-col-50 elementor-top-column elementor-element elementor-element-47e5e18\" data-id=\"47e5e18\" data-element_type=\"column\">\n\t\t\t<div class=\"elementor-widget-wrap elementor-element-populated\">\n\t\t\t\t\t\t<div class=\"elementor-element elementor-element-80d4b11 elementor-widget elementor-widget-text-editor\" data-id=\"80d4b11\" data-element_type=\"widget\" data-widget_type=\"text-editor.default\">\n\t\t\t\t<div class=\"elementor-widget-container\">\n\t\t\t\t\t\t\t\t\t<p>A cidade de Passo Fundo recebeu sua primeira Vara Federal em 20 de junho de 1987, com implanta\u00e7\u00e3o originada pela <a href=\"https:\/\/memoria.jfrs.jus.br\/wp-content\/uploads\/2022\/11\/L7631.pdf\">Lei n\u00ba 7.631, de 17 de novembro de 1987<\/a>, e por meio do <a href=\"https:\/\/memoria.jfrs.jus.br\/wp-content\/uploads\/2022\/11\/PROV353.pdf\">Provimento n\u00ba 353, de 18 de dezembro de 1987<\/a>. Como os Tribunais Regionais Federais ainda n\u00e3o haviam sido criados, o Provimento adveio do ent\u00e3o Tribunal Federal de Recursos (TFR).<\/p><p>Compareceram ao evento de instala\u00e7\u00e3o o Juiz Federal Hervandil Fagundes, ent\u00e3o Diretor do Foro da SJRS, o Presidente do TFR e do Conselho da Justi\u00e7a Federal, Ministro Lauro Leit\u00e3o, que presidiu a cerim\u00f4nia, os Ministros do TFR Costa Leite, Jesus Filho, Pedro Accioli e P\u00e1dua Ribeiro, al\u00e9m de outros ju\u00edzes federais e diversas autoridades. O primeiro magistrado designado para a Subse\u00e7\u00e3o foi o Juiz Federal Ari Pargendler.<\/p><p>A 2\u00aa e a 3\u00aa Varas Federais de Passo Fundo surgiram juntas em 25 de setembro de 1998, em solenidade conduzida pela Desembargadora Ellen Gracie Northfleet, que naquela \u00e9poca presidia o TRF4. Entre os presentes estava o Dr. Ari Pargendler, que anos antes havia sido o primeiro magistrado da Subse\u00e7\u00e3o, e que no ato de instala\u00e7\u00e3o das novas varas ocupava o cargo de Ministro do Superior Tribunal de Justi\u00e7a (STJ). Al\u00e9m dele, outros egr\u00e9gios ministros, ju\u00edzes federais, diretores de foro e membros do Judici\u00e1rio estiveram presentes na cerim\u00f4nia.<\/p><p>Em 2002, o Juizado Especial Federal de Passo Fundo teve instala\u00e7\u00e3o marcada pela solenidade presidida pelo Desembargador Teori Albino Zavascki, \u00e0 \u00e9poca Presidente do TRF4. Esta cerim\u00f4nia contou com a presen\u00e7a do Ministro do STJ Gilson Langaro Dipp, bem como de desembargadores e ju\u00edzes federais, e tamb\u00e9m autoridades dos demais Poderes.<\/p>\t\t\t\t\t\t\t\t<\/div>\n\t\t\t\t<\/div>\n\t\t\t\t\t<\/div>\n\t\t<\/div>\n\t\t\t\t<div class=\"elementor-column elementor-col-50 elementor-top-column elementor-element elementor-element-e910859\" data-id=\"e910859\" data-element_type=\"column\">\n\t\t\t<div class=\"elementor-widget-wrap elementor-element-populated\">\n\t\t\t\t\t\t<div class=\"elementor-element elementor-element-1e50461 elementor-arrows-position-inside elementor-pagination-position-outside elementor-widget elementor-widget-image-carousel\" data-id=\"1e50461\" data-element_type=\"widget\" data-settings=\"{&quot;slides_to_show&quot;:&quot;1&quot;,&quot;navigation&quot;:&quot;both&quot;,&quot;autoplay&quot;:&quot;yes&quot;,&quot;pause_on_hover&quot;:&quot;yes&quot;,&quot;pause_on_interaction&quot;:&quot;yes&quot;,&quot;autoplay_speed&quot;:5000,&quot;infinite&quot;:&quot;yes&quot;,&quot;effect&quot;:&quot;slide&quot;,&quot;speed&quot;:500}\" data-widget_type=\"image-carousel.default\">\n\t\t\t\t<div class=\"elementor-widget-container\">\n\t\t\t\t\t\t\t<div class=\"elementor-image-carousel-wrapper swiper\" role=\"region\" aria-roledescription=\"carousel\" aria-label=\"Carrossel de imagens\" dir=\"ltr\">\n\t\t\t<div class=\"elementor-image-carousel swiper-wrapper\" aria-live=\"off\">\n\t\t\t\t\t\t\t\t<div class=\"swiper-slide\" role=\"group\" aria-roledescription=\"slide\" aria-label=\"1 de 2\"><figure class=\"swiper-slide-inner\"><img decoding=\"async\" class=\"swiper-slide-image\" src=\"https:\/\/homologa.jfrs.jus.br\/memoria\/wp-content\/uploads\/elementor\/thumbs\/ata-cortada-1-pyhfxj1fyjljw8picx7pdwyhb0sqwfb7ke942czkm4.jpg\" alt=\"Ata de instala\u00e7\u00e3o da Primeira Vara Federal de Passo Fundo, 20\/06\/1987.\" \/><figcaption class=\"elementor-image-carousel-caption\">Ata de instala\u00e7\u00e3o da Primeira Vara Federal de Passo Fundo, 20\/06\/1987.<\/figcaption><\/figure><\/div><div class=\"swiper-slide\" role=\"group\" aria-roledescription=\"slide\" aria-label=\"2 de 2\"><figure class=\"swiper-slide-inner\"><img decoding=\"async\" class=\"swiper-slide-image\" src=\"https:\/\/homologa.jfrs.jus.br\/memoria\/wp-content\/uploads\/elementor\/thumbs\/ata-cortada-2-pyhfxjza5dmu7uo57fmbyepxweo444exwiwljmy6p2.jpg\" alt=\"\" \/><\/figure><\/div>\t\t\t<\/div>\n\t\t\t\t\t\t\t\t\t\t\t\t<div class=\"elementor-swiper-button elementor-swiper-button-prev\" role=\"button\" tabindex=\"0\">\n\t\t\t\t\t\t<i aria-hidden=\"true\" class=\"eicon-chevron-left\"><\/i>\t\t\t\t\t<\/div>\n\t\t\t\t\t<div class=\"elementor-swiper-button elementor-swiper-button-next\" role=\"button\" tabindex=\"0\">\n\t\t\t\t\t\t<i aria-hidden=\"true\" class=\"eicon-chevron-right\"><\/i>\t\t\t\t\t<\/div>\n\t\t\t\t\n\t\t\t\t\t\t\t\t\t<div class=\"swiper-pagination\"><\/div>\n\t\t\t\t\t\t\t\t\t<\/div>\n\t\t\t\t\t\t<\/div>\n\t\t\t\t<\/div>\n\t\t\t\t<div class=\"elementor-element elementor-element-eae2ad0 elementor-widget elementor-widget-text-editor\" data-id=\"eae2ad0\" data-element_type=\"widget\" data-widget_type=\"text-editor.default\">\n\t\t\t\t<div class=\"elementor-widget-container\">\n\t\t\t\t\t\t\t\t\t<p>\u00a0<\/p><p>Em 2014, a Justi\u00e7a Federal em Passo Fundo passou a abrigar tamb\u00e9m um Centro Judici\u00e1rio de Solu\u00e7\u00e3o de Conflitos e Cidadania (Cejuscon), setor especializado na resolu\u00e7\u00e3o de conflitos por meio do di\u00e1logo. Sua cerim\u00f4nia de instala\u00e7\u00e3o foi conduzida pelo ent\u00e3o Presidente do TRF4, Desembargador Tadaaqui Hirose. Compareceram tamb\u00e9m o Diretor do Foro da SJRS, Juiz Jos\u00e9 Francisco Spizzirri, e o Coordenador-Geral do Sistema de Concilia\u00e7\u00e3o da JF da 4\u00aa Regi\u00e3o (Sistcon), Desembargador Jo\u00e3o Batista Pinto Silveira.<\/p>\t\t\t\t\t\t\t\t<\/div>\n\t\t\t\t<\/div>\n\t\t\t\t\t<\/div>\n\t\t<\/div>\n\t\t\t\t\t<\/div>\n\t\t<\/section>\n\t\t\t\t<section class=\"elementor-section elementor-top-section elementor-element elementor-element-e5f0491 elementor-section-boxed elementor-section-height-default elementor-section-height-default\" data-id=\"e5f0491\" data-element_type=\"section\">\n\t\t\t\t\t\t<div class=\"elementor-container elementor-column-gap-default\">\n\t\t\t\t\t<div class=\"elementor-column elementor-col-100 elementor-top-column elementor-element elementor-element-7854e90\" data-id=\"7854e90\" data-element_type=\"column\">\n\t\t\t<div class=\"elementor-widget-wrap elementor-element-populated\">\n\t\t\t\t\t\t<div class=\"elementor-element elementor-element-6d15536 elementor-absolute elementor-widget elementor-widget-heading\" data-id=\"6d15536\" data-element_type=\"widget\" data-settings=\"{&quot;_position&quot;:&quot;absolute&quot;}\" data-widget_type=\"heading.default\">\n\t\t\t\t<div class=\"elementor-widget-container\">\n\t\t\t\t\t<h2 class=\"elementor-heading-title elementor-size-xl\">Eventos<\/h2>\t\t\t\t<\/div>\n\t\t\t\t<\/div>\n\t\t\t\t<div class=\"elementor-element elementor-element-a5b119e elementor-widget elementor-widget-image\" data-id=\"a5b119e\" data-element_type=\"widget\" data-widget_type=\"image.default\">\n\t\t\t\t<div class=\"elementor-widget-container\">\n\t\t\t\t\t\t\t\t\t\t\t\t\t\t\t<img decoding=\"async\" width=\"150\" height=\"150\" src=\"https:\/\/homologa.jfrs.jus.br\/memoria\/wp-content\/uploads\/2021\/11\/decor-home-3-150x150.png\" class=\"attachment-thumbnail size-thumbnail wp-image-141\" alt=\"\" srcset=\"https:\/\/homologa.jfrs.jus.br\/memoria\/wp-content\/uploads\/2021\/11\/decor-home-3-150x150.png 150w, https:\/\/homologa.jfrs.jus.br\/memoria\/wp-content\/uploads\/2021\/11\/decor-home-3-300x300.png 300w, https:\/\/homologa.jfrs.jus.br\/memoria\/wp-content\/uploads\/2021\/11\/decor-home-3-100x100.png 100w\" sizes=\"(max-width: 150px) 100vw, 150px\" \/>\t\t\t\t\t\t\t\t\t\t\t\t\t\t\t<\/div>\n\t\t\t\t<\/div>\n\t\t\t\t<div class=\"elementor-element elementor-element-4c30ce5 elementor-absolute elementor-widget elementor-widget-heading\" data-id=\"4c30ce5\" data-element_type=\"widget\" data-settings=\"{&quot;_position&quot;:&quot;absolute&quot;}\" data-widget_type=\"heading.default\">\n\t\t\t\t<div class=\"elementor-widget-container\">\n\t\t\t\t\t<h2 class=\"elementor-heading-title elementor-size-default\"><span style=\"font-size: 1.25rem;letter-spacing: 0.15px;text-align: center;white-space: normal\">Veja abaixo alguns eventos rememorados por membros das equipes que atuam ou atuaram na subse\u00e7\u00e3o<\/span><\/h2>\t\t\t\t<\/div>\n\t\t\t\t<\/div>\n\t\t\t\t\t<\/div>\n\t\t<\/div>\n\t\t\t\t\t<\/div>\n\t\t<\/section>\n\t\t\t\t<section class=\"elementor-section elementor-top-section elementor-element elementor-element-ed54870 elementor-section-boxed elementor-section-height-default elementor-section-height-default\" data-id=\"ed54870\" data-element_type=\"section\">\n\t\t\t\t\t\t<div class=\"elementor-container elementor-column-gap-default\">\n\t\t\t\t\t<div class=\"elementor-column elementor-col-100 elementor-top-column elementor-element elementor-element-d796239\" data-id=\"d796239\" data-element_type=\"column\">\n\t\t\t<div class=\"elementor-widget-wrap elementor-element-populated\">\n\t\t\t\t\t\t<div class=\"elementor-element elementor-element-cfd86dd elementor-widget elementor-widget-shortcode\" data-id=\"cfd86dd\" data-element_type=\"widget\" data-widget_type=\"shortcode.default\">\n\t\t\t\t<div class=\"elementor-widget-container\">\n\t\t\t\t\t\t\t<div class=\"elementor-shortcode\">\n<\/div>\n\t\t\t\t\t\t<\/div>\n\t\t\t\t<\/div>\n\t\t\t\t\t<\/div>\n\t\t<\/div>\n\t\t\t\t\t<\/div>\n\t\t<\/section>\n\t\t\t\t<section class=\"elementor-section elementor-top-section elementor-element elementor-element-b336d93 elementor-section-boxed elementor-section-height-default elementor-section-height-default\" data-id=\"b336d93\" data-element_type=\"section\">\n\t\t\t\t\t\t<div class=\"elementor-container elementor-column-gap-default\">\n\t\t\t\t\t<div class=\"elementor-column elementor-col-100 elementor-top-column elementor-element elementor-element-6847971\" data-id=\"6847971\" data-element_type=\"column\">\n\t\t\t<div class=\"elementor-widget-wrap elementor-element-populated\">\n\t\t\t\t\t\t<div class=\"elementor-element elementor-element-7f78594 elementor-absolute elementor-widget elementor-widget-heading\" data-id=\"7f78594\" data-element_type=\"widget\" data-settings=\"{&quot;_position&quot;:&quot;absolute&quot;}\" data-widget_type=\"heading.default\">\n\t\t\t\t<div class=\"elementor-widget-container\">\n\t\t\t\t\t<h2 class=\"elementor-heading-title elementor-size-xl\">Decis\u00f5es Judiciais<\/h2>\t\t\t\t<\/div>\n\t\t\t\t<\/div>\n\t\t\t\t<div class=\"elementor-element elementor-element-0fa6578 elementor-absolute elementor-widget elementor-widget-heading\" data-id=\"0fa6578\" data-element_type=\"widget\" data-settings=\"{&quot;_position&quot;:&quot;absolute&quot;}\" data-widget_type=\"heading.default\">\n\t\t\t\t<div class=\"elementor-widget-container\">\n\t\t\t\t\t<h2 class=\"elementor-heading-title elementor-size-xl\">Sedes<\/h2>\t\t\t\t<\/div>\n\t\t\t\t<\/div>\n\t\t\t\t<div class=\"elementor-element elementor-element-a8d90b7 elementor-widget elementor-widget-image\" data-id=\"a8d90b7\" data-element_type=\"widget\" data-widget_type=\"image.default\">\n\t\t\t\t<div class=\"elementor-widget-container\">\n\t\t\t\t\t\t\t\t\t\t\t\t\t\t\t<img decoding=\"async\" width=\"150\" height=\"150\" src=\"https:\/\/homologa.jfrs.jus.br\/memoria\/wp-content\/uploads\/2021\/11\/decor-home-3-150x150.png\" class=\"attachment-thumbnail size-thumbnail wp-image-141\" alt=\"\" srcset=\"https:\/\/homologa.jfrs.jus.br\/memoria\/wp-content\/uploads\/2021\/11\/decor-home-3-150x150.png 150w, https:\/\/homologa.jfrs.jus.br\/memoria\/wp-content\/uploads\/2021\/11\/decor-home-3-300x300.png 300w, https:\/\/homologa.jfrs.jus.br\/memoria\/wp-content\/uploads\/2021\/11\/decor-home-3-100x100.png 100w\" sizes=\"(max-width: 150px) 100vw, 150px\" \/>\t\t\t\t\t\t\t\t\t\t\t\t\t\t\t<\/div>\n\t\t\t\t<\/div>\n\t\t\t\t<div class=\"elementor-element elementor-element-18e55f9 elementor-absolute elementor-widget elementor-widget-heading\" data-id=\"18e55f9\" data-element_type=\"widget\" data-settings=\"{&quot;_position&quot;:&quot;absolute&quot;}\" data-widget_type=\"heading.default\">\n\t\t\t\t<div class=\"elementor-widget-container\">\n\t\t\t\t\t<h2 class=\"elementor-heading-title elementor-size-default\"><span style=\"font-size: 1.25rem;letter-spacing: 0.15px;text-align: center;white-space: normal\">Confira algumas das decis\u00f5es judiciais de grande relev\u00e2ncia proferidas na subse\u00e7\u00e3o<\/span><\/h2>\t\t\t\t<\/div>\n\t\t\t\t<\/div>\n\t\t\t\t<div class=\"elementor-element elementor-element-fd72a70 elementor-absolute elementor-widget elementor-widget-heading\" data-id=\"fd72a70\" data-element_type=\"widget\" data-settings=\"{&quot;_position&quot;:&quot;absolute&quot;}\" data-widget_type=\"heading.default\">\n\t\t\t\t<div class=\"elementor-widget-container\">\n\t\t\t\t\t<h2 class=\"elementor-heading-title elementor-size-default\"><span style=\"font-size: 1.25rem;letter-spacing: 0.15px;text-align: center;white-space: normal\">Confira os pr\u00e9dios que foram sede da subse\u00e7\u00e3o ao longo da hist\u00f3ria<\/span><\/h2>\t\t\t\t<\/div>\n\t\t\t\t<\/div>\n\t\t\t\t\t<\/div>\n\t\t<\/div>\n\t\t\t\t\t<\/div>\n\t\t<\/section>\n\t\t\t\t<section class=\"elementor-section elementor-top-section elementor-element elementor-element-c1ea2bc elementor-section-boxed elementor-section-height-default elementor-section-height-default\" data-id=\"c1ea2bc\" data-element_type=\"section\">\n\t\t\t\t\t\t<div class=\"elementor-container elementor-column-gap-default\">\n\t\t\t\t\t<div class=\"elementor-column elementor-col-100 elementor-top-column elementor-element elementor-element-5793e48\" data-id=\"5793e48\" data-element_type=\"column\">\n\t\t\t<div class=\"elementor-widget-wrap elementor-element-populated\">\n\t\t\t\t\t\t<div class=\"elementor-element elementor-element-3590bac elementor-widget elementor-widget-shortcode\" data-id=\"3590bac\" data-element_type=\"widget\" data-widget_type=\"shortcode.default\">\n\t\t\t\t<div class=\"elementor-widget-container\">\n\t\t\t\t\t\t\t<div class=\"elementor-shortcode\"><\/div>\n\t\t\t\t\t\t<\/div>\n\t\t\t\t<\/div>\n\t\t\t\t\t<\/div>\n\t\t<\/div>\n\t\t\t\t\t<\/div>\n\t\t<\/section>\n\t\t\t\t<section class=\"elementor-section elementor-top-section elementor-element elementor-element-3346a83 elementor-section-boxed elementor-section-height-default elementor-section-height-default\" data-id=\"3346a83\" data-element_type=\"section\">\n\t\t\t\t\t\t<div class=\"elementor-container elementor-column-gap-default\">\n\t\t\t\t\t<div class=\"elementor-column elementor-col-100 elementor-top-column elementor-element elementor-element-eaeb1f9\" data-id=\"eaeb1f9\" data-element_type=\"column\">\n\t\t\t<div class=\"elementor-widget-wrap elementor-element-populated\">\n\t\t\t\t\t\t<div class=\"elementor-element elementor-element-b33bde4 elementor-widget elementor-widget-image\" data-id=\"b33bde4\" data-element_type=\"widget\" data-widget_type=\"image.default\">\n\t\t\t\t<div class=\"elementor-widget-container\">\n\t\t\t\t\t\t\t\t\t\t\t\t\t\t\t<img decoding=\"async\" width=\"150\" height=\"150\" src=\"https:\/\/homologa.jfrs.jus.br\/memoria\/wp-content\/uploads\/2021\/11\/decor-home-3-150x150.png\" class=\"attachment-thumbnail size-thumbnail wp-image-141\" alt=\"\" srcset=\"https:\/\/homologa.jfrs.jus.br\/memoria\/wp-content\/uploads\/2021\/11\/decor-home-3-150x150.png 150w, https:\/\/homologa.jfrs.jus.br\/memoria\/wp-content\/uploads\/2021\/11\/decor-home-3-300x300.png 300w, https:\/\/homologa.jfrs.jus.br\/memoria\/wp-content\/uploads\/2021\/11\/decor-home-3-100x100.png 100w\" sizes=\"(max-width: 150px) 100vw, 150px\" \/>\t\t\t\t\t\t\t\t\t\t\t\t\t\t\t<\/div>\n\t\t\t\t<\/div>\n\t\t\t\t<div class=\"elementor-element elementor-element-af7b970 elementor-widget elementor-widget-text-editor\" data-id=\"af7b970\" data-element_type=\"widget\" data-widget_type=\"text-editor.default\">\n\t\t\t\t<div class=\"elementor-widget-container\">\n\t\t\t\t\t\t\t\t\t<p><span style=\"font-family: var( --e-global-typography-text-font-family), Sans-serif; font-weight: var( --e-global-typography-text-font-weight);\">\u00a0<\/span><\/p><p><span style=\"font-family: var( --e-global-typography-text-font-family), Sans-serif; font-weight: var( --e-global-typography-text-font-weight);\">A primeira sede da Subse\u00e7\u00e3o Judici\u00e1ria de Passo Fundo estava localizada na Avenida General Netto, n\u00ba 386. Hoje, a sede est\u00e1 instalada na Rua Ant\u00f4nio Ara\u00fajo, n\u00ba 1110.<\/span><\/p>\t\t\t\t\t\t\t\t<\/div>\n\t\t\t\t<\/div>\n\t\t\t\t<div class=\"elementor-element elementor-element-d866202 elementor-arrows-position-inside elementor-pagination-position-outside elementor-widget elementor-widget-image-carousel\" data-id=\"d866202\" data-element_type=\"widget\" data-settings=\"{&quot;slides_to_show&quot;:&quot;1&quot;,&quot;navigation&quot;:&quot;both&quot;,&quot;autoplay&quot;:&quot;yes&quot;,&quot;pause_on_hover&quot;:&quot;yes&quot;,&quot;pause_on_interaction&quot;:&quot;yes&quot;,&quot;autoplay_speed&quot;:5000,&quot;infinite&quot;:&quot;yes&quot;,&quot;effect&quot;:&quot;slide&quot;,&quot;speed&quot;:500}\" data-widget_type=\"image-carousel.default\">\n\t\t\t\t<div class=\"elementor-widget-container\">\n\t\t\t\t\t\t\t<div class=\"elementor-image-carousel-wrapper swiper\" role=\"region\" aria-roledescription=\"carousel\" aria-label=\"Carrossel de imagens\" dir=\"ltr\">\n\t\t\t<div class=\"elementor-image-carousel swiper-wrapper\" aria-live=\"off\">\n\t\t\t\t\t\t\t\t<div class=\"swiper-slide\" role=\"group\" aria-roledescription=\"slide\" aria-label=\"1 de 2\"><figure class=\"swiper-slide-inner\"><img decoding=\"async\" class=\"swiper-slide-image\" src=\"https:\/\/homologa.jfrs.jus.br\/memoria\/wp-content\/uploads\/2022\/11\/sede-1-3-768x514.jpg\" alt=\"Primeira sede da Justi\u00e7a Federal em Passo Fundo, Av. General Netto, n\u00ba 386.\" \/><figcaption class=\"elementor-image-carousel-caption\">Primeira sede da Justi\u00e7a Federal em Passo Fundo, Av. General Netto, n\u00ba 386.<\/figcaption><\/figure><\/div><div class=\"swiper-slide\" role=\"group\" aria-roledescription=\"slide\" aria-label=\"2 de 2\"><figure class=\"swiper-slide-inner\"><img decoding=\"async\" class=\"swiper-slide-image\" src=\"https:\/\/homologa.jfrs.jus.br\/memoria\/wp-content\/uploads\/2022\/11\/sede-2-3-768x514.jpg\" alt=\"Atual sede da JFRS de Passo Fundo, localizada na Rua Ant\u00f4nio Ara\u00fajo, n\u00ba 1110.\" \/><figcaption class=\"elementor-image-carousel-caption\">Atual sede da JFRS de Passo Fundo, localizada na Rua Ant\u00f4nio Ara\u00fajo, n\u00ba 1110.<\/figcaption><\/figure><\/div>\t\t\t<\/div>\n\t\t\t\t\t\t\t\t\t\t\t\t<div class=\"elementor-swiper-button elementor-swiper-button-prev\" role=\"button\" tabindex=\"0\">\n\t\t\t\t\t\t<i aria-hidden=\"true\" class=\"eicon-chevron-left\"><\/i>\t\t\t\t\t<\/div>\n\t\t\t\t\t<div class=\"elementor-swiper-button elementor-swiper-button-next\" role=\"button\" tabindex=\"0\">\n\t\t\t\t\t\t<i aria-hidden=\"true\" class=\"eicon-chevron-right\"><\/i>\t\t\t\t\t<\/div>\n\t\t\t\t\n\t\t\t\t\t\t\t\t\t<div class=\"swiper-pagination\"><\/div>\n\t\t\t\t\t\t\t\t\t<\/div>\n\t\t\t\t\t\t<\/div>\n\t\t\t\t<\/div>\n\t\t\t\t\t<\/div>\n\t\t<\/div>\n\t\t\t\t\t<\/div>\n\t\t<\/section>\n\t\t\t\t<section class=\"elementor-section elementor-top-section elementor-element elementor-element-500b1e1 elementor-section-boxed elementor-section-height-default elementor-section-height-default\" data-id=\"500b1e1\" data-element_type=\"section\">\n\t\t\t\t\t\t<div class=\"elementor-container elementor-column-gap-default\">\n\t\t\t\t\t<div class=\"elementor-column elementor-col-100 elementor-top-column elementor-element elementor-element-8dae93d\" data-id=\"8dae93d\" data-element_type=\"column\">\n\t\t\t<div class=\"elementor-widget-wrap\">\n\t\t\t\t\t\t\t<\/div>\n\t\t<\/div>\n\t\t\t\t\t<\/div>\n\t\t<\/section>\n\t\t\t\t<\/div>\n\t\t","protected":false},"excerpt":{"rendered":"<p>Passo Fundo Instala\u00e7\u00e3o da subse\u00e7\u00e3o A cidade de Passo Fundo recebeu sua primeira Vara Federal em 20 de junho de 1987, com implanta\u00e7\u00e3o originada pela Lei n\u00ba 7.631, de 17 de novembro de 1987, e por meio do Provimento n\u00ba [&hellip;]<\/p>\n","protected":false},"author":7,"featured_media":0,"parent":1969,"menu_order":0,"comment_status":"closed","ping_status":"closed","template":"","meta":{"footnotes":""},"class_list":["post-81251","page","type-page","status-publish","hentry"],"_links":{"self":[{"href":"https:\/\/homologa.jfrs.jus.br\/memoria\/wp-json\/wp\/v2\/pages\/81251","targetHints":{"allow":["GET"]}}],"collection":[{"href":"https:\/\/homologa.jfrs.jus.br\/memoria\/wp-json\/wp\/v2\/pages"}],"about":[{"href":"https:\/\/homologa.jfrs.jus.br\/memoria\/wp-json\/wp\/v2\/types\/page"}],"author":[{"embeddable":true,"href":"https:\/\/homologa.jfrs.jus.br\/memoria\/wp-json\/wp\/v2\/users\/7"}],"replies":[{"embeddable":true,"href":"https:\/\/homologa.jfrs.jus.br\/memoria\/wp-json\/wp\/v2\/comments?post=81251"}],"version-history":[{"count":15,"href":"https:\/\/homologa.jfrs.jus.br\/memoria\/wp-json\/wp\/v2\/pages\/81251\/revisions"}],"predecessor-version":[{"id":81455,"href":"https:\/\/homologa.jfrs.jus.br\/memoria\/wp-json\/wp\/v2\/pages\/81251\/revisions\/81455"}],"up":[{"embeddable":true,"href":"https:\/\/homologa.jfrs.jus.br\/memoria\/wp-json\/wp\/v2\/pages\/1969"}],"wp:attachment":[{"href":"https:\/\/homologa.jfrs.jus.br\/memoria\/wp-json\/wp\/v2\/media?parent=81251"}],"curies":[{"name":"wp","href":"https:\/\/api.w.org\/{rel}","templated":true}]}}