{"id":81130,"date":"2022-11-25T16:27:02","date_gmt":"2022-11-25T19:27:02","guid":{"rendered":"https:\/\/homologa.jfrs.jus.br\/memoria\/?page_id=81130"},"modified":"2022-12-07T15:56:23","modified_gmt":"2022-12-07T18:56:23","slug":"gravatai","status":"publish","type":"page","link":"https:\/\/homologa.jfrs.jus.br\/memoria\/historia\/subsecoes-judiciarias\/gravatai\/","title":{"rendered":"Gravata\u00ed"},"content":{"rendered":"\t\t<div data-elementor-type=\"wp-page\" data-elementor-id=\"81130\" class=\"elementor elementor-81130\">\n\t\t\t\t\t\t<section class=\"elementor-section elementor-top-section elementor-element elementor-element-39bc89b elementor-section-boxed elementor-section-height-default elementor-section-height-default\" data-id=\"39bc89b\" data-element_type=\"section\">\n\t\t\t\t\t\t<div class=\"elementor-container elementor-column-gap-default\">\n\t\t\t\t\t<div class=\"elementor-column elementor-col-100 elementor-top-column elementor-element elementor-element-8893121\" data-id=\"8893121\" data-element_type=\"column\">\n\t\t\t<div class=\"elementor-widget-wrap elementor-element-populated\">\n\t\t\t\t\t\t<div class=\"elementor-element elementor-element-4efe4af elementor-widget elementor-widget-heading\" data-id=\"4efe4af\" data-element_type=\"widget\" data-widget_type=\"heading.default\">\n\t\t\t\t<div class=\"elementor-widget-container\">\n\t\t\t\t\t<h2 class=\"elementor-heading-title elementor-size-xl\"><br>Gravata\u00ed<\/h2>\t\t\t\t<\/div>\n\t\t\t\t<\/div>\n\t\t\t\t<div class=\"elementor-element elementor-element-0065938 elementor-widget elementor-widget-heading\" data-id=\"0065938\" data-element_type=\"widget\" data-widget_type=\"heading.default\">\n\t\t\t\t<div class=\"elementor-widget-container\">\n\t\t\t\t\t<h2 class=\"elementor-heading-title elementor-size-large\"><br>Instala\u00e7\u00e3o da subse\u00e7\u00e3o<\/h2>\t\t\t\t<\/div>\n\t\t\t\t<\/div>\n\t\t\t\t\t<\/div>\n\t\t<\/div>\n\t\t\t\t\t<\/div>\n\t\t<\/section>\n\t\t\t\t<section class=\"elementor-section elementor-top-section elementor-element elementor-element-87a7d9a elementor-section-boxed elementor-section-height-default elementor-section-height-default\" data-id=\"87a7d9a\" data-element_type=\"section\">\n\t\t\t\t\t\t<div class=\"elementor-container elementor-column-gap-default\">\n\t\t\t\t\t<div class=\"elementor-column elementor-col-50 elementor-top-column elementor-element elementor-element-a8126f3\" data-id=\"a8126f3\" data-element_type=\"column\">\n\t\t\t<div class=\"elementor-widget-wrap elementor-element-populated\">\n\t\t\t\t\t\t<div class=\"elementor-element elementor-element-c0e55bb elementor-widget elementor-widget-text-editor\" data-id=\"c0e55bb\" data-element_type=\"widget\" data-widget_type=\"text-editor.default\">\n\t\t\t\t<div class=\"elementor-widget-container\">\n\t\t\t\t\t\t\t\t\t<p>\u00a0<\/p><p>O in\u00edcio da atua\u00e7\u00e3o da JFRS na cidade se deu atrav\u00e9s do Juizado Especial Federal Avan\u00e7ado (JEFA) de Gravata\u00ed, que atendia tamb\u00e9m a demandas de Cachoeirinha e Glorinha. Criado em 2008, o JEFA se tornou realidade com a assinatura de um conv\u00eanio entre a JFRS e a Prefeitura Municipal de Gravata\u00ed, que custeou a loca\u00e7\u00e3o do pr\u00e9dio no qual o Juizado Especial seria instalado, al\u00e9m de outras despesas. O JEFA foi extinto em 2011, quando o munic\u00edpio recebeu de fato uma Vara Federal e Juizado Especial Federal C\u00edvel.<\/p><p>Esta primeira Vara Federal surgiu em 04 de abril de 2011, criada pela <a href=\"https:\/\/memoria.jfrs.jus.br\/wp-content\/uploads\/2022\/11\/L12011.pdf\">Lei n\u00ba 12.011, de 4 de agosto de 2009<\/a>, e implantada e instalada pela <a href=\"https:\/\/memoria.jfrs.jus.br\/wp-content\/uploads\/2022\/11\/RESOL2011013.pdf\">Resolu\u00e7\u00e3o do TRF4 n\u00ba 13, de 9 de mar\u00e7o de 2011.<\/a><\/p><p>A solenidade de inaugura\u00e7\u00e3o foi presidida pelo Desembargador Federal Vilson Dar\u00f3s, \u00e0 \u00e9poca presidente do Tribunal Regional Federal da 4\u00aa Regi\u00e3o, e contou com a presen\u00e7a do Diretor do Foro da SJRS Juiz Federal Marcelo De Nardi, al\u00e9m do Juiz Federal Marcelo Cardozo da Silva, que foi nomeado Diretor do Foro da Subse\u00e7\u00e3o de Gravata\u00ed.<\/p><p>Em setembro de 2016 foram instaladas a 2\u00aa e 3\u00aa Varas Federais em Gravata\u00ed. Al\u00e9m delas, foi criado o Centro Judici\u00e1rio de Solu\u00e7\u00e3o de Conflitos e Cidadania (Cejuscon), setor especializado na pr\u00e1tica da concilia\u00e7\u00e3o, e que promove mutir\u00f5es regulares com o objetivo de solucionar lit\u00edgios por meio do di\u00e1logo e do consenso entre as partes.<\/p>\t\t\t\t\t\t\t\t<\/div>\n\t\t\t\t<\/div>\n\t\t\t\t\t<\/div>\n\t\t<\/div>\n\t\t\t\t<div class=\"elementor-column elementor-col-50 elementor-top-column elementor-element elementor-element-cbb74be\" data-id=\"cbb74be\" data-element_type=\"column\">\n\t\t\t<div class=\"elementor-widget-wrap elementor-element-populated\">\n\t\t\t\t\t\t<div class=\"elementor-element elementor-element-39fcb13 elementor-widget elementor-widget-image\" data-id=\"39fcb13\" data-element_type=\"widget\" data-widget_type=\"image.default\">\n\t\t\t\t<div class=\"elementor-widget-container\">\n\t\t\t\t\t\t\t\t\t\t\t\t<figure class=\"wp-caption\">\n\t\t\t\t\t\t\t\t\t\t\t<a href=\"https:\/\/memoria.jfrs.jus.br\/wp-content\/uploads\/2022\/11\/ata.png\" data-elementor-open-lightbox=\"yes\" data-elementor-lightbox-description=\"Ata de instala\u00e7\u00e3o da subse\u00e7\u00e3o jur\u00eddica de Gravata\u00ed\" data-e-action-hash=\"#elementor-action%3Aaction%3Dlightbox%26settings%3DeyJpZCI6ODExMzIsInVybCI6Imh0dHBzOlwvXC9ob21vbG9nYS5qZnJzLmp1cy5iclwvbWVtb3JpYVwvd3AtY29udGVudFwvdXBsb2Fkc1wvMjAyMlwvMTFcL2F0YS5wbmcifQ%3D%3D\">\n\t\t\t\t\t\t\t<img decoding=\"async\" src=\"https:\/\/homologa.jfrs.jus.br\/memoria\/wp-content\/uploads\/elementor\/thumbs\/ata-py3paauty10a9sxd6ep9hgrz8czxyjpik9kkd1vbfi.png\" title=\"\" alt=\"Ata de instala\u00e7\u00e3o da subse\u00e7\u00e3o jur\u00eddica de Gravata\u00ed\" loading=\"lazy\" \/>\t\t\t\t\t\t\t\t<\/a>\n\t\t\t\t\t\t\t\t\t\t\t<figcaption class=\"widget-image-caption wp-caption-text\">Ata de Instala\u00e7\u00e3o da 1\u00aa Vara Federal de Gravata\u00ed, em 04\/04\/2011.<\/figcaption>\n\t\t\t\t\t\t\t\t\t\t<\/figure>\n\t\t\t\t\t\t\t\t\t<\/div>\n\t\t\t\t<\/div>\n\t\t\t\t\t<\/div>\n\t\t<\/div>\n\t\t\t\t\t<\/div>\n\t\t<\/section>\n\t\t\t\t<section class=\"elementor-section elementor-top-section elementor-element elementor-element-07ed449 elementor-section-boxed elementor-section-height-default elementor-section-height-default\" data-id=\"07ed449\" data-element_type=\"section\">\n\t\t\t\t\t\t<div class=\"elementor-container elementor-column-gap-default\">\n\t\t\t\t\t<div class=\"elementor-column elementor-col-100 elementor-top-column elementor-element elementor-element-c5ba6ce\" data-id=\"c5ba6ce\" data-element_type=\"column\">\n\t\t\t<div class=\"elementor-widget-wrap elementor-element-populated\">\n\t\t\t\t\t\t<div class=\"elementor-element elementor-element-7b55b01 elementor-absolute elementor-widget elementor-widget-heading\" data-id=\"7b55b01\" data-element_type=\"widget\" data-settings=\"{&quot;_position&quot;:&quot;absolute&quot;}\" data-widget_type=\"heading.default\">\n\t\t\t\t<div class=\"elementor-widget-container\">\n\t\t\t\t\t<h2 class=\"elementor-heading-title elementor-size-default\">Eventos<\/h2>\t\t\t\t<\/div>\n\t\t\t\t<\/div>\n\t\t\t\t<div class=\"elementor-element elementor-element-55c3d6d elementor-absolute elementor-widget elementor-widget-heading\" data-id=\"55c3d6d\" data-element_type=\"widget\" data-settings=\"{&quot;_position&quot;:&quot;absolute&quot;}\" data-widget_type=\"heading.default\">\n\t\t\t\t<div class=\"elementor-widget-container\">\n\t\t\t\t\t<h2 class=\"elementor-heading-title elementor-size-default\"><span style=\"font-size: 1.25rem;letter-spacing: 0.15px;text-align: center\">Veja abaixo alguns eventos rememorados por membros das equipes que atuam ou atuaram na subse\u00e7\u00e3o<\/span><\/h2>\t\t\t\t<\/div>\n\t\t\t\t<\/div>\n\t\t\t\t\t<\/div>\n\t\t<\/div>\n\t\t\t\t\t<\/div>\n\t\t<\/section>\n\t\t\t\t<section class=\"elementor-section elementor-top-section elementor-element elementor-element-24e3b4e elementor-section-boxed elementor-section-height-default elementor-section-height-default\" data-id=\"24e3b4e\" data-element_type=\"section\">\n\t\t\t\t\t\t<div class=\"elementor-container elementor-column-gap-default\">\n\t\t\t\t\t<div class=\"elementor-column elementor-col-100 elementor-top-column elementor-element elementor-element-60bd998\" data-id=\"60bd998\" data-element_type=\"column\">\n\t\t\t<div class=\"elementor-widget-wrap elementor-element-populated\">\n\t\t\t\t\t\t<div class=\"elementor-element elementor-element-93ec7b4 elementor-widget elementor-widget-image\" data-id=\"93ec7b4\" data-element_type=\"widget\" data-widget_type=\"image.default\">\n\t\t\t\t<div class=\"elementor-widget-container\">\n\t\t\t\t\t\t\t\t\t\t\t\t\t\t\t<img decoding=\"async\" width=\"150\" height=\"150\" src=\"https:\/\/homologa.jfrs.jus.br\/memoria\/wp-content\/uploads\/2021\/11\/decor-home-3-150x150.png\" class=\"attachment-thumbnail size-thumbnail wp-image-141\" alt=\"\" srcset=\"https:\/\/homologa.jfrs.jus.br\/memoria\/wp-content\/uploads\/2021\/11\/decor-home-3-150x150.png 150w, https:\/\/homologa.jfrs.jus.br\/memoria\/wp-content\/uploads\/2021\/11\/decor-home-3-300x300.png 300w, https:\/\/homologa.jfrs.jus.br\/memoria\/wp-content\/uploads\/2021\/11\/decor-home-3-100x100.png 100w\" sizes=\"(max-width: 150px) 100vw, 150px\" \/>\t\t\t\t\t\t\t\t\t\t\t\t\t\t\t<\/div>\n\t\t\t\t<\/div>\n\t\t\t\t<div class=\"elementor-element elementor-element-8980094 elementor-widget elementor-widget-shortcode\" data-id=\"8980094\" data-element_type=\"widget\" data-widget_type=\"shortcode.default\">\n\t\t\t\t<div class=\"elementor-widget-container\">\n\t\t\t\t\t\t\t<div class=\"elementor-shortcode\">\n\n<\/div>\n\t\t\t\t\t\t<\/div>\n\t\t\t\t<\/div>\n\t\t\t\t\t<\/div>\n\t\t<\/div>\n\t\t\t\t\t<\/div>\n\t\t<\/section>\n\t\t\t\t<section class=\"elementor-section elementor-top-section elementor-element elementor-element-621c2a9 elementor-section-boxed elementor-section-height-default elementor-section-height-default\" data-id=\"621c2a9\" data-element_type=\"section\">\n\t\t\t\t\t\t<div class=\"elementor-container elementor-column-gap-default\">\n\t\t\t\t\t<div class=\"elementor-column elementor-col-100 elementor-top-column elementor-element elementor-element-3ec745a\" data-id=\"3ec745a\" data-element_type=\"column\">\n\t\t\t<div class=\"elementor-widget-wrap elementor-element-populated\">\n\t\t\t\t\t\t<div class=\"elementor-element elementor-element-b4f1c8f elementor-absolute elementor-widget elementor-widget-heading\" data-id=\"b4f1c8f\" data-element_type=\"widget\" data-settings=\"{&quot;_position&quot;:&quot;absolute&quot;}\" data-widget_type=\"heading.default\">\n\t\t\t\t<div class=\"elementor-widget-container\">\n\t\t\t\t\t<h2 class=\"elementor-heading-title elementor-size-default\">Sedes<\/h2>\t\t\t\t<\/div>\n\t\t\t\t<\/div>\n\t\t\t\t<div class=\"elementor-element elementor-element-48e63db elementor-widget elementor-widget-image\" data-id=\"48e63db\" data-element_type=\"widget\" data-widget_type=\"image.default\">\n\t\t\t\t<div class=\"elementor-widget-container\">\n\t\t\t\t\t\t\t\t\t\t\t\t\t\t\t<img decoding=\"async\" width=\"150\" height=\"150\" src=\"https:\/\/homologa.jfrs.jus.br\/memoria\/wp-content\/uploads\/2021\/11\/decor-home-3-150x150.png\" class=\"attachment-thumbnail size-thumbnail wp-image-141\" alt=\"\" srcset=\"https:\/\/homologa.jfrs.jus.br\/memoria\/wp-content\/uploads\/2021\/11\/decor-home-3-150x150.png 150w, https:\/\/homologa.jfrs.jus.br\/memoria\/wp-content\/uploads\/2021\/11\/decor-home-3-300x300.png 300w, https:\/\/homologa.jfrs.jus.br\/memoria\/wp-content\/uploads\/2021\/11\/decor-home-3-100x100.png 100w\" sizes=\"(max-width: 150px) 100vw, 150px\" \/>\t\t\t\t\t\t\t\t\t\t\t\t\t\t\t<\/div>\n\t\t\t\t<\/div>\n\t\t\t\t<div class=\"elementor-element elementor-element-a2fc4d7 elementor-absolute elementor-widget elementor-widget-heading\" data-id=\"a2fc4d7\" data-element_type=\"widget\" data-settings=\"{&quot;_position&quot;:&quot;absolute&quot;}\" data-widget_type=\"heading.default\">\n\t\t\t\t<div class=\"elementor-widget-container\">\n\t\t\t\t\t<h2 class=\"elementor-heading-title elementor-size-default\">Confira os pr\u00e9dios que foram sede da subse\u00e7\u00e3o ao longo de sua hist\u00f3ria<\/h2>\t\t\t\t<\/div>\n\t\t\t\t<\/div>\n\t\t\t\t\t<\/div>\n\t\t<\/div>\n\t\t\t\t\t<\/div>\n\t\t<\/section>\n\t\t\t\t<section class=\"elementor-section elementor-top-section elementor-element elementor-element-8130797 elementor-section-boxed elementor-section-height-default elementor-section-height-default\" data-id=\"8130797\" data-element_type=\"section\">\n\t\t\t\t\t\t<div class=\"elementor-container elementor-column-gap-default\">\n\t\t\t\t\t<div class=\"elementor-column elementor-col-100 elementor-top-column elementor-element elementor-element-20c4f42\" data-id=\"20c4f42\" data-element_type=\"column\">\n\t\t\t<div class=\"elementor-widget-wrap elementor-element-populated\">\n\t\t\t\t\t\t<div class=\"elementor-element elementor-element-9c93507 elementor-widget elementor-widget-text-editor\" data-id=\"9c93507\" data-element_type=\"widget\" data-widget_type=\"text-editor.default\">\n\t\t\t\t<div class=\"elementor-widget-container\">\n\t\t\t\t\t\t\t\t\t<p>A primeira Vara Federal de Gravata\u00ed foi instalada na Rua Irm\u00e3 Madre Marta Maria, n\u00ba 14, pr\u00f3xima ao f\u00f3rum estadual no munic\u00edpio. A segunda sede da Justi\u00e7a Federal em Gravata\u00ed \u00e9 tamb\u00e9m sua atual, encontrando-se na Rua Barbosa Filho, n\u00ba 482, bairro Salgado Filho, e foi inaugurada em cerim\u00f4nia de 13 de agosto de 2015. Esta nova unidade \u201cnasceu eletr\u00f4nica\u201d, visto que todos seus processos passaram a ser virtuais, utilizando o processo eletr\u00f4nico judicial \u2013 Eproc.<\/p><p>O novo pr\u00e9dio-sede da Justi\u00e7a Federal em Gravata\u00ed \u00e9 adaptado a quest\u00f5es de acessibilidade, contendo 1.219,30 m\u00b2 distribu\u00eddos em dois pavimentos e portando elevador. Em um s\u00f3 pr\u00e9dio, est\u00e3o situadas a Central de Atendimento ao P\u00fablico (CAP), as salas da Assist\u00eancia Judici\u00e1ria Volunt\u00e1ria e da OAB, o espa\u00e7o do Cejuscon, as tr\u00eas Varas Federais, a Central de Mandados e a Contadoria, al\u00e9m de salas de audi\u00eancias e para videoconfer\u00eancias, audit\u00f3rio, salas de per\u00edcias, arquivo e todas as instala\u00e7\u00f5es necess\u00e1rias para atua\u00e7\u00e3o administrativa.<\/p>\t\t\t\t\t\t\t\t<\/div>\n\t\t\t\t<\/div>\n\t\t\t\t\t<\/div>\n\t\t<\/div>\n\t\t\t\t\t<\/div>\n\t\t<\/section>\n\t\t\t\t<section class=\"elementor-section elementor-top-section elementor-element elementor-element-428823d elementor-section-boxed elementor-section-height-default elementor-section-height-default\" data-id=\"428823d\" data-element_type=\"section\">\n\t\t\t\t\t\t<div class=\"elementor-container elementor-column-gap-default\">\n\t\t\t\t\t<div class=\"elementor-column elementor-col-100 elementor-top-column elementor-element elementor-element-8a1b9ca\" data-id=\"8a1b9ca\" data-element_type=\"column\">\n\t\t\t<div class=\"elementor-widget-wrap elementor-element-populated\">\n\t\t\t\t\t\t<div class=\"elementor-element elementor-element-49e7599 elementor-arrows-position-inside elementor-pagination-position-outside elementor-widget elementor-widget-image-carousel\" data-id=\"49e7599\" data-element_type=\"widget\" data-settings=\"{&quot;slides_to_show&quot;:&quot;1&quot;,&quot;navigation&quot;:&quot;both&quot;,&quot;autoplay&quot;:&quot;yes&quot;,&quot;pause_on_hover&quot;:&quot;yes&quot;,&quot;pause_on_interaction&quot;:&quot;yes&quot;,&quot;autoplay_speed&quot;:5000,&quot;infinite&quot;:&quot;yes&quot;,&quot;effect&quot;:&quot;slide&quot;,&quot;speed&quot;:500}\" data-widget_type=\"image-carousel.default\">\n\t\t\t\t<div class=\"elementor-widget-container\">\n\t\t\t\t\t\t\t<div class=\"elementor-image-carousel-wrapper swiper\" role=\"region\" aria-roledescription=\"carousel\" aria-label=\"Carrossel de imagens\" dir=\"ltr\">\n\t\t\t<div class=\"elementor-image-carousel swiper-wrapper\" aria-live=\"off\">\n\t\t\t\t\t\t\t\t<div class=\"swiper-slide\" role=\"group\" aria-roledescription=\"slide\" aria-label=\"1 de 2\"><figure class=\"swiper-slide-inner\"><img decoding=\"async\" class=\"swiper-slide-image\" src=\"https:\/\/homologa.jfrs.jus.br\/memoria\/wp-content\/uploads\/2022\/11\/sede-1-1-768x514.jpg\" alt=\"Primeira Sede da JFRS em Gravata\u00ed, Rua Irm\u00e3 Madre Marta Maria, n\u00ba 14\" \/><figcaption class=\"elementor-image-carousel-caption\">Primeira Sede da JFRS em Gravata\u00ed, Rua Irm\u00e3 Madre Marta Maria, n\u00ba 14<\/figcaption><\/figure><\/div><div class=\"swiper-slide\" role=\"group\" aria-roledescription=\"slide\" aria-label=\"2 de 2\"><figure class=\"swiper-slide-inner\"><img decoding=\"async\" class=\"swiper-slide-image\" src=\"https:\/\/homologa.jfrs.jus.br\/memoria\/wp-content\/uploads\/2022\/11\/sede-2-1-768x512.jpg\" alt=\"Atual sede da JFRS em Gravata\u00ed, inaugurada em 2015, situada na Rua Barbosa Filho, n\u00ba 482\" \/><figcaption class=\"elementor-image-carousel-caption\">Atual sede da JFRS em Gravata\u00ed, inaugurada em 2015, situada na Rua Barbosa Filho, n\u00ba 482<\/figcaption><\/figure><\/div>\t\t\t<\/div>\n\t\t\t\t\t\t\t\t\t\t\t\t<div class=\"elementor-swiper-button elementor-swiper-button-prev\" role=\"button\" tabindex=\"0\">\n\t\t\t\t\t\t<i aria-hidden=\"true\" class=\"eicon-chevron-left\"><\/i>\t\t\t\t\t<\/div>\n\t\t\t\t\t<div class=\"elementor-swiper-button elementor-swiper-button-next\" role=\"button\" tabindex=\"0\">\n\t\t\t\t\t\t<i aria-hidden=\"true\" class=\"eicon-chevron-right\"><\/i>\t\t\t\t\t<\/div>\n\t\t\t\t\n\t\t\t\t\t\t\t\t\t<div class=\"swiper-pagination\"><\/div>\n\t\t\t\t\t\t\t\t\t<\/div>\n\t\t\t\t\t\t<\/div>\n\t\t\t\t<\/div>\n\t\t\t\t\t<\/div>\n\t\t<\/div>\n\t\t\t\t\t<\/div>\n\t\t<\/section>\n\t\t\t\t<\/div>\n\t\t","protected":false},"excerpt":{"rendered":"<p>Gravata\u00ed Instala\u00e7\u00e3o da subse\u00e7\u00e3o \u00a0 O in\u00edcio da atua\u00e7\u00e3o da JFRS na cidade se deu atrav\u00e9s do Juizado Especial Federal Avan\u00e7ado (JEFA) de Gravata\u00ed, que atendia tamb\u00e9m a demandas de Cachoeirinha e Glorinha. Criado em 2008, o JEFA se tornou [&hellip;]<\/p>\n","protected":false},"author":7,"featured_media":0,"parent":1969,"menu_order":0,"comment_status":"closed","ping_status":"closed","template":"","meta":{"footnotes":""},"class_list":["post-81130","page","type-page","status-publish","hentry"],"_links":{"self":[{"href":"https:\/\/homologa.jfrs.jus.br\/memoria\/wp-json\/wp\/v2\/pages\/81130","targetHints":{"allow":["GET"]}}],"collection":[{"href":"https:\/\/homologa.jfrs.jus.br\/memoria\/wp-json\/wp\/v2\/pages"}],"about":[{"href":"https:\/\/homologa.jfrs.jus.br\/memoria\/wp-json\/wp\/v2\/types\/page"}],"author":[{"embeddable":true,"href":"https:\/\/homologa.jfrs.jus.br\/memoria\/wp-json\/wp\/v2\/users\/7"}],"replies":[{"embeddable":true,"href":"https:\/\/homologa.jfrs.jus.br\/memoria\/wp-json\/wp\/v2\/comments?post=81130"}],"version-history":[{"count":15,"href":"https:\/\/homologa.jfrs.jus.br\/memoria\/wp-json\/wp\/v2\/pages\/81130\/revisions"}],"predecessor-version":[{"id":81440,"href":"https:\/\/homologa.jfrs.jus.br\/memoria\/wp-json\/wp\/v2\/pages\/81130\/revisions\/81440"}],"up":[{"embeddable":true,"href":"https:\/\/homologa.jfrs.jus.br\/memoria\/wp-json\/wp\/v2\/pages\/1969"}],"wp:attachment":[{"href":"https:\/\/homologa.jfrs.jus.br\/memoria\/wp-json\/wp\/v2\/media?parent=81130"}],"curies":[{"name":"wp","href":"https:\/\/api.w.org\/{rel}","templated":true}]}}