{"id":81034,"date":"2022-11-23T14:30:18","date_gmt":"2022-11-23T17:30:18","guid":{"rendered":"https:\/\/homologa.jfrs.jus.br\/memoria\/?page_id=81034"},"modified":"2022-12-01T18:03:56","modified_gmt":"2022-12-01T21:03:56","slug":"bage","status":"publish","type":"page","link":"https:\/\/homologa.jfrs.jus.br\/memoria\/historia\/subsecoes-judiciarias\/bage\/","title":{"rendered":"Bag\u00e9"},"content":{"rendered":"\t\t<div data-elementor-type=\"wp-page\" data-elementor-id=\"81034\" class=\"elementor elementor-81034\">\n\t\t\t\t\t\t<section class=\"elementor-section elementor-top-section elementor-element elementor-element-b0ccbbf elementor-section-boxed elementor-section-height-default elementor-section-height-default\" data-id=\"b0ccbbf\" data-element_type=\"section\">\n\t\t\t\t\t\t<div class=\"elementor-container elementor-column-gap-default\">\n\t\t\t\t\t<div class=\"elementor-column elementor-col-100 elementor-top-column elementor-element elementor-element-8985b91\" data-id=\"8985b91\" data-element_type=\"column\">\n\t\t\t<div class=\"elementor-widget-wrap elementor-element-populated\">\n\t\t\t\t\t\t<div class=\"elementor-element elementor-element-af0fff2 elementor-widget elementor-widget-heading\" data-id=\"af0fff2\" data-element_type=\"widget\" data-widget_type=\"heading.default\">\n\t\t\t\t<div class=\"elementor-widget-container\">\n\t\t\t\t\t<h1 class=\"elementor-heading-title elementor-size-default\">Bag\u00e9<\/h1>\t\t\t\t<\/div>\n\t\t\t\t<\/div>\n\t\t\t\t\t<\/div>\n\t\t<\/div>\n\t\t\t\t\t<\/div>\n\t\t<\/section>\n\t\t\t\t<section class=\"elementor-section elementor-top-section elementor-element elementor-element-103ff3c elementor-section-boxed elementor-section-height-default elementor-section-height-default\" data-id=\"103ff3c\" data-element_type=\"section\">\n\t\t\t\t\t\t<div class=\"elementor-container elementor-column-gap-default\">\n\t\t\t\t\t<div class=\"elementor-column elementor-col-100 elementor-top-column elementor-element elementor-element-e6a1946\" data-id=\"e6a1946\" data-element_type=\"column\">\n\t\t\t<div class=\"elementor-widget-wrap elementor-element-populated\">\n\t\t\t\t\t\t<div class=\"elementor-element elementor-element-0b1da73 elementor-widget elementor-widget-heading\" data-id=\"0b1da73\" data-element_type=\"widget\" data-widget_type=\"heading.default\">\n\t\t\t\t<div class=\"elementor-widget-container\">\n\t\t\t\t\t<h2 class=\"elementor-heading-title elementor-size-default\"><br>Instala\u00e7\u00e3o da subse\u00e7\u00e3o<\/h2>\t\t\t\t<\/div>\n\t\t\t\t<\/div>\n\t\t\t\t\t<\/div>\n\t\t<\/div>\n\t\t\t\t\t<\/div>\n\t\t<\/section>\n\t\t\t\t<section class=\"elementor-section elementor-top-section elementor-element elementor-element-9b84800 elementor-section-boxed elementor-section-height-default elementor-section-height-default\" data-id=\"9b84800\" data-element_type=\"section\">\n\t\t\t\t\t\t<div class=\"elementor-container elementor-column-gap-default\">\n\t\t\t\t\t<div class=\"elementor-column elementor-col-33 elementor-top-column elementor-element elementor-element-53436d1\" data-id=\"53436d1\" data-element_type=\"column\">\n\t\t\t<div class=\"elementor-widget-wrap elementor-element-populated\">\n\t\t\t\t\t\t<div class=\"elementor-element elementor-element-a552c01 elementor-widget elementor-widget-text-editor\" data-id=\"a552c01\" data-element_type=\"widget\" data-widget_type=\"text-editor.default\">\n\t\t\t\t<div class=\"elementor-widget-container\">\n\t\t\t\t\t\t\t\t\t<p>O munic\u00edpio de Bag\u00e9 recebeu sua primeira Vara Federal em 10 de setembro de 1993, criada pela<a href=\"https:\/\/memoria.jfrs.jus.br\/wp-content\/uploads\/2022\/11\/L8424.pdf\"> Lei n\u00ba 8.424, de 19 de maio de 1992.<\/a> A aprova\u00e7\u00e3o da instala\u00e7\u00e3o ocorreu pela <a href=\"https:\/\/memoria.jfrs.jus.br\/wp-content\/uploads\/2022\/11\/RESOL199301.pdf\">Resolu\u00e7\u00e3o do Tribunal Regional Federal da 4\u00aa Regi\u00e3o n\u00ba 1, de 1\u00ba de fevereiro de 1993<\/a>, e a implanta\u00e7\u00e3o se deu pela <a href=\"https:\/\/memoria.jfrs.jus.br\/wp-content\/uploads\/2022\/11\/RESOL1993055.pdf\">Resolu\u00e7\u00e3o do TRF4 n\u00ba 55, de 30 de agosto de 1993<\/a>).<\/p><p>A solenidade de instala\u00e7\u00e3o foi presidida pelo Desembargador Federal Gilson Langaro Dipp, Presidente do Tribunal Regional Federal da 4\u00aa Regi\u00e3o. O Juiz Federal Vilson Dar\u00f3s, Diretor do Foro da Se\u00e7\u00e3o Judici\u00e1ria do Rio Grande do Sul estava acompanhado do Juiz Federal Luiz Cl\u00e1udio Flores da Cunha, que foi o primeiro Diretor do Foro da Subse\u00e7\u00e3o Judici\u00e1ria de Bag\u00e9.<\/p>\t\t\t\t\t\t\t\t<\/div>\n\t\t\t\t<\/div>\n\t\t\t\t\t<\/div>\n\t\t<\/div>\n\t\t\t\t<div class=\"elementor-column elementor-col-66 elementor-top-column elementor-element elementor-element-6894da8\" data-id=\"6894da8\" data-element_type=\"column\">\n\t\t\t<div class=\"elementor-widget-wrap elementor-element-populated\">\n\t\t\t\t\t\t<div class=\"elementor-element elementor-element-46bbe7b elementor-arrows-position-inside elementor-pagination-position-outside elementor-widget elementor-widget-image-carousel\" data-id=\"46bbe7b\" data-element_type=\"widget\" data-settings=\"{&quot;slides_to_show&quot;:&quot;1&quot;,&quot;navigation&quot;:&quot;both&quot;,&quot;autoplay&quot;:&quot;yes&quot;,&quot;pause_on_hover&quot;:&quot;yes&quot;,&quot;pause_on_interaction&quot;:&quot;yes&quot;,&quot;autoplay_speed&quot;:5000,&quot;infinite&quot;:&quot;yes&quot;,&quot;effect&quot;:&quot;slide&quot;,&quot;speed&quot;:500}\" data-widget_type=\"image-carousel.default\">\n\t\t\t\t<div class=\"elementor-widget-container\">\n\t\t\t\t\t\t\t<div class=\"elementor-image-carousel-wrapper swiper\" role=\"region\" aria-roledescription=\"carousel\" aria-label=\"Carrossel de imagens\" dir=\"ltr\">\n\t\t\t<div class=\"elementor-image-carousel swiper-wrapper\" aria-live=\"off\">\n\t\t\t\t\t\t\t\t<div class=\"swiper-slide\" role=\"group\" aria-roledescription=\"slide\" aria-label=\"1 de 2\"><figure class=\"swiper-slide-inner\"><img decoding=\"async\" class=\"swiper-slide-image\" src=\"https:\/\/homologa.jfrs.jus.br\/memoria\/wp-content\/uploads\/elementor\/thumbs\/ata-1-pxv1au1ksspmm6ro0cb2esy4oy0g9xtk2oi5yyi930.jpg\" alt=\"ata 1\" \/><figcaption class=\"elementor-image-carousel-caption\">Ata de implanta\u00e7\u00e3o da Vara Federal de Bag\u00e9, 10\/09\/1993.<\/figcaption><\/figure><\/div><div class=\"swiper-slide\" role=\"group\" aria-roledescription=\"slide\" aria-label=\"2 de 2\"><figure class=\"swiper-slide-inner\"><img decoding=\"async\" class=\"swiper-slide-image\" src=\"https:\/\/homologa.jfrs.jus.br\/memoria\/wp-content\/uploads\/elementor\/thumbs\/ata-2-pxv1auzezmqwxsqauupozaplabvthmxaet5ng8guk0.jpg\" alt=\"ata 2\" \/><\/figure><\/div>\t\t\t<\/div>\n\t\t\t\t\t\t\t\t\t\t\t\t<div class=\"elementor-swiper-button elementor-swiper-button-prev\" role=\"button\" tabindex=\"0\">\n\t\t\t\t\t\t<i aria-hidden=\"true\" class=\"eicon-chevron-left\"><\/i>\t\t\t\t\t<\/div>\n\t\t\t\t\t<div class=\"elementor-swiper-button elementor-swiper-button-next\" role=\"button\" tabindex=\"0\">\n\t\t\t\t\t\t<i aria-hidden=\"true\" class=\"eicon-chevron-right\"><\/i>\t\t\t\t\t<\/div>\n\t\t\t\t\n\t\t\t\t\t\t\t\t\t<div class=\"swiper-pagination\"><\/div>\n\t\t\t\t\t\t\t\t\t<\/div>\n\t\t\t\t\t\t<\/div>\n\t\t\t\t<\/div>\n\t\t\t\t\t<\/div>\n\t\t<\/div>\n\t\t\t\t\t<\/div>\n\t\t<\/section>\n\t\t\t\t<section class=\"elementor-section elementor-top-section elementor-element elementor-element-7bb0bdf elementor-section-boxed elementor-section-height-default elementor-section-height-default\" data-id=\"7bb0bdf\" data-element_type=\"section\">\n\t\t\t\t\t\t<div class=\"elementor-container elementor-column-gap-default\">\n\t\t\t\t\t<div class=\"elementor-column elementor-col-100 elementor-top-column elementor-element elementor-element-218a616\" data-id=\"218a616\" data-element_type=\"column\">\n\t\t\t<div class=\"elementor-widget-wrap elementor-element-populated\">\n\t\t\t\t\t\t<div class=\"elementor-element elementor-element-571b11d elementor-widget elementor-widget-image\" data-id=\"571b11d\" data-element_type=\"widget\" data-widget_type=\"image.default\">\n\t\t\t\t<div class=\"elementor-widget-container\">\n\t\t\t\t\t\t\t\t\t\t\t\t\t\t\t<img decoding=\"async\" width=\"150\" height=\"150\" src=\"https:\/\/homologa.jfrs.jus.br\/memoria\/wp-content\/uploads\/2021\/11\/decor-home-3-150x150.png\" class=\"attachment-thumbnail size-thumbnail wp-image-141\" alt=\"\" srcset=\"https:\/\/homologa.jfrs.jus.br\/memoria\/wp-content\/uploads\/2021\/11\/decor-home-3-150x150.png 150w, https:\/\/homologa.jfrs.jus.br\/memoria\/wp-content\/uploads\/2021\/11\/decor-home-3-300x300.png 300w, https:\/\/homologa.jfrs.jus.br\/memoria\/wp-content\/uploads\/2021\/11\/decor-home-3-100x100.png 100w\" sizes=\"(max-width: 150px) 100vw, 150px\" \/>\t\t\t\t\t\t\t\t\t\t\t\t\t\t\t<\/div>\n\t\t\t\t<\/div>\n\t\t\t\t<div class=\"elementor-element elementor-element-b6fe2cd elementor-invisible elementor-widget elementor-widget-heading\" data-id=\"b6fe2cd\" data-element_type=\"widget\" data-settings=\"{&quot;_animation&quot;:&quot;fadeIn&quot;,&quot;_animation_delay&quot;:150}\" data-widget_type=\"heading.default\">\n\t\t\t\t<div class=\"elementor-widget-container\">\n\t\t\t\t\t<h2 class=\"elementor-heading-title elementor-size-default\"><span style=\"font-size: 1.25rem;letter-spacing: 0.15px\">Veja abaixo alguns eventos rememorados por membros das equipes que atuam ou atuaram na subse\u00e7\u00e3o<\/span><\/h2>\t\t\t\t<\/div>\n\t\t\t\t<\/div>\n\t\t\t\t<div class=\"elementor-element elementor-element-9946825 elementor-widget__width-initial elementor-absolute elementor-invisible elementor-widget elementor-widget-heading\" data-id=\"9946825\" data-element_type=\"widget\" data-settings=\"{&quot;_position&quot;:&quot;absolute&quot;,&quot;_animation&quot;:&quot;fadeIn&quot;,&quot;_animation_delay&quot;:100}\" data-widget_type=\"heading.default\">\n\t\t\t\t<div class=\"elementor-widget-container\">\n\t\t\t\t\t<h2 class=\"elementor-heading-title elementor-size-default\">Eventos<\/h2>\t\t\t\t<\/div>\n\t\t\t\t<\/div>\n\t\t\t\t<div class=\"elementor-element elementor-element-7ad7d67 elementor-widget__width-initial elementor-absolute elementor-invisible elementor-widget elementor-widget-heading\" data-id=\"7ad7d67\" data-element_type=\"widget\" data-settings=\"{&quot;_position&quot;:&quot;absolute&quot;,&quot;_animation&quot;:&quot;fadeIn&quot;,&quot;_animation_delay&quot;:100}\" data-widget_type=\"heading.default\">\n\t\t\t\t<div class=\"elementor-widget-container\">\n\t\t\t\t\t<h2 class=\"elementor-heading-title elementor-size-default\">Decis\u00f5es judiciais<\/h2>\t\t\t\t<\/div>\n\t\t\t\t<\/div>\n\t\t\t\t<div class=\"elementor-element elementor-element-83d0143 elementor-absolute elementor-invisible elementor-widget elementor-widget-heading\" data-id=\"83d0143\" data-element_type=\"widget\" data-settings=\"{&quot;_position&quot;:&quot;absolute&quot;,&quot;_animation&quot;:&quot;fadeIn&quot;,&quot;_animation_delay&quot;:100}\" data-widget_type=\"heading.default\">\n\t\t\t\t<div class=\"elementor-widget-container\">\n\t\t\t\t\t<h2 class=\"elementor-heading-title elementor-size-default\">Sedes<\/h2>\t\t\t\t<\/div>\n\t\t\t\t<\/div>\n\t\t\t\t\t<\/div>\n\t\t<\/div>\n\t\t\t\t\t<\/div>\n\t\t<\/section>\n\t\t\t\t<section class=\"elementor-section elementor-top-section elementor-element elementor-element-eedf1da elementor-section-boxed elementor-section-height-default elementor-section-height-default\" data-id=\"eedf1da\" data-element_type=\"section\">\n\t\t\t\t\t\t<div class=\"elementor-container elementor-column-gap-default\">\n\t\t\t\t\t<div class=\"elementor-column elementor-col-100 elementor-top-column elementor-element elementor-element-deafdec\" data-id=\"deafdec\" data-element_type=\"column\">\n\t\t\t<div class=\"elementor-widget-wrap elementor-element-populated\">\n\t\t\t\t\t\t<div class=\"elementor-element elementor-element-8ae1d5c elementor-widget elementor-widget-text-editor\" data-id=\"8ae1d5c\" data-element_type=\"widget\" data-widget_type=\"text-editor.default\">\n\t\t\t\t<div class=\"elementor-widget-container\">\n\t\t\t\t\t\t\t\t\t<p><span style=\"font-family: var( --e-global-typography-text-font-family), Sans-serif; font-weight: var( --e-global-typography-text-font-weight);\">Atentos aos efeitos que a crise sanit\u00e1ria causada pela pandemia do Covid-19 provocou no munic\u00edpio de Bag\u00e9, ju\u00edza, servidores e estagi\u00e1rios da Justi\u00e7a Federal se mobilizaram, mesmo \u00e0 dist\u00e2ncia, em uma a\u00e7\u00e3o solid\u00e1ria voltada para uma institui\u00e7\u00e3o de geriatria. A iniciativa surgiu em decorr\u00eancia do agravamento da pandemia na cidade e de todas suas repercuss\u00f5es socioecon\u00f4micas dentro da comunidade. Assim, foram arrecadadas mais de 1500 fraldas geri\u00e1tricas, al\u00e9m de leite e itens de vestu\u00e1rio, que foram entregues ainda em 2020.<\/span><\/p>\t\t\t\t\t\t\t\t<\/div>\n\t\t\t\t<\/div>\n\t\t\t\t\t<\/div>\n\t\t<\/div>\n\t\t\t\t\t<\/div>\n\t\t<\/section>\n\t\t\t\t<section class=\"elementor-section elementor-top-section elementor-element elementor-element-f37dcf2 elementor-section-boxed elementor-section-height-default elementor-section-height-default\" data-id=\"f37dcf2\" data-element_type=\"section\">\n\t\t\t\t\t\t<div class=\"elementor-container elementor-column-gap-default\">\n\t\t\t\t\t<div class=\"elementor-column elementor-col-100 elementor-top-column elementor-element elementor-element-644b0ba\" data-id=\"644b0ba\" data-element_type=\"column\">\n\t\t\t<div class=\"elementor-widget-wrap elementor-element-populated\">\n\t\t\t\t\t\t<div class=\"elementor-element elementor-element-89f6bfa elementor-widget elementor-widget-image\" data-id=\"89f6bfa\" data-element_type=\"widget\" data-widget_type=\"image.default\">\n\t\t\t\t<div class=\"elementor-widget-container\">\n\t\t\t\t\t\t\t\t\t\t\t\t\t\t\t<img decoding=\"async\" width=\"150\" height=\"150\" src=\"https:\/\/homologa.jfrs.jus.br\/memoria\/wp-content\/uploads\/2021\/11\/decor-home-3-150x150.png\" class=\"attachment-thumbnail size-thumbnail wp-image-141\" alt=\"\" srcset=\"https:\/\/homologa.jfrs.jus.br\/memoria\/wp-content\/uploads\/2021\/11\/decor-home-3-150x150.png 150w, https:\/\/homologa.jfrs.jus.br\/memoria\/wp-content\/uploads\/2021\/11\/decor-home-3-300x300.png 300w, https:\/\/homologa.jfrs.jus.br\/memoria\/wp-content\/uploads\/2021\/11\/decor-home-3-100x100.png 100w\" sizes=\"(max-width: 150px) 100vw, 150px\" \/>\t\t\t\t\t\t\t\t\t\t\t\t\t\t\t<\/div>\n\t\t\t\t<\/div>\n\t\t\t\t<div class=\"elementor-element elementor-element-bd0f00e elementor-invisible elementor-widget elementor-widget-heading\" data-id=\"bd0f00e\" data-element_type=\"widget\" data-settings=\"{&quot;_animation&quot;:&quot;fadeIn&quot;,&quot;_animation_delay&quot;:150}\" data-widget_type=\"heading.default\">\n\t\t\t\t<div class=\"elementor-widget-container\">\n\t\t\t\t\t<h2 class=\"elementor-heading-title elementor-size-default\">Confira algumas das decis\u00f5es judiciais de grande relev\u00e2ncia proferidas na subse\u00e7\u00e3o<\/h2>\t\t\t\t<\/div>\n\t\t\t\t<\/div>\n\t\t\t\t\t<\/div>\n\t\t<\/div>\n\t\t\t\t\t<\/div>\n\t\t<\/section>\n\t\t\t\t<section class=\"elementor-section elementor-top-section elementor-element elementor-element-f04b961 elementor-section-boxed elementor-section-height-default elementor-section-height-default\" data-id=\"f04b961\" data-element_type=\"section\">\n\t\t\t\t\t\t<div class=\"elementor-container elementor-column-gap-default\">\n\t\t\t\t\t<div class=\"elementor-column elementor-col-100 elementor-top-column elementor-element elementor-element-720c073\" data-id=\"720c073\" data-element_type=\"column\">\n\t\t\t<div class=\"elementor-widget-wrap elementor-element-populated\">\n\t\t\t\t\t\t<div class=\"elementor-element elementor-element-919a495 elementor-widget elementor-widget-shortcode\" data-id=\"919a495\" data-element_type=\"widget\" data-widget_type=\"shortcode.default\">\n\t\t\t\t<div class=\"elementor-widget-container\">\n\t\t\t\t\t\t\t<div class=\"elementor-shortcode\">\n<\/div>\n\t\t\t\t\t\t<\/div>\n\t\t\t\t<\/div>\n\t\t\t\t\t<\/div>\n\t\t<\/div>\n\t\t\t\t\t<\/div>\n\t\t<\/section>\n\t\t\t\t<section class=\"elementor-section elementor-top-section elementor-element elementor-element-1f281af elementor-section-boxed elementor-section-height-default elementor-section-height-default\" data-id=\"1f281af\" data-element_type=\"section\">\n\t\t\t\t\t\t<div class=\"elementor-container elementor-column-gap-default\">\n\t\t\t\t\t<div class=\"elementor-column elementor-col-100 elementor-top-column elementor-element elementor-element-48b1f3a\" data-id=\"48b1f3a\" data-element_type=\"column\">\n\t\t\t<div class=\"elementor-widget-wrap elementor-element-populated\">\n\t\t\t\t\t\t<div class=\"elementor-element elementor-element-6edbdce elementor-absolute elementor-invisible elementor-widget elementor-widget-heading\" data-id=\"6edbdce\" data-element_type=\"widget\" data-settings=\"{&quot;_position&quot;:&quot;absolute&quot;,&quot;_animation&quot;:&quot;fadeIn&quot;,&quot;_animation_delay&quot;:100}\" data-widget_type=\"heading.default\">\n\t\t\t\t<div class=\"elementor-widget-container\">\n\t\t\t\t\t<h2 class=\"elementor-heading-title elementor-size-default\">Confira os pr\u00e9dios que foram sede da subse\u00e7\u00e3o ao longo da hist\u00f3ria<\/h2>\t\t\t\t<\/div>\n\t\t\t\t<\/div>\n\t\t\t\t<div class=\"elementor-element elementor-element-41dd7da elementor-widget__width-auto elementor-invisible elementor-widget elementor-widget-image\" data-id=\"41dd7da\" data-element_type=\"widget\" data-settings=\"{&quot;_animation&quot;:&quot;fadeIn&quot;,&quot;_animation_delay&quot;:100}\" data-widget_type=\"image.default\">\n\t\t\t\t<div class=\"elementor-widget-container\">\n\t\t\t\t\t\t\t\t\t\t\t\t\t\t\t<img decoding=\"async\" width=\"150\" height=\"150\" src=\"https:\/\/homologa.jfrs.jus.br\/memoria\/wp-content\/uploads\/2021\/11\/decor-home-3-150x150.png\" class=\"attachment-thumbnail size-thumbnail wp-image-141\" alt=\"\" srcset=\"https:\/\/homologa.jfrs.jus.br\/memoria\/wp-content\/uploads\/2021\/11\/decor-home-3-150x150.png 150w, https:\/\/homologa.jfrs.jus.br\/memoria\/wp-content\/uploads\/2021\/11\/decor-home-3-300x300.png 300w, https:\/\/homologa.jfrs.jus.br\/memoria\/wp-content\/uploads\/2021\/11\/decor-home-3-100x100.png 100w\" sizes=\"(max-width: 150px) 100vw, 150px\" \/>\t\t\t\t\t\t\t\t\t\t\t\t\t\t\t<\/div>\n\t\t\t\t<\/div>\n\t\t\t\t\t<\/div>\n\t\t<\/div>\n\t\t\t\t\t<\/div>\n\t\t<\/section>\n\t\t\t\t<section class=\"elementor-section elementor-top-section elementor-element elementor-element-9717296 elementor-section-boxed elementor-section-height-default elementor-section-height-default\" data-id=\"9717296\" data-element_type=\"section\">\n\t\t\t\t\t\t<div class=\"elementor-container elementor-column-gap-default\">\n\t\t\t\t\t<div class=\"elementor-column elementor-col-100 elementor-top-column elementor-element elementor-element-a8bf059\" data-id=\"a8bf059\" data-element_type=\"column\">\n\t\t\t<div class=\"elementor-widget-wrap elementor-element-populated\">\n\t\t\t\t\t\t<div class=\"elementor-element elementor-element-fd2a949 elementor-widget elementor-widget-text-editor\" data-id=\"fd2a949\" data-element_type=\"widget\" data-widget_type=\"text-editor.default\">\n\t\t\t\t<div class=\"elementor-widget-container\">\n\t\t\t\t\t\t\t\t\t<p>\u00a0<\/p><p>A primeira sede da Justi\u00e7a Federal de Bag\u00e9 foi localizada na Rua General Neto n\u00ba 19, no Edif\u00edcio Ibag\u00e9, e contou inicialmente com 09 servidores.<\/p><p>A segunda sede da Justi\u00e7a Federal de Bag\u00e9 foi inaugurada em 1998 e com funcionamento at\u00e9 2011, localizada na Rua General Os\u00f3rio, 900.<\/p><p>Em maio de 2011 foi inaugurada a mais recente sede no munic\u00edpio. A cerim\u00f4nia foi conduzida pelo ent\u00e3o presidente do TRF4, Desembargador Federal Vilson Dar\u00f3s, e contou com a presen\u00e7a dos ju\u00edzes federais Marcelo De Nardi e Loraci Flores de Lima, respectivamente diretores de Foro da Se\u00e7\u00e3o Judici\u00e1ria do Rio Grande do Sul (SJRS) e da Subse\u00e7\u00e3o de Bag\u00e9. Tamb\u00e9m compareceram autoridades locais, representantes da Caixa Econ\u00f4mica Federal, advogados e representa\u00e7\u00e3o seccional ga\u00facha da Ordem dos Advogados do Brasil (OAB\/RS).<\/p><p>\u00a0<\/p>\t\t\t\t\t\t\t\t<\/div>\n\t\t\t\t<\/div>\n\t\t\t\t<div class=\"elementor-element elementor-element-9abe22d elementor-arrows-position-inside elementor-pagination-position-outside elementor-widget elementor-widget-image-carousel\" data-id=\"9abe22d\" data-element_type=\"widget\" data-settings=\"{&quot;slides_to_show&quot;:&quot;1&quot;,&quot;navigation&quot;:&quot;both&quot;,&quot;autoplay&quot;:&quot;yes&quot;,&quot;pause_on_hover&quot;:&quot;yes&quot;,&quot;pause_on_interaction&quot;:&quot;yes&quot;,&quot;autoplay_speed&quot;:5000,&quot;infinite&quot;:&quot;yes&quot;,&quot;effect&quot;:&quot;slide&quot;,&quot;speed&quot;:500}\" data-widget_type=\"image-carousel.default\">\n\t\t\t\t<div class=\"elementor-widget-container\">\n\t\t\t\t\t\t\t<div class=\"elementor-image-carousel-wrapper swiper\" role=\"region\" aria-roledescription=\"carousel\" aria-label=\"Carrossel de imagens\" dir=\"ltr\">\n\t\t\t<div class=\"elementor-image-carousel swiper-wrapper\" aria-live=\"off\">\n\t\t\t\t\t\t\t\t<div class=\"swiper-slide\" role=\"group\" aria-roledescription=\"slide\" aria-label=\"1 de 3\"><a data-elementor-open-lightbox=\"yes\" data-elementor-lightbox-slideshow=\"9abe22d\" data-elementor-lightbox-title=\"Primeira sede da Justi\u00e7a Federal em Bag\u00e9\" data-e-action-hash=\"#elementor-action%3Aaction%3Dlightbox%26settings%3DeyJpZCI6ODEwNzEsInVybCI6Imh0dHBzOlwvXC9ob21vbG9nYS5qZnJzLmp1cy5iclwvbWVtb3JpYVwvd3AtY29udGVudFwvdXBsb2Fkc1wvMjAyMlwvMTFcL3NlZGUtMS5qcGciLCJzbGlkZXNob3ciOiI5YWJlMjJkIn0%3D\" href=\"https:\/\/homologa.jfrs.jus.br\/memoria\/wp-content\/uploads\/2022\/11\/sede-1.jpg\"><figure class=\"swiper-slide-inner\"><img decoding=\"async\" class=\"swiper-slide-image\" src=\"https:\/\/homologa.jfrs.jus.br\/memoria\/wp-content\/uploads\/elementor\/thumbs\/sede-1-pxt8ol4qhsqt75g1mo8f78hbcdhhq8a8xi1dd22oqg.jpg\" alt=\"Primeira Sede da Justi\u00e7a Federal em Bag\u00e9\" \/><figcaption class=\"elementor-image-carousel-caption\">Edif\u00edcio Ibag\u00e9, localizado na Rua General Neto, n\u00ba 19, onde foi instalada a primeira Vara da Justi\u00e7a Federal em Bag\u00e9, em 10\/09\/1993 <\/figcaption><\/figure><\/a><\/div><div class=\"swiper-slide\" role=\"group\" aria-roledescription=\"slide\" aria-label=\"2 de 3\"><a data-elementor-open-lightbox=\"yes\" data-elementor-lightbox-slideshow=\"9abe22d\" data-elementor-lightbox-title=\"Segunda sede da Justi\u00e7a Federal de Bag\u00e9\" data-e-action-hash=\"#elementor-action%3Aaction%3Dlightbox%26settings%3DeyJpZCI6ODEwODMsInVybCI6Imh0dHBzOlwvXC9ob21vbG9nYS5qZnJzLmp1cy5iclwvbWVtb3JpYVwvd3AtY29udGVudFwvdXBsb2Fkc1wvMjAyMlwvMTFcL3NlZGUtMy5qcGciLCJzbGlkZXNob3ciOiI5YWJlMjJkIn0%3D\" href=\"https:\/\/homologa.jfrs.jus.br\/memoria\/wp-content\/uploads\/2022\/11\/sede-3.jpg\"><figure class=\"swiper-slide-inner\"><img decoding=\"async\" class=\"swiper-slide-image\" src=\"https:\/\/homologa.jfrs.jus.br\/memoria\/wp-content\/uploads\/elementor\/thumbs\/sede-3-pxt9qmnl3etl306qhm7um4vwurza98b5tsjtl7o2lk.jpg\" alt=\"Segunda sede da Justi\u00e7a Federal de Bag\u00e9\" \/><figcaption class=\"elementor-image-carousel-caption\">Sede da Justi\u00e7a Federal em Bag\u00e9 de 1998 at\u00e9 2011, localizada na Rua General Os\u00f3rio, 900<\/figcaption><\/figure><\/a><\/div><div class=\"swiper-slide\" role=\"group\" aria-roledescription=\"slide\" aria-label=\"3 de 3\"><a data-elementor-open-lightbox=\"yes\" data-elementor-lightbox-slideshow=\"9abe22d\" data-elementor-lightbox-title=\"Sede atual da Justi\u00e7a Federal em Bag\u00e9\" data-e-action-hash=\"#elementor-action%3Aaction%3Dlightbox%26settings%3DeyJpZCI6ODEwNzIsInVybCI6Imh0dHBzOlwvXC9ob21vbG9nYS5qZnJzLmp1cy5iclwvbWVtb3JpYVwvd3AtY29udGVudFwvdXBsb2Fkc1wvMjAyMlwvMTFcL3NlZGUtMi5qcGciLCJzbGlkZXNob3ciOiI5YWJlMjJkIn0%3D\" href=\"https:\/\/homologa.jfrs.jus.br\/memoria\/wp-content\/uploads\/2022\/11\/sede-2.jpg\"><figure class=\"swiper-slide-inner\"><img decoding=\"async\" class=\"swiper-slide-image\" src=\"https:\/\/homologa.jfrs.jus.br\/memoria\/wp-content\/uploads\/elementor\/thumbs\/sede-2-pxt8pmqa366a3jxfj4hhyyzr3sc6a4fieo4sk4ixta.jpg\" alt=\"Sede da Justi\u00e7a Federal em Bag\u00e9, inaugurada em 10\/05\/2011 e localizada na Rua Bento Gon\u00e7alves, n\u00ba 455.\" \/><figcaption class=\"elementor-image-carousel-caption\">Sede da Justi\u00e7a Federal em Bag\u00e9, inaugurada em 10\/05\/2011 e localizada na Rua Bento Gon\u00e7alves, n\u00ba 455.<\/figcaption><\/figure><\/a><\/div>\t\t\t<\/div>\n\t\t\t\t\t\t\t\t\t\t\t\t<div class=\"elementor-swiper-button elementor-swiper-button-prev\" role=\"button\" tabindex=\"0\">\n\t\t\t\t\t\t<i aria-hidden=\"true\" class=\"eicon-chevron-left\"><\/i>\t\t\t\t\t<\/div>\n\t\t\t\t\t<div class=\"elementor-swiper-button elementor-swiper-button-next\" role=\"button\" tabindex=\"0\">\n\t\t\t\t\t\t<i aria-hidden=\"true\" class=\"eicon-chevron-right\"><\/i>\t\t\t\t\t<\/div>\n\t\t\t\t\n\t\t\t\t\t\t\t\t\t<div class=\"swiper-pagination\"><\/div>\n\t\t\t\t\t\t\t\t\t<\/div>\n\t\t\t\t\t\t<\/div>\n\t\t\t\t<\/div>\n\t\t\t\t\t<\/div>\n\t\t<\/div>\n\t\t\t\t\t<\/div>\n\t\t<\/section>\n\t\t\t\t<\/div>\n\t\t","protected":false},"excerpt":{"rendered":"<p>Bag\u00e9 Instala\u00e7\u00e3o da subse\u00e7\u00e3o O munic\u00edpio de Bag\u00e9 recebeu sua primeira Vara Federal em 10 de setembro de 1993, criada pela Lei n\u00ba 8.424, de 19 de maio de 1992. A aprova\u00e7\u00e3o da instala\u00e7\u00e3o ocorreu pela Resolu\u00e7\u00e3o do Tribunal Regional [&hellip;]<\/p>\n","protected":false},"author":7,"featured_media":0,"parent":1969,"menu_order":0,"comment_status":"closed","ping_status":"closed","template":"","meta":{"footnotes":""},"class_list":["post-81034","page","type-page","status-publish","hentry"],"_links":{"self":[{"href":"https:\/\/homologa.jfrs.jus.br\/memoria\/wp-json\/wp\/v2\/pages\/81034","targetHints":{"allow":["GET"]}}],"collection":[{"href":"https:\/\/homologa.jfrs.jus.br\/memoria\/wp-json\/wp\/v2\/pages"}],"about":[{"href":"https:\/\/homologa.jfrs.jus.br\/memoria\/wp-json\/wp\/v2\/types\/page"}],"author":[{"embeddable":true,"href":"https:\/\/homologa.jfrs.jus.br\/memoria\/wp-json\/wp\/v2\/users\/7"}],"replies":[{"embeddable":true,"href":"https:\/\/homologa.jfrs.jus.br\/memoria\/wp-json\/wp\/v2\/comments?post=81034"}],"version-history":[{"count":16,"href":"https:\/\/homologa.jfrs.jus.br\/memoria\/wp-json\/wp\/v2\/pages\/81034\/revisions"}],"predecessor-version":[{"id":81390,"href":"https:\/\/homologa.jfrs.jus.br\/memoria\/wp-json\/wp\/v2\/pages\/81034\/revisions\/81390"}],"up":[{"embeddable":true,"href":"https:\/\/homologa.jfrs.jus.br\/memoria\/wp-json\/wp\/v2\/pages\/1969"}],"wp:attachment":[{"href":"https:\/\/homologa.jfrs.jus.br\/memoria\/wp-json\/wp\/v2\/media?parent=81034"}],"curies":[{"name":"wp","href":"https:\/\/api.w.org\/{rel}","templated":true}]}}