{"id":706,"date":"2021-11-12T18:36:21","date_gmt":"2021-11-12T21:36:21","guid":{"rendered":"https:\/\/homologa.jfrs.jus.br\/memoria\/?page_id=706"},"modified":"2022-04-26T21:35:20","modified_gmt":"2022-04-27T00:35:20","slug":"biblioteca","status":"publish","type":"page","link":"https:\/\/homologa.jfrs.jus.br\/memoria\/gestao-de-memoria\/biblioteca\/","title":{"rendered":"Biblioteca"},"content":{"rendered":"\t\t<div data-elementor-type=\"wp-page\" data-elementor-id=\"706\" class=\"elementor elementor-706\">\n\t\t\t\t\t\t<section class=\"elementor-section elementor-top-section elementor-element elementor-element-ea8b619 elementor-section-boxed elementor-section-height-default elementor-section-height-default\" data-id=\"ea8b619\" data-element_type=\"section\">\n\t\t\t\t\t\t<div class=\"elementor-container elementor-column-gap-default\">\n\t\t\t\t\t<div class=\"elementor-column elementor-col-100 elementor-top-column elementor-element elementor-element-b5bb6d5\" data-id=\"b5bb6d5\" data-element_type=\"column\">\n\t\t\t<div class=\"elementor-widget-wrap\">\n\t\t\t\t\t\t\t<\/div>\n\t\t<\/div>\n\t\t\t\t\t<\/div>\n\t\t<\/section>\n\t\t\t\t<section class=\"elementor-section elementor-top-section elementor-element elementor-element-679263ba elementor-section-boxed elementor-section-height-default elementor-section-height-default\" data-id=\"679263ba\" data-element_type=\"section\" data-settings=\"{&quot;background_background&quot;:&quot;classic&quot;}\">\n\t\t\t\t\t\t<div class=\"elementor-container elementor-column-gap-default\">\n\t\t\t\t\t<div class=\"elementor-column elementor-col-50 elementor-top-column elementor-element elementor-element-64d4e282\" data-id=\"64d4e282\" data-element_type=\"column\">\n\t\t\t<div class=\"elementor-widget-wrap elementor-element-populated\">\n\t\t\t\t\t\t<div class=\"elementor-element elementor-element-1e2ee25d animated-fast elementor-widget elementor-widget-heading\" data-id=\"1e2ee25d\" data-element_type=\"widget\" data-settings=\"{&quot;_animation&quot;:&quot;none&quot;,&quot;_animation_delay&quot;:100}\" data-widget_type=\"heading.default\">\n\t\t\t\t<div class=\"elementor-widget-container\">\n\t\t\t\t\t<h6 class=\"elementor-heading-title elementor-size-default\">Gest\u00e3o da Mem\u00f3ria<\/h6>\t\t\t\t<\/div>\n\t\t\t\t<\/div>\n\t\t\t\t<div class=\"elementor-element elementor-element-17710a1d animated-fast elementor-invisible elementor-widget elementor-widget-heading\" data-id=\"17710a1d\" data-element_type=\"widget\" data-settings=\"{&quot;_animation&quot;:&quot;fadeIn&quot;,&quot;_animation_delay&quot;:200}\" data-widget_type=\"heading.default\">\n\t\t\t\t<div class=\"elementor-widget-container\">\n\t\t\t\t\t<h2 class=\"elementor-heading-title elementor-size-default\">Biblioteca<\/h2>\t\t\t\t<\/div>\n\t\t\t\t<\/div>\n\t\t\t\t<div class=\"elementor-element elementor-element-9bb8ac7 animated-fast elementor-invisible elementor-widget elementor-widget-text-editor\" data-id=\"9bb8ac7\" data-element_type=\"widget\" data-settings=\"{&quot;_animation&quot;:&quot;fadeIn&quot;,&quot;_animation_delay&quot;:300}\" data-widget_type=\"text-editor.default\">\n\t\t\t\t<div class=\"elementor-widget-container\">\n\t\t\t\t\t\t\t\t\t<p>A Biblioteca \u00e9 um espa\u00e7o de mem\u00f3ria que preserva registros da hist\u00f3ria da institui\u00e7\u00e3o e da sociedade.\u00a0 Sua fun\u00e7\u00e3o \u00e9 proporcionar acesso ao conhecimento produzido e acumulado ao longo do tempo e que dizem respeito \u00e0 atividade da Justi\u00e7a Federal.<\/p>\t\t\t\t\t\t\t\t<\/div>\n\t\t\t\t<\/div>\n\t\t\t\t<div class=\"elementor-element elementor-element-464ef31 elementor-widget elementor-widget-heading\" data-id=\"464ef31\" data-element_type=\"widget\" data-widget_type=\"heading.default\">\n\t\t\t\t<div class=\"elementor-widget-container\">\n\t\t\t\t\t<h3 class=\"elementor-heading-title elementor-size-default\">Suas finalidades s\u00e3o:<\/h3>\t\t\t\t<\/div>\n\t\t\t\t<\/div>\n\t\t\t\t<div class=\"elementor-element elementor-element-7711afa animated-fast elementor-invisible elementor-widget elementor-widget-text-editor\" data-id=\"7711afa\" data-element_type=\"widget\" data-settings=\"{&quot;_animation&quot;:&quot;fadeIn&quot;,&quot;_animation_delay&quot;:300}\" data-widget_type=\"text-editor.default\">\n\t\t\t\t<div class=\"elementor-widget-container\">\n\t\t\t\t\t\t\t\t\t<ul>\n<li><span style=\"font-weight: 400;\">atender \u00e0s necessidades informacionais da Justi\u00e7a Federal em suas atividades. O acervo \u00e9 formado a partir da demanda e necessidade dos magistrados e servidores, e traduz a atividade jurisdicional.<\/span><\/li>\n<li><span style=\"font-weight: 400;\">compilar e organizar as publica\u00e7\u00f5es e a produ\u00e7\u00e3o institucional, incluindo a produ\u00e7\u00e3o intelectual de magistrados e servidores, o que tem impacto direto na mem\u00f3ria da institui\u00e7\u00e3o.<\/span><\/li>\n<li><span style=\"font-weight: 400;\">preservar o patrim\u00f4nio documental existente em seu acervo, que inclui obras publicadas entre os anos de 1829 e 1900, com destaque para \u201cIl Digesto Italiano\u201d.<\/span><\/li>\n<\/ul>\t\t\t\t\t\t\t\t<\/div>\n\t\t\t\t<\/div>\n\t\t\t\t\t<\/div>\n\t\t<\/div>\n\t\t\t\t<div class=\"elementor-column elementor-col-50 elementor-top-column elementor-element elementor-element-6d11b8c3\" data-id=\"6d11b8c3\" data-element_type=\"column\">\n\t\t\t<div class=\"elementor-widget-wrap elementor-element-populated\">\n\t\t\t\t\t\t<div class=\"elementor-element elementor-element-24fac411 animated-slow e-transform elementor-invisible elementor-widget elementor-widget-image\" data-id=\"24fac411\" data-element_type=\"widget\" data-settings=\"{&quot;_animation&quot;:&quot;fadeInRight&quot;,&quot;_animation_delay&quot;:400,&quot;_transform_rotateZ_effect&quot;:{&quot;unit&quot;:&quot;px&quot;,&quot;size&quot;:-9,&quot;sizes&quot;:[]},&quot;_transform_rotateZ_effect_tablet&quot;:{&quot;unit&quot;:&quot;deg&quot;,&quot;size&quot;:&quot;&quot;,&quot;sizes&quot;:[]},&quot;_transform_rotateZ_effect_mobile&quot;:{&quot;unit&quot;:&quot;deg&quot;,&quot;size&quot;:&quot;&quot;,&quot;sizes&quot;:[]}}\" data-widget_type=\"image.default\">\n\t\t\t\t<div class=\"elementor-widget-container\">\n\t\t\t\t\t\t\t\t\t\t\t\t\t\t\t<img fetchpriority=\"high\" decoding=\"async\" width=\"631\" height=\"853\" src=\"https:\/\/homologa.jfrs.jus.br\/memoria\/wp-content\/uploads\/2021\/11\/ii-digesto-italiano-interno.png\" class=\"attachment-full size-full wp-image-735\" alt=\"II Digesto Italiano\" srcset=\"https:\/\/homologa.jfrs.jus.br\/memoria\/wp-content\/uploads\/2021\/11\/ii-digesto-italiano-interno.png 631w, https:\/\/homologa.jfrs.jus.br\/memoria\/wp-content\/uploads\/2021\/11\/ii-digesto-italiano-interno-222x300.png 222w\" sizes=\"(max-width: 631px) 100vw, 631px\" \/>\t\t\t\t\t\t\t\t\t\t\t\t\t\t\t<\/div>\n\t\t\t\t<\/div>\n\t\t\t\t\t<\/div>\n\t\t<\/div>\n\t\t\t\t\t<\/div>\n\t\t<\/section>\n\t\t\t\t<section class=\"elementor-section elementor-top-section elementor-element elementor-element-93387f6 elementor-section-boxed elementor-section-height-default elementor-section-height-default\" data-id=\"93387f6\" data-element_type=\"section\">\n\t\t\t\t\t\t<div class=\"elementor-container elementor-column-gap-default\">\n\t\t\t\t\t<div class=\"elementor-column elementor-col-100 elementor-top-column elementor-element elementor-element-792a9d4\" data-id=\"792a9d4\" data-element_type=\"column\">\n\t\t\t<div class=\"elementor-widget-wrap elementor-element-populated\">\n\t\t\t\t\t\t<div class=\"elementor-element elementor-element-069e486 content-align-cta-default elementor-widget elementor-widget-eael-cta-box\" data-id=\"069e486\" data-element_type=\"widget\" data-widget_type=\"eael-cta-box.default\">\n\t\t\t\t<div class=\"elementor-widget-container\">\n\t\t\t\t\t\t\t<div class=\"eael-call-to-action cta-basic bg-lite cta-preset-1\">\n        <h4 class=\"sub-title\">Acervo F\u00edsico<\/h4><h2 class=\"title eael-cta-heading\">Biblioteca<\/h2><p><span style=\"font-weight: 400\">A Biblioteca da Justi\u00e7a Federal do Rio Grande do Sul est\u00e1 localizada no 9\u00ba andar, ala leste, de seu pr\u00e9dio sede, em Porto Alegre\/RS.<\/span><\/p><p><span style=\"font-weight: 400\">Hor\u00e1rio de atendimento: 13h30min \u00e0s 17h30min<\/span><\/p><p style=\"font-weight: 400\">Consultas e agendamentos pelos contatos dispon\u00edveis no rodap\u00e9 deste portal<\/p><a href=\"https:\/\/biblioteca.trf4.jus.br\/pergamum\/biblioteca\/index.php\" class=\"cta-button cta-preset-1  \">Consultar o cat\u00e1logo<\/a>\t<\/div>\n\t\t\t\t\t\t\t\t<\/div>\n\t\t\t\t<\/div>\n\t\t\t\t\t<\/div>\n\t\t<\/div>\n\t\t\t\t\t<\/div>\n\t\t<\/section>\n\t\t\t\t<\/div>\n\t\t","protected":false},"excerpt":{"rendered":"<p>Gest\u00e3o da Mem\u00f3ria Biblioteca A Biblioteca \u00e9 um espa\u00e7o de mem\u00f3ria que preserva registros da hist\u00f3ria da institui\u00e7\u00e3o e da sociedade.\u00a0 Sua fun\u00e7\u00e3o \u00e9 proporcionar acesso ao conhecimento produzido e acumulado ao longo do tempo e que dizem respeito \u00e0 [&hellip;]<\/p>\n","protected":false},"author":1,"featured_media":1948,"parent":1831,"menu_order":30,"comment_status":"closed","ping_status":"closed","template":"","meta":{"footnotes":""},"class_list":["post-706","page","type-page","status-publish","has-post-thumbnail","hentry"],"_links":{"self":[{"href":"https:\/\/homologa.jfrs.jus.br\/memoria\/wp-json\/wp\/v2\/pages\/706","targetHints":{"allow":["GET"]}}],"collection":[{"href":"https:\/\/homologa.jfrs.jus.br\/memoria\/wp-json\/wp\/v2\/pages"}],"about":[{"href":"https:\/\/homologa.jfrs.jus.br\/memoria\/wp-json\/wp\/v2\/types\/page"}],"author":[{"embeddable":true,"href":"https:\/\/homologa.jfrs.jus.br\/memoria\/wp-json\/wp\/v2\/users\/1"}],"replies":[{"embeddable":true,"href":"https:\/\/homologa.jfrs.jus.br\/memoria\/wp-json\/wp\/v2\/comments?post=706"}],"version-history":[{"count":15,"href":"https:\/\/homologa.jfrs.jus.br\/memoria\/wp-json\/wp\/v2\/pages\/706\/revisions"}],"predecessor-version":[{"id":3168,"href":"https:\/\/homologa.jfrs.jus.br\/memoria\/wp-json\/wp\/v2\/pages\/706\/revisions\/3168"}],"up":[{"embeddable":true,"href":"https:\/\/homologa.jfrs.jus.br\/memoria\/wp-json\/wp\/v2\/pages\/1831"}],"wp:featuredmedia":[{"embeddable":true,"href":"https:\/\/homologa.jfrs.jus.br\/memoria\/wp-json\/wp\/v2\/media\/1948"}],"wp:attachment":[{"href":"https:\/\/homologa.jfrs.jus.br\/memoria\/wp-json\/wp\/v2\/media?parent=706"}],"curies":[{"name":"wp","href":"https:\/\/api.w.org\/{rel}","templated":true}]}}