{"id":4502,"date":"2022-10-03T20:28:53","date_gmt":"2022-10-03T23:28:53","guid":{"rendered":"https:\/\/homologa.jfrs.jus.br\/memoria\/?page_id=4502"},"modified":"2024-02-19T13:08:44","modified_gmt":"2024-02-19T16:08:44","slug":"santana-do-livramento","status":"publish","type":"page","link":"https:\/\/homologa.jfrs.jus.br\/memoria\/historia\/subsecoes-judiciarias\/santana-do-livramento\/","title":{"rendered":"Santana do Livramento"},"content":{"rendered":"\t\t<div data-elementor-type=\"wp-page\" data-elementor-id=\"4502\" class=\"elementor elementor-4502\">\n\t\t\t\t\t\t<section class=\"elementor-section elementor-top-section elementor-element elementor-element-6739bac0 elementor-section-boxed elementor-section-height-default elementor-section-height-default\" data-id=\"6739bac0\" data-element_type=\"section\">\n\t\t\t\t\t\t<div class=\"elementor-container elementor-column-gap-default\">\n\t\t\t\t\t<div class=\"elementor-column elementor-col-100 elementor-top-column elementor-element elementor-element-30aadd04\" data-id=\"30aadd04\" data-element_type=\"column\">\n\t\t\t<div class=\"elementor-widget-wrap elementor-element-populated\">\n\t\t\t\t\t\t<div class=\"elementor-element elementor-element-1467dcee elementor-widget elementor-widget-heading\" data-id=\"1467dcee\" data-element_type=\"widget\" data-widget_type=\"heading.default\">\n\t\t\t\t<div class=\"elementor-widget-container\">\n\t\t\t\t\t<h1 class=\"elementor-heading-title elementor-size-default\">Santana do Livramento<\/h1>\t\t\t\t<\/div>\n\t\t\t\t<\/div>\n\t\t\t\t\t<\/div>\n\t\t<\/div>\n\t\t\t\t\t<\/div>\n\t\t<\/section>\n\t\t\t\t<section class=\"elementor-section elementor-top-section elementor-element elementor-element-704c879b elementor-section-boxed elementor-section-height-default elementor-section-height-default\" data-id=\"704c879b\" data-element_type=\"section\" data-settings=\"{&quot;background_background&quot;:&quot;classic&quot;}\">\n\t\t\t\t\t\t<div class=\"elementor-container elementor-column-gap-default\">\n\t\t\t\t\t<div class=\"elementor-column elementor-col-100 elementor-top-column elementor-element elementor-element-25aed02c\" data-id=\"25aed02c\" data-element_type=\"column\" data-settings=\"{&quot;background_background&quot;:&quot;classic&quot;}\">\n\t\t\t<div class=\"elementor-widget-wrap elementor-element-populated\">\n\t\t\t\t\t\t<div class=\"elementor-element elementor-element-1cb70551 animated-fast elementor-invisible elementor-widget elementor-widget-heading\" data-id=\"1cb70551\" data-element_type=\"widget\" data-settings=\"{&quot;_animation&quot;:&quot;fadeIn&quot;,&quot;_animation_delay&quot;:200}\" data-widget_type=\"heading.default\">\n\t\t\t\t<div class=\"elementor-widget-container\">\n\t\t\t\t\t<h2 class=\"elementor-heading-title elementor-size-default\">Instala\u00e7\u00e3o da subse\u00e7\u00e3o<\/h2>\t\t\t\t<\/div>\n\t\t\t\t<\/div>\n\t\t\t\t\t<\/div>\n\t\t<\/div>\n\t\t\t\t\t<\/div>\n\t\t<\/section>\n\t\t\t\t<section class=\"elementor-section elementor-top-section elementor-element elementor-element-11830637 elementor-section-boxed elementor-section-height-default elementor-section-height-default\" data-id=\"11830637\" data-element_type=\"section\">\n\t\t\t\t\t\t<div class=\"elementor-container elementor-column-gap-default\">\n\t\t\t\t\t<div class=\"elementor-column elementor-col-50 elementor-top-column elementor-element elementor-element-310ac494\" data-id=\"310ac494\" data-element_type=\"column\">\n\t\t\t<div class=\"elementor-widget-wrap elementor-element-populated\">\n\t\t\t\t\t\t<div class=\"elementor-element elementor-element-463c217d elementor-widget elementor-widget-text-editor\" data-id=\"463c217d\" data-element_type=\"widget\" data-widget_type=\"text-editor.default\">\n\t\t\t\t<div class=\"elementor-widget-container\">\n\t\t\t\t\t\t\t\t\t<p>Criada pela <a href=\"https:\/\/memoria.jfrs.jus.br\/wp-content\/uploads\/2022\/10\/L8424-1.pdf\">Lei n\u00ba 8.424<\/a>, de 19 de maio de 1992, a primeira Vara Federal de Santana do Livramento teve sua instala\u00e7\u00e3o aprovada pela <a href=\"https:\/\/memoria.jfrs.jus.br\/wp-content\/uploads\/2022\/10\/RESOL9301.pdf\">Resolu\u00e7\u00e3o do Tribunal Regional Federal da 4\u00aa Regi\u00e3o n\u00ba 01<\/a>, de 1\u00ba de fevereiro de 1993, e implantada gra\u00e7as \u00e0 <a href=\"https:\/\/www.trf4.jus.br\/trf4\/upload\/legislacao\/resolucao-054-1993.html\">Resolu\u00e7\u00e3o do Tribunal Regional Federal da 4\u00aa Regi\u00e3o n\u00ba 54,<\/a> de 30 de agosto de 1993.<\/p><p>A solenidade de inaugura\u00e7\u00e3o aconteceu no dia 11 de setembro de 1993 e foi conduzida pelo Presidente do Tribunal Regional Federal da 4\u00aa Regi\u00e3o, Gilson Langaro Dipp. Estiveram presentes na cerim\u00f4nia o Diretor do Foro da Se\u00e7\u00e3o Judici\u00e1ria do Rio Grande do Sul, Juiz Federal Vilson Dar\u00f3s e demais autoridades. O primeiro Diretor do Foro foi o Juiz Federal Alexandre Gon\u00e7alves Lippel.<\/p><p>Em 2002, junto da inaugura\u00e7\u00e3o das novas instala\u00e7\u00f5es da Justi\u00e7a Federal na Rua Sete de Setembro, n\u00ba 920, houve a instala\u00e7\u00e3o do Juizado Especial Federal C\u00edvel Adjunto de Santana do Livramento.<\/p>\t\t\t\t\t\t\t\t<\/div>\n\t\t\t\t<\/div>\n\t\t\t\t\t<\/div>\n\t\t<\/div>\n\t\t\t\t<div class=\"elementor-column elementor-col-50 elementor-top-column elementor-element elementor-element-14a9a77c\" data-id=\"14a9a77c\" data-element_type=\"column\">\n\t\t\t<div class=\"elementor-widget-wrap elementor-element-populated\">\n\t\t\t\t\t\t<div class=\"elementor-element elementor-element-24da0f58 e-transform elementor-arrows-position-inside elementor-pagination-position-outside elementor-widget elementor-widget-image-carousel\" data-id=\"24da0f58\" data-element_type=\"widget\" data-settings=\"{&quot;slides_to_show&quot;:&quot;1&quot;,&quot;_transform_rotateZ_effect&quot;:{&quot;unit&quot;:&quot;px&quot;,&quot;size&quot;:-5,&quot;sizes&quot;:[]},&quot;navigation&quot;:&quot;both&quot;,&quot;autoplay&quot;:&quot;yes&quot;,&quot;pause_on_hover&quot;:&quot;yes&quot;,&quot;pause_on_interaction&quot;:&quot;yes&quot;,&quot;autoplay_speed&quot;:5000,&quot;infinite&quot;:&quot;yes&quot;,&quot;effect&quot;:&quot;slide&quot;,&quot;speed&quot;:500,&quot;_transform_rotateZ_effect_tablet&quot;:{&quot;unit&quot;:&quot;deg&quot;,&quot;size&quot;:&quot;&quot;,&quot;sizes&quot;:[]},&quot;_transform_rotateZ_effect_mobile&quot;:{&quot;unit&quot;:&quot;deg&quot;,&quot;size&quot;:&quot;&quot;,&quot;sizes&quot;:[]}}\" data-widget_type=\"image-carousel.default\">\n\t\t\t\t<div class=\"elementor-widget-container\">\n\t\t\t\t\t\t\t<div class=\"elementor-image-carousel-wrapper swiper\" role=\"region\" aria-roledescription=\"carousel\" aria-label=\"Carrossel de imagens\" dir=\"ltr\">\n\t\t\t<div class=\"elementor-image-carousel swiper-wrapper\" aria-live=\"off\">\n\t\t\t\t\t\t\t\t<div class=\"swiper-slide\" role=\"group\" aria-roledescription=\"slide\" aria-label=\"1 de 1\"><a data-elementor-open-lightbox=\"yes\" data-elementor-lightbox-slideshow=\"24da0f58\" data-e-action-hash=\"#elementor-action%3Aaction%3Dlightbox%26settings%3DeyJpZCI6NDUwNywidXJsIjoiaHR0cHM6XC9cL2hvbW9sb2dhLmpmcnMuanVzLmJyXC9tZW1vcmlhXC93cC1jb250ZW50XC91cGxvYWRzXC8yMDIyXC8xMFwvSU1BR0VNMS1BdGEtMS5wbmciLCJzbGlkZXNob3ciOiIyNGRhMGY1OCJ9\" href=\"https:\/\/homologa.jfrs.jus.br\/memoria\/wp-content\/uploads\/2022\/10\/IMAGEM1-Ata-1.png\"><figure class=\"swiper-slide-inner\"><img decoding=\"async\" class=\"swiper-slide-image\" src=\"https:\/\/homologa.jfrs.jus.br\/memoria\/wp-content\/uploads\/2022\/10\/IMAGEM1-Ata-1.png\" alt=\"Termo de implanta\u00e7\u00e3o da Vara Federal de Santana do Livramento, 11\/09\/1993.\" \/><figcaption class=\"elementor-image-carousel-caption\">Termo de implanta\u00e7\u00e3o da Vara Federal de Santana do Livramento, 11\/09\/1993.<\/figcaption><\/figure><\/a><\/div>\t\t\t<\/div>\n\t\t\t\t\t<\/div>\n\t\t\t\t\t\t<\/div>\n\t\t\t\t<\/div>\n\t\t\t\t\t<\/div>\n\t\t<\/div>\n\t\t\t\t\t<\/div>\n\t\t<\/section>\n\t\t\t\t<section class=\"elementor-section elementor-top-section elementor-element elementor-element-14a82392 elementor-section-content-middle elementor-section-boxed elementor-section-height-default elementor-section-height-default\" data-id=\"14a82392\" data-element_type=\"section\" data-settings=\"{&quot;background_background&quot;:&quot;classic&quot;}\">\n\t\t\t\t\t\t\t<div class=\"elementor-background-overlay\"><\/div>\n\t\t\t\t\t\t\t<div class=\"elementor-container elementor-column-gap-wide\">\n\t\t\t\t\t<div class=\"elementor-column elementor-col-100 elementor-top-column elementor-element elementor-element-642b9115\" data-id=\"642b9115\" data-element_type=\"column\" data-settings=\"{&quot;background_background&quot;:&quot;classic&quot;}\">\n\t\t\t<div class=\"elementor-widget-wrap elementor-element-populated\">\n\t\t\t\t\t\t<div class=\"elementor-element elementor-element-57b44bfa elementor-invisible elementor-widget elementor-widget-heading\" data-id=\"57b44bfa\" data-element_type=\"widget\" data-settings=\"{&quot;_animation&quot;:&quot;fadeIn&quot;,&quot;_animation_delay&quot;:100}\" data-widget_type=\"heading.default\">\n\t\t\t\t<div class=\"elementor-widget-container\">\n\t\t\t\t\t<h2 class=\"elementor-heading-title elementor-size-default\">Decis\u00f5es judiciais<\/h2>\t\t\t\t<\/div>\n\t\t\t\t<\/div>\n\t\t\t\t<div class=\"elementor-element elementor-element-693efd4c elementor-invisible elementor-widget elementor-widget-heading\" data-id=\"693efd4c\" data-element_type=\"widget\" data-settings=\"{&quot;_animation&quot;:&quot;fadeIn&quot;,&quot;_animation_delay&quot;:150}\" data-widget_type=\"heading.default\">\n\t\t\t\t<div class=\"elementor-widget-container\">\n\t\t\t\t\t<h2 class=\"elementor-heading-title elementor-size-default\">Confira algumas das decis\u00f5es judiciais de grande relev\u00e2ncia proferidas na subse\u00e7\u00e3o<\/h2>\t\t\t\t<\/div>\n\t\t\t\t<\/div>\n\t\t\t\t\t<\/div>\n\t\t<\/div>\n\t\t\t\t\t<\/div>\n\t\t<\/section>\n\t\t\t\t<section class=\"elementor-section elementor-top-section elementor-element elementor-element-d6de53e elementor-section-boxed elementor-section-height-default elementor-section-height-default\" data-id=\"d6de53e\" data-element_type=\"section\">\n\t\t\t\t\t\t<div class=\"elementor-container elementor-column-gap-default\">\n\t\t\t\t\t<div class=\"elementor-column elementor-col-100 elementor-top-column elementor-element elementor-element-70f8bf91\" data-id=\"70f8bf91\" data-element_type=\"column\">\n\t\t\t<div class=\"elementor-widget-wrap elementor-element-populated\">\n\t\t\t\t\t\t<div class=\"elementor-element elementor-element-49bc7dd6 elementor-widget elementor-widget-shortcode\" data-id=\"49bc7dd6\" data-element_type=\"widget\" data-widget_type=\"shortcode.default\">\n\t\t\t\t<div class=\"elementor-widget-container\">\n\t\t\t\t\t\t\t<div class=\"elementor-shortcode\"><\/div>\n\t\t\t\t\t\t<\/div>\n\t\t\t\t<\/div>\n\t\t\t\t\t<\/div>\n\t\t<\/div>\n\t\t\t\t\t<\/div>\n\t\t<\/section>\n\t\t\t\t<section class=\"elementor-section elementor-top-section elementor-element elementor-element-3fe65659 elementor-section-content-middle elementor-section-boxed elementor-section-height-default elementor-section-height-default\" data-id=\"3fe65659\" data-element_type=\"section\" data-settings=\"{&quot;background_background&quot;:&quot;classic&quot;}\">\n\t\t\t\t\t\t\t<div class=\"elementor-background-overlay\"><\/div>\n\t\t\t\t\t\t\t<div class=\"elementor-container elementor-column-gap-wide\">\n\t\t\t\t\t<div class=\"elementor-column elementor-col-100 elementor-top-column elementor-element elementor-element-25e44cce\" data-id=\"25e44cce\" data-element_type=\"column\" data-settings=\"{&quot;background_background&quot;:&quot;classic&quot;}\">\n\t\t\t<div class=\"elementor-widget-wrap elementor-element-populated\">\n\t\t\t\t\t\t<div class=\"elementor-element elementor-element-28e239b0 elementor-invisible elementor-widget elementor-widget-heading\" data-id=\"28e239b0\" data-element_type=\"widget\" data-settings=\"{&quot;_animation&quot;:&quot;fadeIn&quot;,&quot;_animation_delay&quot;:100}\" data-widget_type=\"heading.default\">\n\t\t\t\t<div class=\"elementor-widget-container\">\n\t\t\t\t\t<h2 class=\"elementor-heading-title elementor-size-default\">Sedes<\/h2>\t\t\t\t<\/div>\n\t\t\t\t<\/div>\n\t\t\t\t<div class=\"elementor-element elementor-element-79f954e7 elementor-invisible elementor-widget elementor-widget-heading\" data-id=\"79f954e7\" data-element_type=\"widget\" data-settings=\"{&quot;_animation&quot;:&quot;fadeIn&quot;,&quot;_animation_delay&quot;:150}\" data-widget_type=\"heading.default\">\n\t\t\t\t<div class=\"elementor-widget-container\">\n\t\t\t\t\t<h2 class=\"elementor-heading-title elementor-size-default\">Confira os pr\u00e9dios que foram sede da subse\u00e7\u00e3o ao longo de sua hist\u00f3ria<\/h2>\t\t\t\t<\/div>\n\t\t\t\t<\/div>\n\t\t\t\t\t<\/div>\n\t\t<\/div>\n\t\t\t\t\t<\/div>\n\t\t<\/section>\n\t\t\t\t<section class=\"elementor-section elementor-top-section elementor-element elementor-element-526f5cbd elementor-section-boxed elementor-section-height-default elementor-section-height-default\" data-id=\"526f5cbd\" data-element_type=\"section\">\n\t\t\t\t\t\t<div class=\"elementor-container elementor-column-gap-default\">\n\t\t\t\t\t<div class=\"elementor-column elementor-col-100 elementor-top-column elementor-element elementor-element-594620de\" data-id=\"594620de\" data-element_type=\"column\">\n\t\t\t<div class=\"elementor-widget-wrap elementor-element-populated\">\n\t\t\t\t\t\t<div class=\"elementor-element elementor-element-2868b343 elementor-widget elementor-widget-text-editor\" data-id=\"2868b343\" data-element_type=\"widget\" data-widget_type=\"text-editor.default\">\n\t\t\t\t<div class=\"elementor-widget-container\">\n\t\t\t\t\t\t\t\t\t<p>A Justi\u00e7a Federal em Santana do Livramento passou por v\u00e1rias sedes ao longo de sua trajet\u00f3ria. A primeira delas se deu no ato da instala\u00e7\u00e3o da Vara Federal na cidade, em 1993, na Rua das Andradas n\u00ba 375, no primeiro andar da antiga sede da Associa\u00e7\u00e3o Rural. Em 1996, a estrutura da Justi\u00e7a Federal foi remanejada para o endere\u00e7o na Rua Silveira Martins, n\u00ba 1257, em constru\u00e7\u00e3o que atualmente pertence \u00e0 Pol\u00edcia Federal. Alguns anos mais tarde, em 2002, uma nova sede, desta vez na Rua Sete de Setembro, n\u00ba 920. Tratou-se de um pr\u00e9dio de dois andares pr\u00f3ximo \u00e0 Pra\u00e7a General Os\u00f3rio, um dos pontos tur\u00edsticos de Santana do Livramento, e que tamb\u00e9m est\u00e1 perto da prefeitura do munic\u00edpio.<\/p><p>A quarta sede da Justi\u00e7a foi instalada na Avenida Jo\u00e3o Pessoa, n\u00ba 788, sendo extremamente pr\u00f3xima \u00e0 linha divis\u00f3ria com o Uruguai \u2013 o pa\u00eds vizinho \u00e9 localizado literalmente do outro lado da rua. Em 2019, a quinta e atual sede de Santana do Livramento come\u00e7ou a ser constru\u00edda, tendo sido entregue no ano seguinte, quando foi ocupada pelos servidores e magistrados federais. A grande inova\u00e7\u00e3o desta sede se d\u00e1 em seu projeto de constru\u00e7\u00e3o sustent\u00e1vel, onde o impacto ao meio ambiente gerado pela manuten\u00e7\u00e3o do pr\u00e9dio foi calculado de maneira a ser o menor poss\u00edvel. Isso fez parte do Projeto Futuridade, iniciado em 2018, reunindo servidores e magistrados para trabalhar com objetivo de tornar a JFRS cada vez mais ambientalmente respons\u00e1vel.<\/p><p>Localizada na Rua Silveira Martins, n\u00ba 742, a atual sede foi projetada no terreno do antigo 1\u00ba Tabelionato, e pronta para a adapta\u00e7\u00e3o da estrutura a diferentes necessidades operacionais no futuro. Tamb\u00e9m em termos de sustentabilidade, todas as lumin\u00e1rias s\u00e3o com l\u00e2mpadas LED, existindo sensores de presen\u00e7a para acionamento da ilumina\u00e7\u00e3o em escadas e sanit\u00e1rios, al\u00e9m de pain\u00e9is solares que proporcionam energia para a constru\u00e7\u00e3o inteira. Outros aspectos s\u00e3o sustent\u00e1veis e visam a economia de recursos, como os equipamentos de ar condicionado que possuem selo de efici\u00eancia energ\u00e9tica classe &#8220;A&#8221; e as torneiras que contam com dispositivos economizadores de \u00e1gua. Para facilitar o acesso ao pr\u00e9dio por parte de servidores, magistrados e sociedade civil, construiu-se tamb\u00e9m biciclet\u00e1rio e vesti\u00e1rios para ciclistas. A acessibilidade para pessoas portadoras de defici\u00eancia tamb\u00e9m foi pr\u00e9-requisito para a constru\u00e7\u00e3o.<\/p>\t\t\t\t\t\t\t\t<\/div>\n\t\t\t\t<\/div>\n\t\t\t\t\t<\/div>\n\t\t<\/div>\n\t\t\t\t\t<\/div>\n\t\t<\/section>\n\t\t\t\t<section class=\"elementor-section elementor-top-section elementor-element elementor-element-29fd5662 elementor-section-boxed elementor-section-height-default elementor-section-height-default\" data-id=\"29fd5662\" data-element_type=\"section\">\n\t\t\t\t\t\t<div class=\"elementor-container elementor-column-gap-default\">\n\t\t\t\t\t<div class=\"elementor-column elementor-col-100 elementor-top-column elementor-element elementor-element-1879b91c\" data-id=\"1879b91c\" data-element_type=\"column\">\n\t\t\t<div class=\"elementor-widget-wrap elementor-element-populated\">\n\t\t\t\t\t\t<div class=\"elementor-element elementor-element-28cc67fa elementor-pagination-position-outside elementor-widget elementor-widget-image-carousel\" data-id=\"28cc67fa\" data-element_type=\"widget\" data-settings=\"{&quot;slides_to_show&quot;:&quot;1&quot;,&quot;navigation&quot;:&quot;dots&quot;,&quot;lazyload&quot;:&quot;yes&quot;,&quot;autoplay&quot;:&quot;yes&quot;,&quot;pause_on_hover&quot;:&quot;yes&quot;,&quot;pause_on_interaction&quot;:&quot;yes&quot;,&quot;autoplay_speed&quot;:5000,&quot;infinite&quot;:&quot;yes&quot;,&quot;effect&quot;:&quot;slide&quot;,&quot;speed&quot;:500}\" data-widget_type=\"image-carousel.default\">\n\t\t\t\t<div class=\"elementor-widget-container\">\n\t\t\t\t\t\t\t<div class=\"elementor-image-carousel-wrapper swiper\" role=\"region\" aria-roledescription=\"carousel\" aria-label=\"Carrossel de imagens\" dir=\"ltr\">\n\t\t\t<div class=\"elementor-image-carousel swiper-wrapper\" aria-live=\"off\">\n\t\t\t\t\t\t\t\t<div class=\"swiper-slide\" role=\"group\" aria-roledescription=\"slide\" aria-label=\"1 de 5\"><a data-elementor-open-lightbox=\"yes\" data-elementor-lightbox-slideshow=\"28cc67fa\" data-e-action-hash=\"#elementor-action%3Aaction%3Dlightbox%26settings%3DeyJpZCI6NDUxOCwidXJsIjoiaHR0cHM6XC9cL2hvbW9sb2dhLmpmcnMuanVzLmJyXC9tZW1vcmlhXC93cC1jb250ZW50XC91cGxvYWRzXC8yMDIyXC8xMFwvSU1BR0VNMi1QcmltZWlyYVNlZGUtMS5qcGVnIiwic2xpZGVzaG93IjoiMjhjYzY3ZmEifQ%3D%3D\" href=\"https:\/\/homologa.jfrs.jus.br\/memoria\/wp-content\/uploads\/2022\/10\/IMAGEM2-PrimeiraSede-1.jpeg\"><figure class=\"swiper-slide-inner\"><img class=\"swiper-slide-image swiper-lazy\" data-src=\"https:\/\/homologa.jfrs.jus.br\/memoria\/wp-content\/uploads\/elementor\/thumbs\/IMAGEM2-PrimeiraSede-1-pwgfmhpg09nlycbntc2b1fnvzqiscntsehcrdmwikg.jpeg\" alt=\"A primeira sede da Justi\u00e7a Federal em Santana do Livramento ficava no primeiro andar do pr\u00e9dio amarelo destacado na foto, na Rua das Andradas n\u00ba 375.\" \/><div class=\"swiper-lazy-preloader\"><\/div><figcaption class=\"elementor-image-carousel-caption\">A primeira sede da Justi\u00e7a Federal em Santana do Livramento ficava no primeiro andar do pr\u00e9dio amarelo destacado na foto, na Rua das Andradas n\u00ba 375.<\/figcaption><\/figure><\/a><\/div><div class=\"swiper-slide\" role=\"group\" aria-roledescription=\"slide\" aria-label=\"2 de 5\"><a data-elementor-open-lightbox=\"yes\" data-elementor-lightbox-slideshow=\"28cc67fa\" data-e-action-hash=\"#elementor-action%3Aaction%3Dlightbox%26settings%3DeyJpZCI6NDUxNywidXJsIjoiaHR0cHM6XC9cL2hvbW9sb2dhLmpmcnMuanVzLmJyXC9tZW1vcmlhXC93cC1jb250ZW50XC91cGxvYWRzXC8yMDIyXC8xMFwvSU1BR0VNMy1TZWd1bmRhU2VkZS0xLmpwZyIsInNsaWRlc2hvdyI6IjI4Y2M2N2ZhIn0%3D\" href=\"https:\/\/homologa.jfrs.jus.br\/memoria\/wp-content\/uploads\/2022\/10\/IMAGEM3-SegundaSede-1.jpg\"><figure class=\"swiper-slide-inner\"><img class=\"swiper-slide-image swiper-lazy\" data-src=\"https:\/\/homologa.jfrs.jus.br\/memoria\/wp-content\/uploads\/elementor\/thumbs\/IMAGEM3-SegundaSede-1-pwgfmhpg09nlycbntc2b1fnvzqiscntsehcrdmwikg.jpg\" alt=\"Segunda sede no endere\u00e7o Rua Silveira Martins, n\u00ba 1257, em constru\u00e7\u00e3o que atualmente pertence \u00e0 Pol\u00edcia Federal. Fonte: Google.\" \/><div class=\"swiper-lazy-preloader\"><\/div><figcaption class=\"elementor-image-carousel-caption\">Segunda sede no endere\u00e7o Rua Silveira Martins, n\u00ba 1257, em constru\u00e7\u00e3o que atualmente pertence \u00e0 Pol\u00edcia Federal. Fonte: Google.<\/figcaption><\/figure><\/a><\/div><div class=\"swiper-slide\" role=\"group\" aria-roledescription=\"slide\" aria-label=\"3 de 5\"><a data-elementor-open-lightbox=\"yes\" data-elementor-lightbox-slideshow=\"28cc67fa\" data-e-action-hash=\"#elementor-action%3Aaction%3Dlightbox%26settings%3DeyJpZCI6NDUxNiwidXJsIjoiaHR0cHM6XC9cL2hvbW9sb2dhLmpmcnMuanVzLmJyXC9tZW1vcmlhXC93cC1jb250ZW50XC91cGxvYWRzXC8yMDIyXC8xMFwvSU1BR0VNNC1UZXJjZWlyYVNlZGUtMS5qcGVnIiwic2xpZGVzaG93IjoiMjhjYzY3ZmEifQ%3D%3D\" href=\"https:\/\/homologa.jfrs.jus.br\/memoria\/wp-content\/uploads\/2022\/10\/IMAGEM4-TerceiraSede-1.jpeg\"><figure class=\"swiper-slide-inner\"><img class=\"swiper-slide-image swiper-lazy\" data-src=\"https:\/\/homologa.jfrs.jus.br\/memoria\/wp-content\/uploads\/elementor\/thumbs\/IMAGEM4-TerceiraSede-1-pwgfmgrltfmbmqd0ytnogxwfecnf4yq22cp9wcxwqo.jpeg\" alt=\"Terceira sede da Justi\u00e7a Federal, na Rua Sete de Setembro, n\u00ba 920. Ap\u00f3s a sa\u00edda da JFRS da localidade, ela ainda foi ocupada pelo Minist\u00e9rio da Fazenda.\" \/><div class=\"swiper-lazy-preloader\"><\/div><figcaption class=\"elementor-image-carousel-caption\">Terceira sede da Justi\u00e7a Federal, na Rua Sete de Setembro, n\u00ba 920. Ap\u00f3s a sa\u00edda da JFRS da localidade, ela ainda foi ocupada pelo Minist\u00e9rio da Fazenda.<\/figcaption><\/figure><\/a><\/div><div class=\"swiper-slide\" role=\"group\" aria-roledescription=\"slide\" aria-label=\"4 de 5\"><a data-elementor-open-lightbox=\"yes\" data-elementor-lightbox-slideshow=\"28cc67fa\" data-e-action-hash=\"#elementor-action%3Aaction%3Dlightbox%26settings%3DeyJpZCI6NDUxNSwidXJsIjoiaHR0cHM6XC9cL2hvbW9sb2dhLmpmcnMuanVzLmJyXC9tZW1vcmlhXC93cC1jb250ZW50XC91cGxvYWRzXC8yMDIyXC8xMFwvSU1BR0VNNS1RdWFydGFTZWRlLTEuanBnIiwic2xpZGVzaG93IjoiMjhjYzY3ZmEifQ%3D%3D\" href=\"https:\/\/homologa.jfrs.jus.br\/memoria\/wp-content\/uploads\/2022\/10\/IMAGEM5-QuartaSede-1.jpg\"><figure class=\"swiper-slide-inner\"><img class=\"swiper-slide-image swiper-lazy\" data-src=\"https:\/\/homologa.jfrs.jus.br\/memoria\/wp-content\/uploads\/elementor\/thumbs\/IMAGEM5-QuartaSede-1-pwgfmftrmll1b4ee4b91wg4ysys1x9mbq81sf2zaww.jpg\" alt=\"Quarta sede da JFRS em Santana do Livramento, Avenida Jo\u00e3o Pessoa, n\u00ba 788.\" \/><div class=\"swiper-lazy-preloader\"><\/div><figcaption class=\"elementor-image-carousel-caption\">Quarta sede da JFRS em Santana do Livramento, Avenida Jo\u00e3o Pessoa, n\u00ba 788.<\/figcaption><\/figure><\/a><\/div><div class=\"swiper-slide\" role=\"group\" aria-roledescription=\"slide\" aria-label=\"5 de 5\"><a data-elementor-open-lightbox=\"yes\" data-elementor-lightbox-slideshow=\"28cc67fa\" data-e-action-hash=\"#elementor-action%3Aaction%3Dlightbox%26settings%3DeyJpZCI6NDUxNCwidXJsIjoiaHR0cHM6XC9cL2hvbW9sb2dhLmpmcnMuanVzLmJyXC9tZW1vcmlhXC93cC1jb250ZW50XC91cGxvYWRzXC8yMDIyXC8xMFwvSU1BR0VNNi1TZWRlQXR1YWwtMS5qcGVnIiwic2xpZGVzaG93IjoiMjhjYzY3ZmEifQ%3D%3D\" href=\"https:\/\/homologa.jfrs.jus.br\/memoria\/wp-content\/uploads\/2022\/10\/IMAGEM6-SedeAtual-1.jpeg\"><figure class=\"swiper-slide-inner\"><img class=\"swiper-slide-image swiper-lazy\" data-src=\"https:\/\/homologa.jfrs.jus.br\/memoria\/wp-content\/uploads\/elementor\/thumbs\/IMAGEM6-SedeAtual-1-pwgfmftrmll1b4ee4b91wg4ysys1x9mbq81sf2zaww.jpeg\" alt=\"Sede atual da Justi\u00e7a Federal em Santana do Livramento, Rua Silveira Martins, n\u00ba 742.\" \/><div class=\"swiper-lazy-preloader\"><\/div><figcaption class=\"elementor-image-carousel-caption\">Sede atual da Justi\u00e7a Federal em Santana do Livramento, Rua Silveira Martins, n\u00ba 742.<\/figcaption><\/figure><\/a><\/div>\t\t\t<\/div>\n\t\t\t\t\t\t\t\n\t\t\t\t\t\t\t\t\t<div class=\"swiper-pagination\"><\/div>\n\t\t\t\t\t\t\t\t\t<\/div>\n\t\t\t\t\t\t<\/div>\n\t\t\t\t<\/div>\n\t\t\t\t\t<\/div>\n\t\t<\/div>\n\t\t\t\t\t<\/div>\n\t\t<\/section>\n\t\t\t\t<\/div>\n\t\t","protected":false},"excerpt":{"rendered":"<p>Santana do Livramento Instala\u00e7\u00e3o da subse\u00e7\u00e3o Criada pela Lei n\u00ba 8.424, de 19 de maio de 1992, a primeira Vara Federal de Santana do Livramento teve sua instala\u00e7\u00e3o aprovada pela Resolu\u00e7\u00e3o do Tribunal Regional Federal da 4\u00aa Regi\u00e3o n\u00ba 01, [&hellip;]<\/p>\n","protected":false},"author":3,"featured_media":0,"parent":1969,"menu_order":0,"comment_status":"closed","ping_status":"closed","template":"","meta":{"footnotes":""},"class_list":["post-4502","page","type-page","status-publish","hentry"],"_links":{"self":[{"href":"https:\/\/homologa.jfrs.jus.br\/memoria\/wp-json\/wp\/v2\/pages\/4502","targetHints":{"allow":["GET"]}}],"collection":[{"href":"https:\/\/homologa.jfrs.jus.br\/memoria\/wp-json\/wp\/v2\/pages"}],"about":[{"href":"https:\/\/homologa.jfrs.jus.br\/memoria\/wp-json\/wp\/v2\/types\/page"}],"author":[{"embeddable":true,"href":"https:\/\/homologa.jfrs.jus.br\/memoria\/wp-json\/wp\/v2\/users\/3"}],"replies":[{"embeddable":true,"href":"https:\/\/homologa.jfrs.jus.br\/memoria\/wp-json\/wp\/v2\/comments?post=4502"}],"version-history":[{"count":10,"href":"https:\/\/homologa.jfrs.jus.br\/memoria\/wp-json\/wp\/v2\/pages\/4502\/revisions"}],"predecessor-version":[{"id":82249,"href":"https:\/\/homologa.jfrs.jus.br\/memoria\/wp-json\/wp\/v2\/pages\/4502\/revisions\/82249"}],"up":[{"embeddable":true,"href":"https:\/\/homologa.jfrs.jus.br\/memoria\/wp-json\/wp\/v2\/pages\/1969"}],"wp:attachment":[{"href":"https:\/\/homologa.jfrs.jus.br\/memoria\/wp-json\/wp\/v2\/media?parent=4502"}],"curies":[{"name":"wp","href":"https:\/\/api.w.org\/{rel}","templated":true}]}}