{"id":4482,"date":"2022-09-29T19:17:27","date_gmt":"2022-09-29T22:17:27","guid":{"rendered":"https:\/\/homologa.jfrs.jus.br\/memoria\/?page_id=4482"},"modified":"2022-12-07T16:08:27","modified_gmt":"2022-12-07T19:08:27","slug":"santiago","status":"publish","type":"page","link":"https:\/\/homologa.jfrs.jus.br\/memoria\/historia\/subsecoes-judiciarias\/santiago\/","title":{"rendered":"Santiago"},"content":{"rendered":"\t\t<div data-elementor-type=\"wp-page\" data-elementor-id=\"4482\" class=\"elementor elementor-4482\">\n\t\t\t\t\t\t<section class=\"elementor-section elementor-top-section elementor-element elementor-element-3ee3d75c elementor-section-boxed elementor-section-height-default elementor-section-height-default\" data-id=\"3ee3d75c\" data-element_type=\"section\">\n\t\t\t\t\t\t<div class=\"elementor-container elementor-column-gap-default\">\n\t\t\t\t\t<div class=\"elementor-column elementor-col-100 elementor-top-column elementor-element elementor-element-39da69b0\" data-id=\"39da69b0\" data-element_type=\"column\">\n\t\t\t<div class=\"elementor-widget-wrap elementor-element-populated\">\n\t\t\t\t\t\t<div class=\"elementor-element elementor-element-426fa116 elementor-widget elementor-widget-heading\" data-id=\"426fa116\" data-element_type=\"widget\" data-widget_type=\"heading.default\">\n\t\t\t\t<div class=\"elementor-widget-container\">\n\t\t\t\t\t<h1 class=\"elementor-heading-title elementor-size-default\">Santiago<\/h1>\t\t\t\t<\/div>\n\t\t\t\t<\/div>\n\t\t\t\t\t<\/div>\n\t\t<\/div>\n\t\t\t\t\t<\/div>\n\t\t<\/section>\n\t\t\t\t<section class=\"elementor-section elementor-top-section elementor-element elementor-element-5844a884 elementor-section-boxed elementor-section-height-default elementor-section-height-default\" data-id=\"5844a884\" data-element_type=\"section\" data-settings=\"{&quot;background_background&quot;:&quot;classic&quot;}\">\n\t\t\t\t\t\t<div class=\"elementor-container elementor-column-gap-default\">\n\t\t\t\t\t<div class=\"elementor-column elementor-col-100 elementor-top-column elementor-element elementor-element-168554c3\" data-id=\"168554c3\" data-element_type=\"column\" data-settings=\"{&quot;background_background&quot;:&quot;classic&quot;}\">\n\t\t\t<div class=\"elementor-widget-wrap elementor-element-populated\">\n\t\t\t\t\t\t<div class=\"elementor-element elementor-element-36e8444f animated-fast elementor-invisible elementor-widget elementor-widget-heading\" data-id=\"36e8444f\" data-element_type=\"widget\" data-settings=\"{&quot;_animation&quot;:&quot;fadeIn&quot;,&quot;_animation_delay&quot;:200}\" data-widget_type=\"heading.default\">\n\t\t\t\t<div class=\"elementor-widget-container\">\n\t\t\t\t\t<h2 class=\"elementor-heading-title elementor-size-default\">Instala\u00e7\u00e3o da subse\u00e7\u00e3o<\/h2>\t\t\t\t<\/div>\n\t\t\t\t<\/div>\n\t\t\t\t\t<\/div>\n\t\t<\/div>\n\t\t\t\t\t<\/div>\n\t\t<\/section>\n\t\t\t\t<section class=\"elementor-section elementor-top-section elementor-element elementor-element-346311f1 elementor-section-boxed elementor-section-height-default elementor-section-height-default\" data-id=\"346311f1\" data-element_type=\"section\">\n\t\t\t\t\t\t<div class=\"elementor-container elementor-column-gap-default\">\n\t\t\t\t\t<div class=\"elementor-column elementor-col-50 elementor-top-column elementor-element elementor-element-64a53983\" data-id=\"64a53983\" data-element_type=\"column\">\n\t\t\t<div class=\"elementor-widget-wrap elementor-element-populated\">\n\t\t\t\t\t\t<div class=\"elementor-element elementor-element-15f0dab7 elementor-widget elementor-widget-text-editor\" data-id=\"15f0dab7\" data-element_type=\"widget\" data-widget_type=\"text-editor.default\">\n\t\t\t\t<div class=\"elementor-widget-container\">\n\t\t\t\t\t\t\t\t\t<p>Inicialmente, a Justi\u00e7a Federal atuou no munic\u00edpio de Santiago por meio de um posto avan\u00e7ado de Juizado Especial Federal, instalado no munic\u00edpio em 15 de julho de 2004, e vinculado \u00e0 Subse\u00e7\u00e3o Judici\u00e1ria de Santa Maria. Criada pela <a href=\"https:\/\/memoria.jfrs.jus.br\/wp-content\/uploads\/2022\/09\/L10772-2.pdf\">Lei n\u00ba 10.772<\/a>, de 21 de novembro de 2003, a primeira Vara Federal da Subse\u00e7\u00e3o Judici\u00e1ria de Santiago foi implantada e instalada ap\u00f3s a <a href=\"https:\/\/memoria.jfrs.jus.br\/wp-content\/uploads\/2022\/09\/res2006-84.pdf\">Resolu\u00e7\u00e3o n\u00ba 84<\/a>, do Tribunal Regional Federal da 4\u00aa Regi\u00e3o, de 24 de novembro de 2006, ao mesmo tempo em que se deu a instala\u00e7\u00e3o do Juizado Especial Federal Avan\u00e7ado Adjunto (JEFA).<\/p><p>A cerim\u00f4nia de instala\u00e7\u00e3o da Subse\u00e7\u00e3o aconteceu no dia 30 de novembro de 2006 e foi presidida pelo Desembargador Federal Paulo Afonso Brum Vaz, representando a Presidente do TRF4. O evento contou com a presen\u00e7a do Prefeito Municipal Jos\u00e9 Francisco G\u00f6rski, do Presidente em exerc\u00edcio da C\u00e2mara Municipal de Vereadores Marcos Fiorin Flores, do Presidente licenciado da C\u00e2mara Municipal de Vereadores Sandro Palma, da Diretora do Foro da Se\u00e7\u00e3o Judici\u00e1ria do Rio Grande do Sul Ju\u00edza Federal Ta\u00eds Schilling Ferraz, da Diretora do Foro Estadual Ana Paula Nichil, do Diretor-Geral da Universidade Regional Integrada do Alto Uruguai e das Miss\u00f5es Cl\u00f3vis Fernando Bem Brum, do presidente da OAB da Subse\u00e7\u00e3o de Santiago Al\u00e9ssio Viero Neto. Prestigiaram ainda o evento ju\u00edzes federais, autoridades dos Poderes Executivo, Legislativo e Judici\u00e1rio, advogados e a comunidade da regi\u00e3o. Como primeira Diretora do Foro de Santiago foi nomeada a Ju\u00edza Federal Cristiane Freier Ceron, que tamb\u00e9m esteve presente no evento de instala\u00e7\u00e3o.<\/p>\t\t\t\t\t\t\t\t<\/div>\n\t\t\t\t<\/div>\n\t\t\t\t\t<\/div>\n\t\t<\/div>\n\t\t\t\t<div class=\"elementor-column elementor-col-50 elementor-top-column elementor-element elementor-element-481f3a89\" data-id=\"481f3a89\" data-element_type=\"column\">\n\t\t\t<div class=\"elementor-widget-wrap elementor-element-populated\">\n\t\t\t\t\t\t<div class=\"elementor-element elementor-element-3eda7421 e-transform elementor-arrows-position-inside elementor-pagination-position-outside elementor-widget elementor-widget-image-carousel\" data-id=\"3eda7421\" data-element_type=\"widget\" data-settings=\"{&quot;slides_to_show&quot;:&quot;1&quot;,&quot;_transform_rotateZ_effect&quot;:{&quot;unit&quot;:&quot;px&quot;,&quot;size&quot;:0,&quot;sizes&quot;:[]},&quot;navigation&quot;:&quot;both&quot;,&quot;autoplay&quot;:&quot;yes&quot;,&quot;pause_on_hover&quot;:&quot;yes&quot;,&quot;pause_on_interaction&quot;:&quot;yes&quot;,&quot;autoplay_speed&quot;:5000,&quot;infinite&quot;:&quot;yes&quot;,&quot;effect&quot;:&quot;slide&quot;,&quot;speed&quot;:500,&quot;_transform_rotateZ_effect_tablet&quot;:{&quot;unit&quot;:&quot;deg&quot;,&quot;size&quot;:&quot;&quot;,&quot;sizes&quot;:[]},&quot;_transform_rotateZ_effect_mobile&quot;:{&quot;unit&quot;:&quot;deg&quot;,&quot;size&quot;:&quot;&quot;,&quot;sizes&quot;:[]}}\" data-widget_type=\"image-carousel.default\">\n\t\t\t\t<div class=\"elementor-widget-container\">\n\t\t\t\t\t\t\t<div class=\"elementor-image-carousel-wrapper swiper\" role=\"region\" aria-roledescription=\"carousel\" aria-label=\"Carrossel de imagens\" dir=\"ltr\">\n\t\t\t<div class=\"elementor-image-carousel swiper-wrapper\" aria-live=\"off\">\n\t\t\t\t\t\t\t\t<div class=\"swiper-slide\" role=\"group\" aria-roledescription=\"slide\" aria-label=\"1 de 2\"><a data-elementor-open-lightbox=\"yes\" data-elementor-lightbox-slideshow=\"3eda7421\" data-e-action-hash=\"#elementor-action%3Aaction%3Dlightbox%26settings%3DeyJpZCI6NDQ4NSwidXJsIjoiaHR0cHM6XC9cL2hvbW9sb2dhLmpmcnMuanVzLmJyXC9tZW1vcmlhXC93cC1jb250ZW50XC91cGxvYWRzXC8yMDIyXC8wOVwvSU1BR0VNMS0yLTEucG5nIiwic2xpZGVzaG93IjoiM2VkYTc0MjEifQ%3D%3D\" href=\"https:\/\/homologa.jfrs.jus.br\/memoria\/wp-content\/uploads\/2022\/09\/IMAGEM1-2-1.png\"><figure class=\"swiper-slide-inner\"><img decoding=\"async\" class=\"swiper-slide-image\" src=\"https:\/\/homologa.jfrs.jus.br\/memoria\/wp-content\/uploads\/2022\/09\/IMAGEM1-2-1.png\" alt=\"Ata de Instala\u00e7\u00e3o  da Vara Federal em Santiago, 30\/11\/2006.\" \/><figcaption class=\"elementor-image-carousel-caption\">Ata de Instala\u00e7\u00e3o  da Vara Federal em Santiago, 30\/11\/2006.<\/figcaption><\/figure><\/a><\/div><div class=\"swiper-slide\" role=\"group\" aria-roledescription=\"slide\" aria-label=\"2 de 2\"><a data-elementor-open-lightbox=\"yes\" data-elementor-lightbox-slideshow=\"3eda7421\" data-e-action-hash=\"#elementor-action%3Aaction%3Dlightbox%26settings%3DeyJpZCI6NDQ4NCwidXJsIjoiaHR0cHM6XC9cL2hvbW9sb2dhLmpmcnMuanVzLmJyXC9tZW1vcmlhXC93cC1jb250ZW50XC91cGxvYWRzXC8yMDIyXC8wOVwvSU1BR0VNMi0yLTEucG5nIiwic2xpZGVzaG93IjoiM2VkYTc0MjEifQ%3D%3D\" href=\"https:\/\/homologa.jfrs.jus.br\/memoria\/wp-content\/uploads\/2022\/09\/IMAGEM2-2-1.png\"><figure class=\"swiper-slide-inner\"><img decoding=\"async\" class=\"swiper-slide-image\" src=\"https:\/\/homologa.jfrs.jus.br\/memoria\/wp-content\/uploads\/2022\/09\/IMAGEM2-2-1.png\" alt=\"Placa de inaugura\u00e7\u00e3o da Vara Federal em Santiago, 30\/11\/2006.\" \/><figcaption class=\"elementor-image-carousel-caption\">Placa de inaugura\u00e7\u00e3o da Vara Federal em Santiago, 30\/11\/2006.<\/figcaption><\/figure><\/a><\/div>\t\t\t<\/div>\n\t\t\t\t\t\t\t\t\t\t\t\t<div class=\"elementor-swiper-button elementor-swiper-button-prev\" role=\"button\" tabindex=\"0\">\n\t\t\t\t\t\t<i aria-hidden=\"true\" class=\"eicon-chevron-left\"><\/i>\t\t\t\t\t<\/div>\n\t\t\t\t\t<div class=\"elementor-swiper-button elementor-swiper-button-next\" role=\"button\" tabindex=\"0\">\n\t\t\t\t\t\t<i aria-hidden=\"true\" class=\"eicon-chevron-right\"><\/i>\t\t\t\t\t<\/div>\n\t\t\t\t\n\t\t\t\t\t\t\t\t\t<div class=\"swiper-pagination\"><\/div>\n\t\t\t\t\t\t\t\t\t<\/div>\n\t\t\t\t\t\t<\/div>\n\t\t\t\t<\/div>\n\t\t\t\t\t<\/div>\n\t\t<\/div>\n\t\t\t\t\t<\/div>\n\t\t<\/section>\n\t\t\t\t<section class=\"elementor-section elementor-top-section elementor-element elementor-element-9219825 elementor-section-boxed elementor-section-height-default elementor-section-height-default\" data-id=\"9219825\" data-element_type=\"section\">\n\t\t\t\t\t\t<div class=\"elementor-container elementor-column-gap-default\">\n\t\t\t\t\t<div class=\"elementor-column elementor-col-100 elementor-top-column elementor-element elementor-element-5b20b0e\" data-id=\"5b20b0e\" data-element_type=\"column\">\n\t\t\t<div class=\"elementor-widget-wrap elementor-element-populated\">\n\t\t\t\t\t\t<div class=\"elementor-element elementor-element-5ce3cea elementor-widget elementor-widget-text-editor\" data-id=\"5ce3cea\" data-element_type=\"widget\" data-widget_type=\"text-editor.default\">\n\t\t\t\t<div class=\"elementor-widget-container\">\n\t\t\t\t\t\t\t\t\t<p>A servidora La\u00edse Algarve Celestino foi quem atuou no JEFA durante seu funcionamento no munic\u00edpio, juntamente com mais duas estagi\u00e1rias volunt\u00e1rias. Ap\u00f3s a instala\u00e7\u00e3o definitiva da Subse\u00e7\u00e3o em Santiago, manteve-se o n\u00famero de dois estagi\u00e1rios, mas a equipe aumentou para o total de 20 servidores, ganhando a responsabilidade inicial sobre a tramita\u00e7\u00e3o de 1.050 processos redistribu\u00eddos da comarca estadual.\u00a0<\/p>\t\t\t\t\t\t\t\t<\/div>\n\t\t\t\t<\/div>\n\t\t\t\t\t<\/div>\n\t\t<\/div>\n\t\t\t\t\t<\/div>\n\t\t<\/section>\n\t\t\t\t<section class=\"elementor-section elementor-top-section elementor-element elementor-element-166efd42 elementor-section-content-middle elementor-section-boxed elementor-section-height-default elementor-section-height-default\" data-id=\"166efd42\" data-element_type=\"section\" data-settings=\"{&quot;background_background&quot;:&quot;classic&quot;}\">\n\t\t\t\t\t\t\t<div class=\"elementor-background-overlay\"><\/div>\n\t\t\t\t\t\t\t<div class=\"elementor-container elementor-column-gap-wide\">\n\t\t\t\t\t<div class=\"elementor-column elementor-col-100 elementor-top-column elementor-element elementor-element-7a2d61e7\" data-id=\"7a2d61e7\" data-element_type=\"column\" data-settings=\"{&quot;background_background&quot;:&quot;classic&quot;}\">\n\t\t\t<div class=\"elementor-widget-wrap elementor-element-populated\">\n\t\t\t\t\t\t<div class=\"elementor-element elementor-element-236bb08f elementor-invisible elementor-widget elementor-widget-heading\" data-id=\"236bb08f\" data-element_type=\"widget\" data-settings=\"{&quot;_animation&quot;:&quot;fadeIn&quot;,&quot;_animation_delay&quot;:100}\" data-widget_type=\"heading.default\">\n\t\t\t\t<div class=\"elementor-widget-container\">\n\t\t\t\t\t<h2 class=\"elementor-heading-title elementor-size-default\">Sedes<\/h2>\t\t\t\t<\/div>\n\t\t\t\t<\/div>\n\t\t\t\t<div class=\"elementor-element elementor-element-6528ce3b elementor-invisible elementor-widget elementor-widget-heading\" data-id=\"6528ce3b\" data-element_type=\"widget\" data-settings=\"{&quot;_animation&quot;:&quot;fadeIn&quot;,&quot;_animation_delay&quot;:150}\" data-widget_type=\"heading.default\">\n\t\t\t\t<div class=\"elementor-widget-container\">\n\t\t\t\t\t<h2 class=\"elementor-heading-title elementor-size-default\">Confira os pr\u00e9dios que foram sede da subse\u00e7\u00e3o ao longo de sua hist\u00f3ria<\/h2>\t\t\t\t<\/div>\n\t\t\t\t<\/div>\n\t\t\t\t\t<\/div>\n\t\t<\/div>\n\t\t\t\t\t<\/div>\n\t\t<\/section>\n\t\t\t\t<section class=\"elementor-section elementor-top-section elementor-element elementor-element-7f3fa165 elementor-section-boxed elementor-section-height-default elementor-section-height-default\" data-id=\"7f3fa165\" data-element_type=\"section\">\n\t\t\t\t\t\t<div class=\"elementor-container elementor-column-gap-default\">\n\t\t\t\t\t<div class=\"elementor-column elementor-col-100 elementor-top-column elementor-element elementor-element-d1043f6\" data-id=\"d1043f6\" data-element_type=\"column\">\n\t\t\t<div class=\"elementor-widget-wrap elementor-element-populated\">\n\t\t\t\t\t\t<div class=\"elementor-element elementor-element-5ce241c9 elementor-widget elementor-widget-text-editor\" data-id=\"5ce241c9\" data-element_type=\"widget\" data-widget_type=\"text-editor.default\">\n\t\t\t\t<div class=\"elementor-widget-container\">\n\t\t\t\t\t\t\t\t\t<p>A primeira sede locada da Justi\u00e7a Federal foi no pr\u00e9dio da Universidade Regional Integrada do Alto Uruguai e das Miss\u00f5es, com endere\u00e7o na Rua Benjamin Constant, n\u00ba 155. Inicialmente, o edif\u00edcio de 582,94 m\u00b2 atendeu \u00e0 demanda da Justi\u00e7a, por\u00e9m n\u00e3o era o ideal, sendo necess\u00e1rio um local maior e com <em>layout<\/em> menos vertical, que oportunizasse uma presta\u00e7\u00e3o de servi\u00e7o p\u00fablico \u00e0 comunidade com instala\u00e7\u00f5es mais acess\u00edveis. Em 2010, a Justi\u00e7a Federal de Santiago passou para a Rua Pedro Palmeiro, n\u00ba 1437, onde permanece at\u00e9 a atualidade.<\/p>\t\t\t\t\t\t\t\t<\/div>\n\t\t\t\t<\/div>\n\t\t\t\t\t<\/div>\n\t\t<\/div>\n\t\t\t\t\t<\/div>\n\t\t<\/section>\n\t\t\t\t<section class=\"elementor-section elementor-top-section elementor-element elementor-element-6dc5ce7e elementor-section-boxed elementor-section-height-default elementor-section-height-default\" data-id=\"6dc5ce7e\" data-element_type=\"section\">\n\t\t\t\t\t\t<div class=\"elementor-container elementor-column-gap-default\">\n\t\t\t\t\t<div class=\"elementor-column elementor-col-100 elementor-top-column elementor-element elementor-element-599eaad2\" data-id=\"599eaad2\" data-element_type=\"column\">\n\t\t\t<div class=\"elementor-widget-wrap elementor-element-populated\">\n\t\t\t\t\t\t<div class=\"elementor-element elementor-element-190d6b5c elementor-pagination-position-outside elementor-widget elementor-widget-image-carousel\" data-id=\"190d6b5c\" data-element_type=\"widget\" data-settings=\"{&quot;slides_to_show&quot;:&quot;1&quot;,&quot;navigation&quot;:&quot;dots&quot;,&quot;lazyload&quot;:&quot;yes&quot;,&quot;autoplay&quot;:&quot;yes&quot;,&quot;pause_on_hover&quot;:&quot;yes&quot;,&quot;pause_on_interaction&quot;:&quot;yes&quot;,&quot;autoplay_speed&quot;:5000,&quot;infinite&quot;:&quot;yes&quot;,&quot;effect&quot;:&quot;slide&quot;,&quot;speed&quot;:500}\" data-widget_type=\"image-carousel.default\">\n\t\t\t\t<div class=\"elementor-widget-container\">\n\t\t\t\t\t\t\t<div class=\"elementor-image-carousel-wrapper swiper\" role=\"region\" aria-roledescription=\"carousel\" aria-label=\"Carrossel de imagens\" dir=\"ltr\">\n\t\t\t<div class=\"elementor-image-carousel swiper-wrapper\" aria-live=\"off\">\n\t\t\t\t\t\t\t\t<div class=\"swiper-slide\" role=\"group\" aria-roledescription=\"slide\" aria-label=\"1 de 2\"><a data-elementor-open-lightbox=\"yes\" data-elementor-lightbox-slideshow=\"190d6b5c\" data-e-action-hash=\"#elementor-action%3Aaction%3Dlightbox%26settings%3DeyJpZCI6NDQ5MCwidXJsIjoiaHR0cHM6XC9cL2hvbW9sb2dhLmpmcnMuanVzLmJyXC9tZW1vcmlhXC93cC1jb250ZW50XC91cGxvYWRzXC8yMDIyXC8wOVwvSU1BR0VNMy0xLXNjYWxlZC0xLmpwZyIsInNsaWRlc2hvdyI6IjE5MGQ2YjVjIn0%3D\" href=\"https:\/\/homologa.jfrs.jus.br\/memoria\/wp-content\/uploads\/2022\/09\/IMAGEM3-1-scaled-1.jpg\"><figure class=\"swiper-slide-inner\"><img class=\"swiper-slide-image swiper-lazy\" data-src=\"https:\/\/homologa.jfrs.jus.br\/memoria\/wp-content\/uploads\/elementor\/thumbs\/IMAGEM3-1-scaled-1-pwgfm1q6s31qgyyven5nd1p1w6pjpt2coa9i7xk7i8.jpg\" alt=\"Primeira sede da Justi\u00e7a Federal em Santiago foi estabelecida atrav\u00e9s de parceria entre a Prefeitura Municipal, a Universidade Regional Integrada do Alto Uruguai e das Miss\u00f5es e a pr\u00f3pria JFRS.\" \/><div class=\"swiper-lazy-preloader\"><\/div><figcaption class=\"elementor-image-carousel-caption\">Primeira sede da Justi\u00e7a Federal em Santiago foi estabelecida atrav\u00e9s de parceria entre a Prefeitura Municipal, a Universidade Regional Integrada do Alto Uruguai e das Miss\u00f5es e a pr\u00f3pria JFRS.<\/figcaption><\/figure><\/a><\/div><div class=\"swiper-slide\" role=\"group\" aria-roledescription=\"slide\" aria-label=\"2 de 2\"><a data-elementor-open-lightbox=\"yes\" data-elementor-lightbox-slideshow=\"190d6b5c\" data-e-action-hash=\"#elementor-action%3Aaction%3Dlightbox%26settings%3DeyJpZCI6NDQ4OSwidXJsIjoiaHR0cHM6XC9cL2hvbW9sb2dhLmpmcnMuanVzLmJyXC9tZW1vcmlhXC93cC1jb250ZW50XC91cGxvYWRzXC8yMDIyXC8wOVwvSU1BR0VNNC0xLTEucG5nIiwic2xpZGVzaG93IjoiMTkwZDZiNWMifQ%3D%3D\" href=\"https:\/\/homologa.jfrs.jus.br\/memoria\/wp-content\/uploads\/2022\/09\/IMAGEM4-1-1.png\"><figure class=\"swiper-slide-inner\"><img class=\"swiper-slide-image swiper-lazy\" data-src=\"https:\/\/homologa.jfrs.jus.br\/memoria\/wp-content\/uploads\/elementor\/thumbs\/IMAGEM4-1-1-pwgfm0scl90g5d08k4r0sjxlasu6i3ymc5m0qnllog.png\" alt=\"Sede atual da Justi\u00e7a Federal em Santiago, localizada na Rua Pedro Palmeiro, n\u00ba 1437. Registro de 27 de abril de 2022.\" \/><div class=\"swiper-lazy-preloader\"><\/div><figcaption class=\"elementor-image-carousel-caption\">Sede atual da Justi\u00e7a Federal em Santiago, localizada na Rua Pedro Palmeiro, n\u00ba 1437. Registro de 27 de abril de 2022.<\/figcaption><\/figure><\/a><\/div>\t\t\t<\/div>\n\t\t\t\t\t\t\t\n\t\t\t\t\t\t\t\t\t<div class=\"swiper-pagination\"><\/div>\n\t\t\t\t\t\t\t\t\t<\/div>\n\t\t\t\t\t\t<\/div>\n\t\t\t\t<\/div>\n\t\t\t\t\t<\/div>\n\t\t<\/div>\n\t\t\t\t\t<\/div>\n\t\t<\/section>\n\t\t\t\t<\/div>\n\t\t","protected":false},"excerpt":{"rendered":"<p>Santiago Instala\u00e7\u00e3o da subse\u00e7\u00e3o Inicialmente, a Justi\u00e7a Federal atuou no munic\u00edpio de Santiago por meio de um posto avan\u00e7ado de Juizado Especial Federal, instalado no munic\u00edpio em 15 de julho de 2004, e vinculado \u00e0 Subse\u00e7\u00e3o Judici\u00e1ria de Santa Maria. [&hellip;]<\/p>\n","protected":false},"author":3,"featured_media":0,"parent":1969,"menu_order":0,"comment_status":"closed","ping_status":"closed","template":"","meta":{"footnotes":""},"class_list":["post-4482","page","type-page","status-publish","hentry"],"_links":{"self":[{"href":"https:\/\/homologa.jfrs.jus.br\/memoria\/wp-json\/wp\/v2\/pages\/4482","targetHints":{"allow":["GET"]}}],"collection":[{"href":"https:\/\/homologa.jfrs.jus.br\/memoria\/wp-json\/wp\/v2\/pages"}],"about":[{"href":"https:\/\/homologa.jfrs.jus.br\/memoria\/wp-json\/wp\/v2\/types\/page"}],"author":[{"embeddable":true,"href":"https:\/\/homologa.jfrs.jus.br\/memoria\/wp-json\/wp\/v2\/users\/3"}],"replies":[{"embeddable":true,"href":"https:\/\/homologa.jfrs.jus.br\/memoria\/wp-json\/wp\/v2\/comments?post=4482"}],"version-history":[{"count":4,"href":"https:\/\/homologa.jfrs.jus.br\/memoria\/wp-json\/wp\/v2\/pages\/4482\/revisions"}],"predecessor-version":[{"id":81470,"href":"https:\/\/homologa.jfrs.jus.br\/memoria\/wp-json\/wp\/v2\/pages\/4482\/revisions\/81470"}],"up":[{"embeddable":true,"href":"https:\/\/homologa.jfrs.jus.br\/memoria\/wp-json\/wp\/v2\/pages\/1969"}],"wp:attachment":[{"href":"https:\/\/homologa.jfrs.jus.br\/memoria\/wp-json\/wp\/v2\/media?parent=4482"}],"curies":[{"name":"wp","href":"https:\/\/api.w.org\/{rel}","templated":true}]}}