{"id":4138,"date":"2022-08-19T19:14:18","date_gmt":"2022-08-19T22:14:18","guid":{"rendered":"https:\/\/homologa.jfrs.jus.br\/memoria\/?page_id=4138"},"modified":"2023-10-13T15:25:11","modified_gmt":"2023-10-13T18:25:11","slug":"ijui","status":"publish","type":"page","link":"https:\/\/homologa.jfrs.jus.br\/memoria\/historia\/subsecoes-judiciarias\/ijui\/","title":{"rendered":"Iju\u00ed"},"content":{"rendered":"\t\t<div data-elementor-type=\"wp-page\" data-elementor-id=\"4138\" class=\"elementor elementor-4138\">\n\t\t\t\t\t\t<section class=\"elementor-section elementor-top-section elementor-element elementor-element-27403e67 elementor-section-boxed elementor-section-height-default elementor-section-height-default\" data-id=\"27403e67\" data-element_type=\"section\">\n\t\t\t\t\t\t<div class=\"elementor-container elementor-column-gap-default\">\n\t\t\t\t\t<div class=\"elementor-column elementor-col-100 elementor-top-column elementor-element elementor-element-414d7118\" data-id=\"414d7118\" data-element_type=\"column\">\n\t\t\t<div class=\"elementor-widget-wrap elementor-element-populated\">\n\t\t\t\t\t\t<div class=\"elementor-element elementor-element-1154f1e3 elementor-widget elementor-widget-heading\" data-id=\"1154f1e3\" data-element_type=\"widget\" data-widget_type=\"heading.default\">\n\t\t\t\t<div class=\"elementor-widget-container\">\n\t\t\t\t\t<h1 class=\"elementor-heading-title elementor-size-default\">Iju\u00ed<\/h1>\t\t\t\t<\/div>\n\t\t\t\t<\/div>\n\t\t\t\t\t<\/div>\n\t\t<\/div>\n\t\t\t\t\t<\/div>\n\t\t<\/section>\n\t\t\t\t<section class=\"elementor-section elementor-top-section elementor-element elementor-element-79f76ee4 elementor-section-boxed elementor-section-height-default elementor-section-height-default\" data-id=\"79f76ee4\" data-element_type=\"section\" data-settings=\"{&quot;background_background&quot;:&quot;classic&quot;}\">\n\t\t\t\t\t\t<div class=\"elementor-container elementor-column-gap-default\">\n\t\t\t\t\t<div class=\"elementor-column elementor-col-100 elementor-top-column elementor-element elementor-element-3414535f\" data-id=\"3414535f\" data-element_type=\"column\" data-settings=\"{&quot;background_background&quot;:&quot;classic&quot;}\">\n\t\t\t<div class=\"elementor-widget-wrap elementor-element-populated\">\n\t\t\t\t\t\t<div class=\"elementor-element elementor-element-3a7dcbe animated-fast elementor-invisible elementor-widget elementor-widget-heading\" data-id=\"3a7dcbe\" data-element_type=\"widget\" data-settings=\"{&quot;_animation&quot;:&quot;fadeIn&quot;,&quot;_animation_delay&quot;:200}\" data-widget_type=\"heading.default\">\n\t\t\t\t<div class=\"elementor-widget-container\">\n\t\t\t\t\t<h2 class=\"elementor-heading-title elementor-size-default\">Instala\u00e7\u00e3o da subse\u00e7\u00e3o<\/h2>\t\t\t\t<\/div>\n\t\t\t\t<\/div>\n\t\t\t\t\t<\/div>\n\t\t<\/div>\n\t\t\t\t\t<\/div>\n\t\t<\/section>\n\t\t\t\t<section class=\"elementor-section elementor-top-section elementor-element elementor-element-59ab724e elementor-section-boxed elementor-section-height-default elementor-section-height-default\" data-id=\"59ab724e\" data-element_type=\"section\">\n\t\t\t\t\t\t<div class=\"elementor-container elementor-column-gap-default\">\n\t\t\t\t\t<div class=\"elementor-column elementor-col-50 elementor-top-column elementor-element elementor-element-33d98a2d\" data-id=\"33d98a2d\" data-element_type=\"column\">\n\t\t\t<div class=\"elementor-widget-wrap elementor-element-populated\">\n\t\t\t\t\t\t<div class=\"elementor-element elementor-element-1df9e485 e-transform elementor-widget elementor-widget-text-editor\" data-id=\"1df9e485\" data-element_type=\"widget\" data-settings=\"{&quot;_transform_translateY_effect&quot;:{&quot;unit&quot;:&quot;px&quot;,&quot;size&quot;:0,&quot;sizes&quot;:[]},&quot;_transform_translateX_effect&quot;:{&quot;unit&quot;:&quot;px&quot;,&quot;size&quot;:&quot;&quot;,&quot;sizes&quot;:[]},&quot;_transform_translateX_effect_tablet&quot;:{&quot;unit&quot;:&quot;px&quot;,&quot;size&quot;:&quot;&quot;,&quot;sizes&quot;:[]},&quot;_transform_translateX_effect_mobile&quot;:{&quot;unit&quot;:&quot;px&quot;,&quot;size&quot;:&quot;&quot;,&quot;sizes&quot;:[]},&quot;_transform_translateY_effect_tablet&quot;:{&quot;unit&quot;:&quot;px&quot;,&quot;size&quot;:&quot;&quot;,&quot;sizes&quot;:[]},&quot;_transform_translateY_effect_mobile&quot;:{&quot;unit&quot;:&quot;px&quot;,&quot;size&quot;:&quot;&quot;,&quot;sizes&quot;:[]}}\" data-widget_type=\"text-editor.default\">\n\t\t\t\t<div class=\"elementor-widget-container\">\n\t\t\t\t\t\t\t\t\t<p>O munic\u00edpio de Iju\u00ed recebeu, em 15 de outubro de 2010, a instala\u00e7\u00e3o do Juizado Especial Federal Avan\u00e7ado, atrav\u00e9s da <a href=\"https:\/\/memoria.jfrs.jus.br\/wp-content\/uploads\/2022\/08\/RESOL78.pdf\">Resolu\u00e7\u00e3o n\u00ba 78<\/a>, de 11 de outubro de 2010, vinculado \u00e0 Vara Federal e ao JEF Previdenci\u00e1rio da Subse\u00e7\u00e3o de Santo \u00c2ngelo, com compet\u00eancia restrita \u00e0s a\u00e7\u00f5es previdenci\u00e1rias de Juizados Especiais Federais. O posto avan\u00e7ado foi instalado no 7\u00ba andar do F\u00f3rum da Justi\u00e7a Estadual de Iju\u00ed, inicialmente com apenas uma servidora e duas estagi\u00e1rias cedidas pela Prefeitura de Iju\u00ed. At\u00e9 o ano seguinte, foram incorporados mais dois estagi\u00e1rios e um segundo servidor.<\/p><p>A Vara Federal sobreveio no dia 17 de outubro de 2016, criada pela <a href=\"https:\/\/memoria.jfrs.jus.br\/wp-content\/uploads\/2022\/08\/L13283.pdf\">Lei n\u00ba 13.283<\/a>, de 04 de maio de 2016, implantada e instalada pela <a href=\"https:\/\/memoria.jfrs.jus.br\/wp-content\/uploads\/2022\/08\/RESOL71.pdf\">Resolu\u00e7\u00e3o n\u00ba 71 do Tribunal Regional Federal da 4\u00aa Regi\u00e3o<\/a>, de 25 de julho de 2016. A cerim\u00f4nia foi conduzida pelo presidente do TRF4, Desembargador Federal Luiz Fernando Wowk Penteado, e contou com a presen\u00e7a da senadora da Rep\u00fablica Ana Am\u00e9lia Lemos, do diretor do Foro da Se\u00e7\u00e3o Judici\u00e1ria do Rio Grande do Sul, Juiz Federal Eduardo Tonetto Picarelli; do prefeito municipal Fioravante Ballin, e do presidente da Subse\u00e7\u00e3o de Iju\u00ed da OAB, advogado Fl\u00e1vio Roberto Spilmann Friedrich. Os diretores de Foro da Se\u00e7\u00e3o Judici\u00e1ria de Santa Catarina, Juiz Federal Jairo Gilberto Schaffer; da Se\u00e7\u00e3o Judici\u00e1ria do Paran\u00e1, Ju\u00edza Federal Gisele Lemke; e da Subse\u00e7\u00e3o de Iju\u00ed, Juiz Federal Alexandre Arnold tamb\u00e9m estiveram no evento, al\u00e9m de outras autoridades.<\/p>\t\t\t\t\t\t\t\t<\/div>\n\t\t\t\t<\/div>\n\t\t\t\t\t<\/div>\n\t\t<\/div>\n\t\t\t\t<div class=\"elementor-column elementor-col-50 elementor-top-column elementor-element elementor-element-5e3bb656\" data-id=\"5e3bb656\" data-element_type=\"column\">\n\t\t\t<div class=\"elementor-widget-wrap elementor-element-populated\">\n\t\t\t\t\t\t<div class=\"elementor-element elementor-element-24865c7e e-transform e-transform elementor-widget elementor-widget-image-carousel\" data-id=\"24865c7e\" data-element_type=\"widget\" data-settings=\"{&quot;slides_to_show&quot;:&quot;1&quot;,&quot;_transform_rotateZ_effect&quot;:{&quot;unit&quot;:&quot;px&quot;,&quot;size&quot;:0,&quot;sizes&quot;:[]},&quot;navigation&quot;:&quot;none&quot;,&quot;_transform_translateX_effect&quot;:{&quot;unit&quot;:&quot;px&quot;,&quot;size&quot;:0,&quot;sizes&quot;:[]},&quot;_transform_translateY_effect&quot;:{&quot;unit&quot;:&quot;px&quot;,&quot;size&quot;:-37,&quot;sizes&quot;:[]},&quot;autoplay&quot;:&quot;yes&quot;,&quot;pause_on_hover&quot;:&quot;yes&quot;,&quot;pause_on_interaction&quot;:&quot;yes&quot;,&quot;autoplay_speed&quot;:5000,&quot;infinite&quot;:&quot;yes&quot;,&quot;effect&quot;:&quot;slide&quot;,&quot;speed&quot;:500,&quot;_transform_rotateZ_effect_tablet&quot;:{&quot;unit&quot;:&quot;deg&quot;,&quot;size&quot;:&quot;&quot;,&quot;sizes&quot;:[]},&quot;_transform_rotateZ_effect_mobile&quot;:{&quot;unit&quot;:&quot;deg&quot;,&quot;size&quot;:&quot;&quot;,&quot;sizes&quot;:[]},&quot;_transform_translateX_effect_tablet&quot;:{&quot;unit&quot;:&quot;px&quot;,&quot;size&quot;:&quot;&quot;,&quot;sizes&quot;:[]},&quot;_transform_translateX_effect_mobile&quot;:{&quot;unit&quot;:&quot;px&quot;,&quot;size&quot;:&quot;&quot;,&quot;sizes&quot;:[]},&quot;_transform_translateY_effect_tablet&quot;:{&quot;unit&quot;:&quot;px&quot;,&quot;size&quot;:&quot;&quot;,&quot;sizes&quot;:[]},&quot;_transform_translateY_effect_mobile&quot;:{&quot;unit&quot;:&quot;px&quot;,&quot;size&quot;:&quot;&quot;,&quot;sizes&quot;:[]}}\" data-widget_type=\"image-carousel.default\">\n\t\t\t\t<div class=\"elementor-widget-container\">\n\t\t\t\t\t\t\t<div class=\"elementor-image-carousel-wrapper swiper\" role=\"region\" aria-roledescription=\"carousel\" aria-label=\"Carrossel de imagens\" dir=\"ltr\">\n\t\t\t<div class=\"elementor-image-carousel swiper-wrapper\" aria-live=\"off\">\n\t\t\t\t\t\t\t\t<div class=\"swiper-slide\" role=\"group\" aria-roledescription=\"slide\" aria-label=\"1 de 1\"><a data-elementor-open-lightbox=\"yes\" data-elementor-lightbox-slideshow=\"24865c7e\" data-e-action-hash=\"#elementor-action%3Aaction%3Dlightbox%26settings%3DeyJpZCI6NDE0MywidXJsIjoiaHR0cHM6XC9cL2hvbW9sb2dhLmpmcnMuanVzLmJyXC9tZW1vcmlhXC93cC1jb250ZW50XC91cGxvYWRzXC8yMDIyXC8wOFwvSU1BR0VNMS5qcGciLCJzbGlkZXNob3ciOiIyNDg2NWM3ZSJ9\" href=\"https:\/\/homologa.jfrs.jus.br\/memoria\/wp-content\/uploads\/2022\/08\/IMAGEM1.jpg\"><figure class=\"swiper-slide-inner\"><img decoding=\"async\" class=\"swiper-slide-image\" src=\"https:\/\/homologa.jfrs.jus.br\/memoria\/wp-content\/uploads\/2022\/08\/IMAGEM1-768x1022.jpg\" alt=\"Ata de instala\u00e7\u00e3o da Justi\u00e7a Federal em Iju\u00ed, 17\/10\/2016\" \/><figcaption class=\"elementor-image-carousel-caption\">Ata de instala\u00e7\u00e3o da Justi\u00e7a Federal em Iju\u00ed, 17\/10\/2016<\/figcaption><\/figure><\/a><\/div>\t\t\t<\/div>\n\t\t\t\t\t<\/div>\n\t\t\t\t\t\t<\/div>\n\t\t\t\t<\/div>\n\t\t\t\t\t<\/div>\n\t\t<\/div>\n\t\t\t\t\t<\/div>\n\t\t<\/section>\n\t\t\t\t<section class=\"elementor-section elementor-top-section elementor-element elementor-element-6cfcd604 elementor-section-content-middle elementor-section-boxed elementor-section-height-default elementor-section-height-default\" data-id=\"6cfcd604\" data-element_type=\"section\" data-settings=\"{&quot;background_background&quot;:&quot;classic&quot;}\">\n\t\t\t\t\t\t\t<div class=\"elementor-background-overlay\"><\/div>\n\t\t\t\t\t\t\t<div class=\"elementor-container elementor-column-gap-wide\">\n\t\t\t\t\t<div class=\"elementor-column elementor-col-100 elementor-top-column elementor-element elementor-element-1a9a70bf\" data-id=\"1a9a70bf\" data-element_type=\"column\" data-settings=\"{&quot;background_background&quot;:&quot;classic&quot;}\">\n\t\t\t<div class=\"elementor-widget-wrap elementor-element-populated\">\n\t\t\t\t\t\t<div class=\"elementor-element elementor-element-702ca45b elementor-invisible elementor-widget elementor-widget-heading\" data-id=\"702ca45b\" data-element_type=\"widget\" data-settings=\"{&quot;_animation&quot;:&quot;fadeIn&quot;,&quot;_animation_delay&quot;:100}\" data-widget_type=\"heading.default\">\n\t\t\t\t<div class=\"elementor-widget-container\">\n\t\t\t\t\t<h2 class=\"elementor-heading-title elementor-size-default\">A\u00e7\u00f5es Sociais<\/h2>\t\t\t\t<\/div>\n\t\t\t\t<\/div>\n\t\t\t\t<div class=\"elementor-element elementor-element-5519034a elementor-invisible elementor-widget elementor-widget-heading\" data-id=\"5519034a\" data-element_type=\"widget\" data-settings=\"{&quot;_animation&quot;:&quot;fadeIn&quot;,&quot;_animation_delay&quot;:150}\" data-widget_type=\"heading.default\">\n\t\t\t\t<div class=\"elementor-widget-container\">\n\t\t\t\t\t<h2 class=\"elementor-heading-title elementor-size-default\">Veja abaixo a atua\u00e7\u00e3o da Subse\u00e7\u00e3o na comunidade<\/h2>\t\t\t\t<\/div>\n\t\t\t\t<\/div>\n\t\t\t\t\t<\/div>\n\t\t<\/div>\n\t\t\t\t\t<\/div>\n\t\t<\/section>\n\t\t\t\t<section class=\"elementor-section elementor-top-section elementor-element elementor-element-2ba5ff4 elementor-section-boxed elementor-section-height-default elementor-section-height-default\" data-id=\"2ba5ff4\" data-element_type=\"section\">\n\t\t\t\t\t\t<div class=\"elementor-container elementor-column-gap-default\">\n\t\t\t\t\t<div class=\"elementor-column elementor-col-50 elementor-top-column elementor-element elementor-element-e1dd6ad\" data-id=\"e1dd6ad\" data-element_type=\"column\">\n\t\t\t<div class=\"elementor-widget-wrap elementor-element-populated\">\n\t\t\t\t\t\t<div class=\"elementor-element elementor-element-65d772c elementor-widget elementor-widget-text-editor\" data-id=\"65d772c\" data-element_type=\"widget\" data-widget_type=\"text-editor.default\">\n\t\t\t\t<div class=\"elementor-widget-container\">\n\t\t\t\t\t\t\t\t\t<p>A instala\u00e7\u00e3o da Vara de Iju\u00ed aproximou a comunidade da cidade da Jurisdi\u00e7\u00e3o Federal, visto que se tratava de demanda h\u00e1 muito tempo solicitada pela popula\u00e7\u00e3o e pleiteada pelo poder p\u00fablico da regi\u00e3o. Nesse sentido, sua presen\u00e7a ganha destaque pelo processamento das demandas previdenci\u00e1rias, tendo em vista que a ger\u00eancia executiva do Instituto Nacional de Seguridade Social est\u00e1 situada tamb\u00e9m em Iju\u00ed.<\/p><p>Para al\u00e9m das obriga\u00e7\u00f5es judici\u00e1rias, os servidores da JF tamb\u00e9m participaram de campanhas do agasalho arrecadando roupas, comidas n\u00e3o perec\u00edveis e materiais de limpeza para doa\u00e7\u00e3o a entidades beneficentes. Dessa forma, junto \u00e0 comunidade ijuiense, a Justi\u00e7a Federal colaborou com o desenvolvimento social e com a assist\u00eancia aos mais necessitados em \u00e9poca de frio intenso.<\/p>\t\t\t\t\t\t\t\t<\/div>\n\t\t\t\t<\/div>\n\t\t\t\t\t<\/div>\n\t\t<\/div>\n\t\t\t\t<div class=\"elementor-column elementor-col-50 elementor-top-column elementor-element elementor-element-deaf322\" data-id=\"deaf322\" data-element_type=\"column\">\n\t\t\t<div class=\"elementor-widget-wrap elementor-element-populated\">\n\t\t\t\t\t\t<div class=\"elementor-element elementor-element-5de8ece elementor-widget elementor-widget-image\" data-id=\"5de8ece\" data-element_type=\"widget\" data-widget_type=\"image.default\">\n\t\t\t\t<div class=\"elementor-widget-container\">\n\t\t\t\t\t\t\t\t\t\t\t\t<figure class=\"wp-caption\">\n\t\t\t\t\t\t\t\t\t\t\t<a href=\"https:\/\/memoria.jfrs.jus.br\/wp-content\/uploads\/2022\/08\/IMAGEM2.jpg\" data-elementor-open-lightbox=\"yes\" data-e-action-hash=\"#elementor-action%3Aaction%3Dlightbox%26settings%3DeyJpZCI6NDE0OSwidXJsIjoiaHR0cHM6XC9cL2hvbW9sb2dhLmpmcnMuanVzLmJyXC9tZW1vcmlhXC93cC1jb250ZW50XC91cGxvYWRzXC8yMDIyXC8wOFwvSU1BR0VNMi5qcGcifQ%3D%3D\">\n\t\t\t\t\t\t\t<img fetchpriority=\"high\" decoding=\"async\" width=\"800\" height=\"526\" src=\"https:\/\/homologa.jfrs.jus.br\/memoria\/wp-content\/uploads\/2022\/08\/IMAGEM2.jpg\" class=\"attachment-large size-large wp-image-4149\" alt=\"\" srcset=\"https:\/\/homologa.jfrs.jus.br\/memoria\/wp-content\/uploads\/2022\/08\/IMAGEM2.jpg 905w, https:\/\/homologa.jfrs.jus.br\/memoria\/wp-content\/uploads\/2022\/08\/IMAGEM2-300x197.jpg 300w, https:\/\/homologa.jfrs.jus.br\/memoria\/wp-content\/uploads\/2022\/08\/IMAGEM2-768x505.jpg 768w\" sizes=\"(max-width: 800px) 100vw, 800px\" \/>\t\t\t\t\t\t\t\t<\/a>\n\t\t\t\t\t\t\t\t\t\t\t<figcaption class=\"widget-image-caption wp-caption-text\">Servidores da Justi\u00e7a Federal de Iju\u00ed com roupas arrecadadas pela Campanha do Agasalho de 2017<\/figcaption>\n\t\t\t\t\t\t\t\t\t\t<\/figure>\n\t\t\t\t\t\t\t\t\t<\/div>\n\t\t\t\t<\/div>\n\t\t\t\t\t<\/div>\n\t\t<\/div>\n\t\t\t\t\t<\/div>\n\t\t<\/section>\n\t\t\t\t<section class=\"elementor-section elementor-top-section elementor-element elementor-element-13e32bf9 elementor-section-content-middle elementor-section-boxed elementor-section-height-default elementor-section-height-default\" data-id=\"13e32bf9\" data-element_type=\"section\" data-settings=\"{&quot;background_background&quot;:&quot;classic&quot;}\">\n\t\t\t\t\t\t\t<div class=\"elementor-background-overlay\"><\/div>\n\t\t\t\t\t\t\t<div class=\"elementor-container elementor-column-gap-wide\">\n\t\t\t\t\t<div class=\"elementor-column elementor-col-100 elementor-top-column elementor-element elementor-element-57cfe50a\" data-id=\"57cfe50a\" data-element_type=\"column\" data-settings=\"{&quot;background_background&quot;:&quot;classic&quot;}\">\n\t\t\t<div class=\"elementor-widget-wrap elementor-element-populated\">\n\t\t\t\t\t\t<div class=\"elementor-element elementor-element-22aa82a0 elementor-invisible elementor-widget elementor-widget-heading\" data-id=\"22aa82a0\" data-element_type=\"widget\" data-settings=\"{&quot;_animation&quot;:&quot;fadeIn&quot;,&quot;_animation_delay&quot;:100}\" data-widget_type=\"heading.default\">\n\t\t\t\t<div class=\"elementor-widget-container\">\n\t\t\t\t\t<h2 class=\"elementor-heading-title elementor-size-default\">Decis\u00f5es judiciais<\/h2>\t\t\t\t<\/div>\n\t\t\t\t<\/div>\n\t\t\t\t<div class=\"elementor-element elementor-element-2a8cca12 elementor-invisible elementor-widget elementor-widget-heading\" data-id=\"2a8cca12\" data-element_type=\"widget\" data-settings=\"{&quot;_animation&quot;:&quot;fadeIn&quot;,&quot;_animation_delay&quot;:150}\" data-widget_type=\"heading.default\">\n\t\t\t\t<div class=\"elementor-widget-container\">\n\t\t\t\t\t<h2 class=\"elementor-heading-title elementor-size-default\">Confira algumas das decis\u00f5es judiciais de grande relev\u00e2ncia proferidas na subse\u00e7\u00e3o<\/h2>\t\t\t\t<\/div>\n\t\t\t\t<\/div>\n\t\t\t\t\t<\/div>\n\t\t<\/div>\n\t\t\t\t\t<\/div>\n\t\t<\/section>\n\t\t\t\t<section class=\"elementor-section elementor-top-section elementor-element elementor-element-a4c956 elementor-section-boxed elementor-section-height-default elementor-section-height-default\" data-id=\"a4c956\" data-element_type=\"section\">\n\t\t\t\t\t\t<div class=\"elementor-container elementor-column-gap-default\">\n\t\t\t\t\t<div class=\"elementor-column elementor-col-100 elementor-top-column elementor-element elementor-element-6cb9b1f8\" data-id=\"6cb9b1f8\" data-element_type=\"column\">\n\t\t\t<div class=\"elementor-widget-wrap elementor-element-populated\">\n\t\t\t\t\t\t<div class=\"elementor-element elementor-element-61b2c668 elementor-widget elementor-widget-shortcode\" data-id=\"61b2c668\" data-element_type=\"widget\" data-widget_type=\"shortcode.default\">\n\t\t\t\t<div class=\"elementor-widget-container\">\n\t\t\t\t\t\t\t<div class=\"elementor-shortcode\"><\/div>\n\t\t\t\t\t\t<\/div>\n\t\t\t\t<\/div>\n\t\t\t\t\t<\/div>\n\t\t<\/div>\n\t\t\t\t\t<\/div>\n\t\t<\/section>\n\t\t\t\t<section class=\"elementor-section elementor-top-section elementor-element elementor-element-16618698 elementor-section-content-middle elementor-section-boxed elementor-section-height-default elementor-section-height-default\" data-id=\"16618698\" data-element_type=\"section\" data-settings=\"{&quot;background_background&quot;:&quot;classic&quot;}\">\n\t\t\t\t\t\t\t<div class=\"elementor-background-overlay\"><\/div>\n\t\t\t\t\t\t\t<div class=\"elementor-container elementor-column-gap-wide\">\n\t\t\t\t\t<div class=\"elementor-column elementor-col-100 elementor-top-column elementor-element elementor-element-5359de58\" data-id=\"5359de58\" data-element_type=\"column\" data-settings=\"{&quot;background_background&quot;:&quot;classic&quot;}\">\n\t\t\t<div class=\"elementor-widget-wrap elementor-element-populated\">\n\t\t\t\t\t\t<div class=\"elementor-element elementor-element-564c55e3 elementor-invisible elementor-widget elementor-widget-heading\" data-id=\"564c55e3\" data-element_type=\"widget\" data-settings=\"{&quot;_animation&quot;:&quot;fadeIn&quot;,&quot;_animation_delay&quot;:100}\" data-widget_type=\"heading.default\">\n\t\t\t\t<div class=\"elementor-widget-container\">\n\t\t\t\t\t<h2 class=\"elementor-heading-title elementor-size-default\">Sedes<\/h2>\t\t\t\t<\/div>\n\t\t\t\t<\/div>\n\t\t\t\t<div class=\"elementor-element elementor-element-c55897f elementor-invisible elementor-widget elementor-widget-heading\" data-id=\"c55897f\" data-element_type=\"widget\" data-settings=\"{&quot;_animation&quot;:&quot;fadeIn&quot;,&quot;_animation_delay&quot;:150}\" data-widget_type=\"heading.default\">\n\t\t\t\t<div class=\"elementor-widget-container\">\n\t\t\t\t\t<h2 class=\"elementor-heading-title elementor-size-default\">Confira os pr\u00e9dios que foram sede da subse\u00e7\u00e3o ao longo de sua hist\u00f3ria<\/h2>\t\t\t\t<\/div>\n\t\t\t\t<\/div>\n\t\t\t\t\t<\/div>\n\t\t<\/div>\n\t\t\t\t\t<\/div>\n\t\t<\/section>\n\t\t\t\t<section class=\"elementor-section elementor-top-section elementor-element elementor-element-cb02de5 elementor-section-boxed elementor-section-height-default elementor-section-height-default\" data-id=\"cb02de5\" data-element_type=\"section\">\n\t\t\t\t\t\t<div class=\"elementor-container elementor-column-gap-default\">\n\t\t\t\t\t<div class=\"elementor-column elementor-col-100 elementor-top-column elementor-element elementor-element-2d840ca\" data-id=\"2d840ca\" data-element_type=\"column\">\n\t\t\t<div class=\"elementor-widget-wrap elementor-element-populated\">\n\t\t\t\t\t\t<div class=\"elementor-element elementor-element-849eaff elementor-widget elementor-widget-image\" data-id=\"849eaff\" data-element_type=\"widget\" data-widget_type=\"image.default\">\n\t\t\t\t<div class=\"elementor-widget-container\">\n\t\t\t\t\t\t\t\t\t\t\t\t<figure class=\"wp-caption\">\n\t\t\t\t\t\t\t\t\t\t\t<a href=\"https:\/\/memoria.jfrs.jus.br\/wp-content\/uploads\/2022\/08\/IMAGEM3.jpg\" data-elementor-open-lightbox=\"yes\" data-elementor-lightbox-title=\"IMAGEM3\" data-e-action-hash=\"#elementor-action%3Aaction%3Dlightbox%26settings%3DeyJpZCI6NDE1MCwidXJsIjoiaHR0cHM6XC9cL2hvbW9sb2dhLmpmcnMuanVzLmJyXC9tZW1vcmlhXC93cC1jb250ZW50XC91cGxvYWRzXC8yMDIyXC8wOFwvSU1BR0VNMy5qcGcifQ%3D%3D\">\n\t\t\t\t\t\t\t<img decoding=\"async\" src=\"https:\/\/homologa.jfrs.jus.br\/memoria\/wp-content\/uploads\/elementor\/thumbs\/IMAGEM3-ptihmj6q9ivlh7kvwara8cho7d6saffwmw2y6cxou8.jpg\" title=\"IMAGEM3\" alt=\"imagem da fachada do pr\u00e9dio com a inscri\u00e7\u00e3o justi\u00e7a federal\" loading=\"lazy\" \/>\t\t\t\t\t\t\t\t<\/a>\n\t\t\t\t\t\t\t\t\t\t\t<figcaption class=\"widget-image-caption wp-caption-text\">Subse\u00e7\u00e3o da Justi\u00e7a Federal em Iju\u00ed, na Avenida 21 de abril, n\u00ba 44, bairro Centro<\/figcaption>\n\t\t\t\t\t\t\t\t\t\t<\/figure>\n\t\t\t\t\t\t\t\t\t<\/div>\n\t\t\t\t<\/div>\n\t\t\t\t\t<\/div>\n\t\t<\/div>\n\t\t\t\t\t<\/div>\n\t\t<\/section>\n\t\t\t\t<\/div>\n\t\t","protected":false},"excerpt":{"rendered":"<p>Iju\u00ed Instala\u00e7\u00e3o da subse\u00e7\u00e3o O munic\u00edpio de Iju\u00ed recebeu, em 15 de outubro de 2010, a instala\u00e7\u00e3o do Juizado Especial Federal Avan\u00e7ado, atrav\u00e9s da Resolu\u00e7\u00e3o n\u00ba 78, de 11 de outubro de 2010, vinculado \u00e0 Vara Federal e ao JEF [&hellip;]<\/p>\n","protected":false},"author":3,"featured_media":0,"parent":1969,"menu_order":0,"comment_status":"closed","ping_status":"closed","template":"","meta":{"footnotes":""},"class_list":["post-4138","page","type-page","status-publish","hentry"],"_links":{"self":[{"href":"https:\/\/homologa.jfrs.jus.br\/memoria\/wp-json\/wp\/v2\/pages\/4138","targetHints":{"allow":["GET"]}}],"collection":[{"href":"https:\/\/homologa.jfrs.jus.br\/memoria\/wp-json\/wp\/v2\/pages"}],"about":[{"href":"https:\/\/homologa.jfrs.jus.br\/memoria\/wp-json\/wp\/v2\/types\/page"}],"author":[{"embeddable":true,"href":"https:\/\/homologa.jfrs.jus.br\/memoria\/wp-json\/wp\/v2\/users\/3"}],"replies":[{"embeddable":true,"href":"https:\/\/homologa.jfrs.jus.br\/memoria\/wp-json\/wp\/v2\/comments?post=4138"}],"version-history":[{"count":15,"href":"https:\/\/homologa.jfrs.jus.br\/memoria\/wp-json\/wp\/v2\/pages\/4138\/revisions"}],"predecessor-version":[{"id":82121,"href":"https:\/\/homologa.jfrs.jus.br\/memoria\/wp-json\/wp\/v2\/pages\/4138\/revisions\/82121"}],"up":[{"embeddable":true,"href":"https:\/\/homologa.jfrs.jus.br\/memoria\/wp-json\/wp\/v2\/pages\/1969"}],"wp:attachment":[{"href":"https:\/\/homologa.jfrs.jus.br\/memoria\/wp-json\/wp\/v2\/media?parent=4138"}],"curies":[{"name":"wp","href":"https:\/\/api.w.org\/{rel}","templated":true}]}}