{"id":36905,"date":"2022-09-29T20:31:32","date_gmt":"2022-09-29T23:31:32","guid":{"rendered":"https:\/\/homologa.jfrs.jus.br\/memoria\/?page_id=36905"},"modified":"2022-09-29T20:38:30","modified_gmt":"2022-09-29T23:38:30","slug":"documentos","status":"publish","type":"page","link":"https:\/\/homologa.jfrs.jus.br\/memoria\/acervos\/documentos\/","title":{"rendered":"Documentos"},"content":{"rendered":"\t\t<div data-elementor-type=\"wp-page\" data-elementor-id=\"36905\" class=\"elementor elementor-36905\">\n\t\t\t\t\t\t<section class=\"elementor-section elementor-top-section elementor-element elementor-element-5a749ed9 elementor-section-boxed elementor-section-height-default elementor-section-height-default\" data-id=\"5a749ed9\" data-element_type=\"section\">\n\t\t\t\t\t\t<div class=\"elementor-container elementor-column-gap-default\">\n\t\t\t\t\t<div class=\"elementor-column elementor-col-100 elementor-top-column elementor-element elementor-element-102b2dc7\" data-id=\"102b2dc7\" data-element_type=\"column\">\n\t\t\t<div class=\"elementor-widget-wrap elementor-element-populated\">\n\t\t\t\t\t\t<div class=\"elementor-element elementor-element-37478d38 content-align-cta-default elementor-widget elementor-widget-eael-cta-box\" data-id=\"37478d38\" data-element_type=\"widget\" data-widget_type=\"eael-cta-box.default\">\n\t\t\t\t<div class=\"elementor-widget-container\">\n\t\t\t\t\t\t\t<div class=\"eael-call-to-action cta-basic bg-lite cta-preset-1\">\n        <h2 class=\"title eael-cta-heading\">Processos Hist\u00f3ricos<\/h2><p>Muitos documentos est\u00e3o descritos e podem ser consultados no AtoM da JFRS.<\/p><p>A pesquisa nos demais requer solicita\u00e7\u00e3o via e-mail ou telefone. Voc\u00ea pode encontrar nossos contatos no rodap\u00e9 deste portal.<\/p><a href=\"https:\/\/atom.jfrs.jus.br\/index.php\/\" class=\"cta-button cta-preset-1  \">Acessar o AtoM da JFRS<\/a>\t<\/div>\n\t\t\t\t\t\t\t\t<\/div>\n\t\t\t\t<\/div>\n\t\t\t\t\t<\/div>\n\t\t<\/div>\n\t\t\t\t\t<\/div>\n\t\t<\/section>\n\t\t\t\t<\/div>\n\t\t","protected":false},"excerpt":{"rendered":"<p>Muitos documentos est\u00e3o descritos e podem ser consultados no AtoM da JFRS. A pesquisa nos demais requer solicita\u00e7\u00e3o via e-mail ou telefone. <\/p>\n","protected":false},"author":1,"featured_media":654,"parent":3909,"menu_order":20,"comment_status":"closed","ping_status":"closed","template":"","meta":{"footnotes":""},"class_list":["post-36905","page","type-page","status-publish","has-post-thumbnail","hentry"],"_links":{"self":[{"href":"https:\/\/homologa.jfrs.jus.br\/memoria\/wp-json\/wp\/v2\/pages\/36905","targetHints":{"allow":["GET"]}}],"collection":[{"href":"https:\/\/homologa.jfrs.jus.br\/memoria\/wp-json\/wp\/v2\/pages"}],"about":[{"href":"https:\/\/homologa.jfrs.jus.br\/memoria\/wp-json\/wp\/v2\/types\/page"}],"author":[{"embeddable":true,"href":"https:\/\/homologa.jfrs.jus.br\/memoria\/wp-json\/wp\/v2\/users\/1"}],"replies":[{"embeddable":true,"href":"https:\/\/homologa.jfrs.jus.br\/memoria\/wp-json\/wp\/v2\/comments?post=36905"}],"version-history":[{"count":8,"href":"https:\/\/homologa.jfrs.jus.br\/memoria\/wp-json\/wp\/v2\/pages\/36905\/revisions"}],"predecessor-version":[{"id":36920,"href":"https:\/\/homologa.jfrs.jus.br\/memoria\/wp-json\/wp\/v2\/pages\/36905\/revisions\/36920"}],"up":[{"embeddable":true,"href":"https:\/\/homologa.jfrs.jus.br\/memoria\/wp-json\/wp\/v2\/pages\/3909"}],"wp:featuredmedia":[{"embeddable":true,"href":"https:\/\/homologa.jfrs.jus.br\/memoria\/wp-json\/wp\/v2\/media\/654"}],"wp:attachment":[{"href":"https:\/\/homologa.jfrs.jus.br\/memoria\/wp-json\/wp\/v2\/media?parent=36905"}],"curies":[{"name":"wp","href":"https:\/\/api.w.org\/{rel}","templated":true}]}}