{"id":26,"date":"2021-11-09T19:53:15","date_gmt":"2021-11-09T22:53:15","guid":{"rendered":"https:\/\/homologa.jfrs.jus.br\/memoria\/?page_id=26"},"modified":"2024-04-17T13:59:55","modified_gmt":"2024-04-17T16:59:55","slug":"comissao-de-memoria","status":"publish","type":"page","link":"https:\/\/homologa.jfrs.jus.br\/memoria\/gestao-de-memoria\/comissao-de-memoria\/","title":{"rendered":"Comiss\u00e3o de Mem\u00f3ria"},"content":{"rendered":"\t\t<div data-elementor-type=\"wp-page\" data-elementor-id=\"26\" class=\"elementor elementor-26\">\n\t\t\t\t\t\t<section class=\"elementor-section elementor-top-section elementor-element elementor-element-24f58737 elementor-section-boxed elementor-section-height-default elementor-section-height-default\" data-id=\"24f58737\" data-element_type=\"section\" data-settings=\"{&quot;background_background&quot;:&quot;classic&quot;}\">\n\t\t\t\t\t\t<div class=\"elementor-container elementor-column-gap-default\">\n\t\t\t\t\t<div class=\"elementor-column elementor-col-50 elementor-top-column elementor-element elementor-element-2b57e6d1\" data-id=\"2b57e6d1\" data-element_type=\"column\">\n\t\t\t<div class=\"elementor-widget-wrap elementor-element-populated\">\n\t\t\t\t\t\t<div class=\"elementor-element elementor-element-63f35d3 elementor-widget elementor-widget-heading\" data-id=\"63f35d3\" data-element_type=\"widget\" data-widget_type=\"heading.default\">\n\t\t\t\t<div class=\"elementor-widget-container\">\n\t\t\t\t\t<h2 class=\"elementor-heading-title elementor-size-default\">Gest\u00e3o da Mem\u00f3ria<\/h2>\t\t\t\t<\/div>\n\t\t\t\t<\/div>\n\t\t\t\t<div class=\"elementor-element elementor-element-0e6fd53 elementor-view-default elementor-widget elementor-widget-icon\" data-id=\"0e6fd53\" data-element_type=\"widget\" data-widget_type=\"icon.default\">\n\t\t\t\t<div class=\"elementor-widget-container\">\n\t\t\t\t\t\t\t<div class=\"elementor-icon-wrapper\">\n\t\t\t<div class=\"elementor-icon\">\n\t\t\t<i aria-hidden=\"true\" class=\"fas fa-quote-left\"><\/i>\t\t\t<\/div>\n\t\t<\/div>\n\t\t\t\t\t\t<\/div>\n\t\t\t\t<\/div>\n\t\t\t\t<div class=\"elementor-element elementor-element-5b9b993 elementor-widget elementor-widget-testimonial\" data-id=\"5b9b993\" data-element_type=\"widget\" data-widget_type=\"testimonial.default\">\n\t\t\t\t<div class=\"elementor-widget-container\">\n\t\t\t\t\t\t\t<div class=\"elementor-testimonial-wrapper\">\n\t\t\t\t\t\t\t<div class=\"elementor-testimonial-content\">Os fatos e os acontecimentos que constru\u00edram a identidade cultural do Poder Judici\u00e1rio devem ser preservados e valorizados. Al\u00e9m de vasto patrim\u00f4nio material e imaterial, somos guardi\u00f5es da hist\u00f3ria das personalidades que moldaram e constru\u00edram nossas institui\u00e7\u00f5es judici\u00e1rias. Ao reverenciarmos sua mem\u00f3ria e impedirmos que seu legado se desvane\u00e7a, n\u00f3s os fazemos reviver.<\/div>\n\t\t\t\n\t\t\t\t\t\t<div class=\"elementor-testimonial-meta elementor-has-image elementor-testimonial-image-position-aside\">\n\t\t\t\t<div class=\"elementor-testimonial-meta-inner\">\n\t\t\t\t\t\t\t\t\t\t\t<div class=\"elementor-testimonial-image\">\n\t\t\t\t\t\t\t<img fetchpriority=\"high\" decoding=\"async\" width=\"188\" height=\"268\" src=\"https:\/\/homologa.jfrs.jus.br\/memoria\/wp-content\/uploads\/2021\/11\/ministro-dias-toffoli.jpeg\" class=\"attachment-full size-full wp-image-1759\" alt=\"\" \/>\t\t\t\t\t\t<\/div>\n\t\t\t\t\t\n\t\t\t\t\t\t\t\t\t\t<div class=\"elementor-testimonial-details\">\n\t\t\t\t\t\t\t\t\t\t\t\t\t\t<div class=\"elementor-testimonial-name\">Ministro Jos\u00e9 Antonio Dias Toffoli<\/div>\n\t\t\t\t\t\t\t\t\t\t\t\t\t\t\t\t\t\t\t\t\t\t<div class=\"elementor-testimonial-job\">Presidente do Supremo Tribunal Federal e do Conselho Nacional de Justi\u00e7a no bi\u00eanio 2018-2020<\/div>\n\t\t\t\t\t\t\t\t\t\t\t\t\t<\/div>\n\t\t\t\t\t\t\t\t\t<\/div>\n\t\t\t<\/div>\n\t\t\t\t\t<\/div>\n\t\t\t\t\t\t<\/div>\n\t\t\t\t<\/div>\n\t\t\t\t<div class=\"elementor-element elementor-element-5a867d0 elementor-widget elementor-widget-text-editor\" data-id=\"5a867d0\" data-element_type=\"widget\" data-widget_type=\"text-editor.default\">\n\t\t\t\t<div class=\"elementor-widget-container\">\n\t\t\t\t\t\t\t\t\t<p><span style=\"font-weight: 400;\">A Mem\u00f3ria da Justi\u00e7a Federal do Rio Grande do Sul \u00e9 formada pelos registros que evidenciam seu papel na sociedade ga\u00facha e brasileira e est\u00e3o contidos nos autos judiciais, documentos, objetos, fotografias, m\u00f3veis e im\u00f3veis, fatos, pessoas e modos de fazer da institui\u00e7\u00e3o. Tais registros constituem patrim\u00f4nio cultural e hist\u00f3rico, que devem ser preservados em conformidade com o art. 216, \u00a7 1\u00ba, da Constitui\u00e7\u00e3o Federal. <\/span><\/p>\t\t\t\t\t\t\t\t<\/div>\n\t\t\t\t<\/div>\n\t\t\t\t<div class=\"elementor-element elementor-element-733c877 elementor-widget elementor-widget-spacer\" data-id=\"733c877\" data-element_type=\"widget\" data-widget_type=\"spacer.default\">\n\t\t\t\t<div class=\"elementor-widget-container\">\n\t\t\t\t\t\t\t<div class=\"elementor-spacer\">\n\t\t\t<div class=\"elementor-spacer-inner\"><\/div>\n\t\t<\/div>\n\t\t\t\t\t\t<\/div>\n\t\t\t\t<\/div>\n\t\t\t\t<section class=\"elementor-section elementor-inner-section elementor-element elementor-element-feeed22 elementor-section-boxed elementor-section-height-default elementor-section-height-default\" data-id=\"feeed22\" data-element_type=\"section\">\n\t\t\t\t\t\t<div class=\"elementor-container elementor-column-gap-no\">\n\t\t\t\t\t<div class=\"elementor-column elementor-col-50 elementor-inner-column elementor-element elementor-element-548bc8b4\" data-id=\"548bc8b4\" data-element_type=\"column\">\n\t\t\t<div class=\"elementor-widget-wrap elementor-element-populated\">\n\t\t\t\t\t\t<div class=\"elementor-element elementor-element-4cf9af35 elementor-widget elementor-widget-heading\" data-id=\"4cf9af35\" data-element_type=\"widget\" data-widget_type=\"heading.default\">\n\t\t\t\t<div class=\"elementor-widget-container\">\n\t\t\t\t\t<h3 class=\"elementor-heading-title elementor-size-default\">Resolu\u00e7\u00e3o n\u00ba 324\/2020 do CNJ<\/h3>\t\t\t\t<\/div>\n\t\t\t\t<\/div>\n\t\t\t\t<div class=\"elementor-element elementor-element-64a20603 elementor-widget elementor-widget-text-editor\" data-id=\"64a20603\" data-element_type=\"widget\" data-widget_type=\"text-editor.default\">\n\t\t\t\t<div class=\"elementor-widget-container\">\n\t\t\t\t\t\t\t\t\t<p><span style=\"font-weight: 400;\">A<\/span><b><a href=\"https:\/\/atos.cnj.jus.br\/atos\/detalhar\/3376\"> Resolu\u00e7\u00e3o n\u00ba 324\/2020 do CNJ<\/a>\u00a0<\/b><span style=\"font-weight: 400;\">instituiu diretrizes e normas de Gest\u00e3o de Mem\u00f3ria e de Gest\u00e3o Documental no Poder Judici\u00e1rio e definiu a Gest\u00e3o da Mem\u00f3ria como \u201co conjunto de a\u00e7\u00f5es e pr\u00e1ticas de preserva\u00e7\u00e3o, valoriza\u00e7\u00e3o e divulga\u00e7\u00e3o da hist\u00f3ria contida nos documentos, processos, arquivos, bibliotecas, museus, memoriais, personalidades, objetos e im\u00f3veis do Poder Judici\u00e1rio, abarcando iniciativas direcionadas \u00e0 pesquisa, \u00e0 conserva\u00e7\u00e3o, \u00e0 restaura\u00e7\u00e3o, \u00e0 reserva t\u00e9cnica, \u00e0 comunica\u00e7\u00e3o, \u00e0 a\u00e7\u00e3o cultural e educativa&#8221; (art. 2\u00ba, II).<\/span><\/p>\t\t\t\t\t\t\t\t<\/div>\n\t\t\t\t<\/div>\n\t\t\t\t\t<\/div>\n\t\t<\/div>\n\t\t\t\t<div class=\"elementor-column elementor-col-50 elementor-inner-column elementor-element elementor-element-1765209\" data-id=\"1765209\" data-element_type=\"column\">\n\t\t\t<div class=\"elementor-widget-wrap elementor-element-populated\">\n\t\t\t\t\t\t<div class=\"elementor-element elementor-element-1eef8cea elementor-widget elementor-widget-heading\" data-id=\"1eef8cea\" data-element_type=\"widget\" data-widget_type=\"heading.default\">\n\t\t\t\t<div class=\"elementor-widget-container\">\n\t\t\t\t\t<h3 class=\"elementor-heading-title elementor-size-default\">Portaria n\u00ba 356\/2021 da JFRS<\/h3>\t\t\t\t<\/div>\n\t\t\t\t<\/div>\n\t\t\t\t<div class=\"elementor-element elementor-element-104e5407 elementor-widget elementor-widget-text-editor\" data-id=\"104e5407\" data-element_type=\"widget\" data-widget_type=\"text-editor.default\">\n\t\t\t\t<div class=\"elementor-widget-container\">\n\t\t\t\t\t\t\t\t\t<p>Em 19 de mar\u00e7o de 2021, a Se\u00e7\u00e3o Judici\u00e1ria do Rio Grande do Sul constituiu sua Comiss\u00e3o de Gest\u00e3o da Mem\u00f3ria, por meio da<span style=\"font-weight: 400;\">\u00a0<\/span><b><a href=\"https:\/\/www.trf4.jus.br\/trf4\/diario\/visualiza_documento_adm.php?orgao=2&amp;id_materia=3016212&amp;reload=false\">Portaria n\u00ba 356\/2021,<\/a> <\/b>alterada pela <strong><a href=\"https:\/\/memoria.jfrs.jus.br\/wp-content\/uploads\/2022\/08\/SEI_6161140_Portaria_1092.pdf\">Portaria n\u00ba 1092\/2022<\/a>\u00a0<\/strong>e pela <strong><a href=\"https:\/\/intrars2.trf4.jus.br\/wp-content\/uploads\/2023\/12\/Portaria-2285.pdf\">Portaria n\u00ba 2285\/2023<\/a><\/strong><span style=\"font-size: 1rem; font-family: var( --e-global-typography-text-font-family), Sans-serif; font-weight: var( --e-global-typography-text-font-weight);\">.\u00a0<\/span>Coordenada pela Ju\u00edza Federal Andr\u00e9ia Castro Dias Moreira, \u00e9 composta por colaboradores de forma\u00e7\u00e3o diversificada, permitindo m\u00faltiplos e diferentes olhares para esta relevante compet\u00eancia institucional.<\/p>\t\t\t\t\t\t\t\t<\/div>\n\t\t\t\t<\/div>\n\t\t\t\t\t<\/div>\n\t\t<\/div>\n\t\t\t\t\t<\/div>\n\t\t<\/section>\n\t\t\t\t<div class=\"elementor-element elementor-element-782bd4e elementor-widget elementor-widget-heading\" data-id=\"782bd4e\" data-element_type=\"widget\" data-widget_type=\"heading.default\">\n\t\t\t\t<div class=\"elementor-widget-container\">\n\t\t\t\t\t<h4 class=\"elementor-heading-title elementor-size-default\">Comp\u00f5em a Comiss\u00e3o de Mem\u00f3ria da JFRS:<\/h4>\t\t\t\t<\/div>\n\t\t\t\t<\/div>\n\t\t\t\t<div class=\"elementor-element elementor-element-2e1d760 elementor-widget elementor-widget-text-editor\" data-id=\"2e1d760\" data-element_type=\"widget\" data-widget_type=\"text-editor.default\">\n\t\t\t\t<div class=\"elementor-widget-container\">\n\t\t\t\t\t\t\t\t\t<ul>\n<li style=\"font-weight: 400;\" aria-level=\"1\"><span style=\"font-weight: 400;\">Andr\u00e9ia Castro Dias Moreira &#8211; Ju\u00edza Federal \u2013 3\u00aa Vara Federal de Pelotas<\/span><\/li>\n<li style=\"font-weight: 400;\" aria-level=\"1\"><span style=\"font-weight: 400;\">Cristiane Galvan de Souza &#8211; Divis\u00e3o de Documenta\u00e7\u00e3o e Mem\u00f3ria<\/span><\/li>\n<li style=\"font-weight: 400;\" aria-level=\"1\"><span style=\"font-weight: 400;\">Daniel Tietz Quadrado &#8211; 23\u00aa Vara Federal de Porto Alegre<br><\/span><\/li>\n<li style=\"\" aria-level=\"1\">Dirce Helena Pinto Sancandi &#8211;&nbsp; Divis\u00e3o de Apoio \u00e0 Infraestrutura e Eventos<br><\/li>\n<li style=\"font-weight: 400;\" aria-level=\"1\"><span style=\"font-weight: 400;\">Ligia Luz Livi &#8211; Biblioteca\/Divis\u00e3o de Documenta\u00e7\u00e3o e Mem\u00f3ria<\/span><\/li>\n<li style=\"font-weight: 400;\" aria-level=\"1\"><span style=\"font-weight: 400;\">Mateus Paulo Beck &#8211; Divis\u00e3o de Apoio Operacional<\/span><\/li>\n<li style=\"font-weight: 400;\" aria-level=\"1\"><span style=\"font-weight: 400;\">Patrick Lucca da Ros &#8211; Juiz Federal Substituto \u2013 2\u00aa Vara Federal de Bento Gon\u00e7alves<\/span><\/li>\n<li style=\"font-weight: 400;\" aria-level=\"1\"><span style=\"font-weight: 400;\">Piter Oliveira Vergara &#8211; Divis\u00e3o de Tecnologia da Informa\u00e7\u00e3o<\/span><\/li>\n<li style=\"font-weight: 400;\" aria-level=\"1\"><span style=\"font-weight: 400;\">Renata de Souza Dias Gay da Fonseca&nbsp;&#8211; Se\u00e7\u00e3o de Comunica\u00e7\u00e3o Social<\/span><\/li>\n<li style=\"font-weight: 400;\" aria-level=\"1\"><span style=\"font-weight: 400;\">Tassiara Jaqueline Fanck Kich &#8211;&nbsp;<\/span>Divis\u00e3o de Documenta\u00e7\u00e3o e Mem\u00f3ria<\/li>\n<\/ul>\t\t\t\t\t\t\t\t<\/div>\n\t\t\t\t<\/div>\n\t\t\t\t\t<\/div>\n\t\t<\/div>\n\t\t\t\t<div class=\"elementor-column elementor-col-50 elementor-top-column elementor-element elementor-element-6a8f03a6\" data-id=\"6a8f03a6\" data-element_type=\"column\" data-settings=\"{&quot;background_background&quot;:&quot;classic&quot;}\">\n\t\t\t<div class=\"elementor-widget-wrap elementor-element-populated\">\n\t\t\t\t\t<div class=\"elementor-background-overlay\"><\/div>\n\t\t\t\t\t\t\t<\/div>\n\t\t<\/div>\n\t\t\t\t\t<\/div>\n\t\t<\/section>\n\t\t\t\t<\/div>\n\t\t","protected":false},"excerpt":{"rendered":"<p>Gest\u00e3o da Mem\u00f3ria Os fatos e os acontecimentos que constru\u00edram a identidade cultural do Poder Judici\u00e1rio devem ser preservados e valorizados. Al\u00e9m de vasto patrim\u00f4nio material e imaterial, somos guardi\u00f5es da hist\u00f3ria das personalidades que moldaram e constru\u00edram nossas institui\u00e7\u00f5es [&hellip;]<\/p>\n","protected":false},"author":1,"featured_media":1949,"parent":1831,"menu_order":10,"comment_status":"closed","ping_status":"closed","template":"","meta":{"footnotes":""},"class_list":["post-26","page","type-page","status-publish","has-post-thumbnail","hentry"],"_links":{"self":[{"href":"https:\/\/homologa.jfrs.jus.br\/memoria\/wp-json\/wp\/v2\/pages\/26","targetHints":{"allow":["GET"]}}],"collection":[{"href":"https:\/\/homologa.jfrs.jus.br\/memoria\/wp-json\/wp\/v2\/pages"}],"about":[{"href":"https:\/\/homologa.jfrs.jus.br\/memoria\/wp-json\/wp\/v2\/types\/page"}],"author":[{"embeddable":true,"href":"https:\/\/homologa.jfrs.jus.br\/memoria\/wp-json\/wp\/v2\/users\/1"}],"replies":[{"embeddable":true,"href":"https:\/\/homologa.jfrs.jus.br\/memoria\/wp-json\/wp\/v2\/comments?post=26"}],"version-history":[{"count":15,"href":"https:\/\/homologa.jfrs.jus.br\/memoria\/wp-json\/wp\/v2\/pages\/26\/revisions"}],"predecessor-version":[{"id":82311,"href":"https:\/\/homologa.jfrs.jus.br\/memoria\/wp-json\/wp\/v2\/pages\/26\/revisions\/82311"}],"up":[{"embeddable":true,"href":"https:\/\/homologa.jfrs.jus.br\/memoria\/wp-json\/wp\/v2\/pages\/1831"}],"wp:featuredmedia":[{"embeddable":true,"href":"https:\/\/homologa.jfrs.jus.br\/memoria\/wp-json\/wp\/v2\/media\/1949"}],"wp:attachment":[{"href":"https:\/\/homologa.jfrs.jus.br\/memoria\/wp-json\/wp\/v2\/media?parent=26"}],"curies":[{"name":"wp","href":"https:\/\/api.w.org\/{rel}","templated":true}]}}