{"id":1969,"date":"2021-12-02T11:38:41","date_gmt":"2021-12-02T14:38:41","guid":{"rendered":"https:\/\/homologa.jfrs.jus.br\/memoria\/?page_id=1969"},"modified":"2022-12-13T13:53:13","modified_gmt":"2022-12-13T16:53:13","slug":"subsecoes-judiciarias","status":"publish","type":"page","link":"https:\/\/homologa.jfrs.jus.br\/memoria\/historia\/subsecoes-judiciarias\/","title":{"rendered":"Subse\u00e7\u00f5es Judici\u00e1rias"},"content":{"rendered":"\t\t<div data-elementor-type=\"wp-page\" data-elementor-id=\"1969\" class=\"elementor elementor-1969\">\n\t\t\t\t\t\t<section class=\"elementor-section elementor-top-section elementor-element elementor-element-4a546af3 elementor-section-boxed elementor-section-height-default elementor-section-height-default\" data-id=\"4a546af3\" data-element_type=\"section\" data-settings=\"{&quot;background_background&quot;:&quot;classic&quot;}\">\n\t\t\t\t\t\t<div class=\"elementor-container elementor-column-gap-default\">\n\t\t\t\t\t<div class=\"elementor-column elementor-col-50 elementor-top-column elementor-element elementor-element-3b806db5\" data-id=\"3b806db5\" data-element_type=\"column\">\n\t\t\t<div class=\"elementor-widget-wrap elementor-element-populated\">\n\t\t\t\t\t\t<div class=\"elementor-element elementor-element-7d1f0e9d animated-fast elementor-invisible elementor-widget elementor-widget-heading\" data-id=\"7d1f0e9d\" data-element_type=\"widget\" data-settings=\"{&quot;_animation&quot;:&quot;fadeIn&quot;,&quot;_animation_delay&quot;:100}\" data-widget_type=\"heading.default\">\n\t\t\t\t<div class=\"elementor-widget-container\">\n\t\t\t\t\t<h6 class=\"elementor-heading-title elementor-size-default\">Hist\u00f3ria<\/h6>\t\t\t\t<\/div>\n\t\t\t\t<\/div>\n\t\t\t\t<div class=\"elementor-element elementor-element-33f46f84 animated-fast elementor-invisible elementor-widget elementor-widget-heading\" data-id=\"33f46f84\" data-element_type=\"widget\" data-settings=\"{&quot;_animation&quot;:&quot;fadeIn&quot;,&quot;_animation_delay&quot;:200}\" data-widget_type=\"heading.default\">\n\t\t\t\t<div class=\"elementor-widget-container\">\n\t\t\t\t\t<h2 class=\"elementor-heading-title elementor-size-default\">Subse\u00e7\u00f5es Judici\u00e1rias<\/h2>\t\t\t\t<\/div>\n\t\t\t\t<\/div>\n\t\t\t\t<div class=\"elementor-element elementor-element-3f761ddd animated-fast elementor-invisible elementor-widget elementor-widget-text-editor\" data-id=\"3f761ddd\" data-element_type=\"widget\" data-settings=\"{&quot;_animation&quot;:&quot;fadeIn&quot;,&quot;_animation_delay&quot;:300}\" data-widget_type=\"text-editor.default\">\n\t\t\t\t<div class=\"elementor-widget-container\">\n\t\t\t\t\t\t\t\t\t<p>A Justi\u00e7a Federal do Rio Grande do Sul est\u00e1 organizada em subse\u00e7\u00f5es judici\u00e1rias. Atualmente, s\u00e3o 25 subse\u00e7\u00f5es no estado. Nesta p\u00e1gina voc\u00ea encontra a lista dessas subse\u00e7\u00f5es, indicadas pelo nome de suas cidades-sede. Clique nos links para visitar as p\u00e1ginas com as informa\u00e7\u00f5es hist\u00f3ricas de cada uma.<\/p>\t\t\t\t\t\t\t\t<\/div>\n\t\t\t\t<\/div>\n\t\t\t\t<div class=\"elementor-element elementor-element-bd448af elementor-widget elementor-widget-shortcode\" data-id=\"bd448af\" data-element_type=\"widget\" data-widget_type=\"shortcode.default\">\n\t\t\t\t<div class=\"elementor-widget-container\">\n\t\t\t\t\t\t\t<div class=\"elementor-shortcode\"><div class=\"memoria-jfrs-list-pages-subsecao-list\">\t\t\t\t\t\n\t\t<div class=\"memoria-jfrs-list-pages-subsecao-listitem publish\">\n\t\t\t<a target=\"_SELF\" href=\"https:\/\/homologa.jfrs.jus.br\/memoria\/historia\/subsecoes-judiciarias\/bage\/\">Bag\u00e9<\/a>\n\t\t<\/div>\n\t\t\t\t\t\t\n\t\t<div class=\"memoria-jfrs-list-pages-subsecao-listitem publish\">\n\t\t\t<a target=\"_SELF\" href=\"https:\/\/homologa.jfrs.jus.br\/memoria\/historia\/subsecoes-judiciarias\/bento-goncalves\/\">Bento Gon\u00e7alves<\/a>\n\t\t<\/div>\n\t\t\t\t\t\t\n\t\t<div class=\"memoria-jfrs-list-pages-subsecao-listitem publish\">\n\t\t\t<a target=\"_SELF\" href=\"https:\/\/homologa.jfrs.jus.br\/memoria\/historia\/subsecoes-judiciarias\/rscac\/\">Cachoeira do Sul<\/a>\n\t\t<\/div>\n\t\t\t\t\t\t\n\t\t<div class=\"memoria-jfrs-list-pages-subsecao-listitem publish\">\n\t\t\t<a target=\"_SELF\" href=\"https:\/\/homologa.jfrs.jus.br\/memoria\/historia\/subsecoes-judiciarias\/canoas\/\">Canoas<\/a>\n\t\t<\/div>\n\t\t\t\t\t\t\n\t\t<div class=\"memoria-jfrs-list-pages-subsecao-listitem publish\">\n\t\t\t<a target=\"_SELF\" href=\"https:\/\/homologa.jfrs.jus.br\/memoria\/historia\/subsecoes-judiciarias\/capao-da-canoa\/\">Cap\u00e3o da Canoa<\/a>\n\t\t<\/div>\n\t\t\t\t\t\t\n\t\t<div class=\"memoria-jfrs-list-pages-subsecao-listitem publish\">\n\t\t\t<a target=\"_SELF\" href=\"https:\/\/homologa.jfrs.jus.br\/memoria\/historia\/subsecoes-judiciarias\/rscar\/\">Carazinho<\/a>\n\t\t<\/div>\n\t\t\t\t\t\t\n\t\t<div class=\"memoria-jfrs-list-pages-subsecao-listitem publish\">\n\t\t\t<a target=\"_SELF\" href=\"https:\/\/homologa.jfrs.jus.br\/memoria\/historia\/subsecoes-judiciarias\/caxias-do-sul\/\">Caxias do Sul<\/a>\n\t\t<\/div>\n\t\t\t\t\t\t\n\t\t<div class=\"memoria-jfrs-list-pages-subsecao-listitem publish\">\n\t\t\t<a target=\"_SELF\" href=\"https:\/\/homologa.jfrs.jus.br\/memoria\/historia\/subsecoes-judiciarias\/rscza\/\">Cruz Alta<\/a>\n\t\t<\/div>\n\t\t\t\t\t\t\n\t\t<div class=\"memoria-jfrs-list-pages-subsecao-listitem publish\">\n\t\t\t<a target=\"_SELF\" href=\"https:\/\/homologa.jfrs.jus.br\/memoria\/historia\/subsecoes-judiciarias\/erechim\/\">Erechim<\/a>\n\t\t<\/div>\n\t\t\t\t\t\t\n\t\t<div class=\"memoria-jfrs-list-pages-subsecao-listitem publish\">\n\t\t\t<a target=\"_SELF\" href=\"https:\/\/homologa.jfrs.jus.br\/memoria\/historia\/subsecoes-judiciarias\/gravatai\/\">Gravata\u00ed<\/a>\n\t\t<\/div>\n\t\t\t\t\t\t\n\t\t<div class=\"memoria-jfrs-list-pages-subsecao-listitem publish\">\n\t\t\t<a target=\"_SELF\" href=\"https:\/\/homologa.jfrs.jus.br\/memoria\/historia\/subsecoes-judiciarias\/ijui\/\">Iju\u00ed<\/a>\n\t\t<\/div>\n\t\t\t\t\t\t\n\t\t<div class=\"memoria-jfrs-list-pages-subsecao-listitem publish\">\n\t\t\t<a target=\"_SELF\" href=\"https:\/\/homologa.jfrs.jus.br\/memoria\/historia\/subsecoes-judiciarias\/lajeado\/\">Lajeado<\/a>\n\t\t<\/div>\n\t\t\t\t\t\t\n\t\t<div class=\"memoria-jfrs-list-pages-subsecao-listitem publish\">\n\t\t\t<a target=\"_SELF\" href=\"https:\/\/homologa.jfrs.jus.br\/memoria\/historia\/subsecoes-judiciarias\/novo-hamburgo\/\">Novo Hamburgo<\/a>\n\t\t<\/div>\n\t\t\t\t\t\t\n\t\t<div class=\"memoria-jfrs-list-pages-subsecao-listitem publish\">\n\t\t\t<a target=\"_SELF\" href=\"https:\/\/homologa.jfrs.jus.br\/memoria\/historia\/subsecoes-judiciarias\/palmeira-das-missoes\/\">Palmeira das Miss\u00f5es<\/a>\n\t\t<\/div>\n\t\t\t\t\t\t\n\t\t<div class=\"memoria-jfrs-list-pages-subsecao-listitem publish\">\n\t\t\t<a target=\"_SELF\" href=\"https:\/\/homologa.jfrs.jus.br\/memoria\/historia\/subsecoes-judiciarias\/passo-fundo\/\">Passo Fundo<\/a>\n\t\t<\/div>\n\t\t\t\t\t\t\n\t\t<div class=\"memoria-jfrs-list-pages-subsecao-listitem publish\">\n\t\t\t<a target=\"_SELF\" href=\"https:\/\/homologa.jfrs.jus.br\/memoria\/historia\/subsecoes-judiciarias\/pelotas\/\">Pelotas<\/a>\n\t\t<\/div>\n\t\t\t\t\t\t\n\t\t<div class=\"memoria-jfrs-list-pages-subsecao-listitem publish\">\n\t\t\t<a target=\"_SELF\" href=\"https:\/\/homologa.jfrs.jus.br\/memoria\/historia\/subsecoes-judiciarias\/rsrgr\/\">Rio Grande<\/a>\n\t\t<\/div>\n\t\t\t\t\t\t\n\t\t<div class=\"memoria-jfrs-list-pages-subsecao-listitem publish\">\n\t\t\t<a target=\"_SELF\" href=\"https:\/\/homologa.jfrs.jus.br\/memoria\/historia\/subsecoes-judiciarias\/santa-cruz-do-sul\/\">Santa Cruz do Sul<\/a>\n\t\t<\/div>\n\t\t\t\t\t\t\n\t\t<div class=\"memoria-jfrs-list-pages-subsecao-listitem publish\">\n\t\t\t<a target=\"_SELF\" href=\"https:\/\/homologa.jfrs.jus.br\/memoria\/historia\/subsecoes-judiciarias\/santa-maria\/\">Santa Maria<\/a>\n\t\t<\/div>\n\t\t\t\t\t\t\n\t\t<div class=\"memoria-jfrs-list-pages-subsecao-listitem publish\">\n\t\t\t<a target=\"_SELF\" href=\"https:\/\/homologa.jfrs.jus.br\/memoria\/historia\/subsecoes-judiciarias\/santa-rosa\/\">Santa Rosa<\/a>\n\t\t<\/div>\n\t\t\t\t\t\t\n\t\t<div class=\"memoria-jfrs-list-pages-subsecao-listitem publish\">\n\t\t\t<a target=\"_SELF\" href=\"https:\/\/homologa.jfrs.jus.br\/memoria\/historia\/subsecoes-judiciarias\/santana-do-livramento\/\">Santana do Livramento<\/a>\n\t\t<\/div>\n\t\t\t\t\t\t\n\t\t<div class=\"memoria-jfrs-list-pages-subsecao-listitem publish\">\n\t\t\t<a target=\"_SELF\" href=\"https:\/\/homologa.jfrs.jus.br\/memoria\/historia\/subsecoes-judiciarias\/santiago\/\">Santiago<\/a>\n\t\t<\/div>\n\t\t\t\t\t\t\n\t\t<div class=\"memoria-jfrs-list-pages-subsecao-listitem publish\">\n\t\t\t<a target=\"_SELF\" href=\"https:\/\/homologa.jfrs.jus.br\/memoria\/historia\/subsecoes-judiciarias\/santo-angelo\/\">Santo \u00c2ngelo<\/a>\n\t\t<\/div>\n\t\t\t\t\t\t\n\t\t<div class=\"memoria-jfrs-list-pages-subsecao-listitem publish\">\n\t\t\t<a target=\"_SELF\" href=\"https:\/\/homologa.jfrs.jus.br\/memoria\/historia\/subsecoes-judiciarias\/rsuru\/\">Uruguaiana<\/a>\n\t\t<\/div>\n\t<\/div><\/div>\n\t\t\t\t\t\t<\/div>\n\t\t\t\t<\/div>\n\t\t\t\t\t<\/div>\n\t\t<\/div>\n\t\t\t\t<div class=\"make-column-clickable-elementor elementor-column elementor-col-50 elementor-top-column elementor-element elementor-element-7cf49716\" style=\"cursor: pointer;\" data-column-clickable=\"#\" data-column-clickable-blank=\"_self\" data-id=\"7cf49716\" data-element_type=\"column\">\n\t\t\t<div class=\"elementor-widget-wrap elementor-element-populated\">\n\t\t\t\t\t\t<div class=\"elementor-element elementor-element-420623a5 animated-fast elementor-invisible elementor-widget elementor-widget-spacer\" data-id=\"420623a5\" data-element_type=\"widget\" data-settings=\"{&quot;_animation&quot;:&quot;fadeIn&quot;}\" data-widget_type=\"spacer.default\">\n\t\t\t\t<div class=\"elementor-widget-container\">\n\t\t\t\t\t\t\t<div class=\"elementor-spacer\">\n\t\t\t<div class=\"elementor-spacer-inner\"><\/div>\n\t\t<\/div>\n\t\t\t\t\t\t<\/div>\n\t\t\t\t<\/div>\n\t\t\t\t\t<\/div>\n\t\t<\/div>\n\t\t\t\t\t<\/div>\n\t\t<\/section>\n\t\t\t\t<\/div>\n\t\t","protected":false},"excerpt":{"rendered":"<p>Hist\u00f3ria Subse\u00e7\u00f5es Judici\u00e1rias A Justi\u00e7a Federal do Rio Grande do Sul est\u00e1 organizada em subse\u00e7\u00f5es judici\u00e1rias. Atualmente, s\u00e3o 25 subse\u00e7\u00f5es no estado. Nesta p\u00e1gina voc\u00ea encontra a lista dessas subse\u00e7\u00f5es, indicadas pelo nome de suas cidades-sede. Clique nos links para [&hellip;]<\/p>\n","protected":false},"author":1,"featured_media":1970,"parent":1963,"menu_order":20,"comment_status":"closed","ping_status":"closed","template":"","meta":{"footnotes":""},"class_list":["post-1969","page","type-page","status-publish","has-post-thumbnail","hentry"],"_links":{"self":[{"href":"https:\/\/homologa.jfrs.jus.br\/memoria\/wp-json\/wp\/v2\/pages\/1969","targetHints":{"allow":["GET"]}}],"collection":[{"href":"https:\/\/homologa.jfrs.jus.br\/memoria\/wp-json\/wp\/v2\/pages"}],"about":[{"href":"https:\/\/homologa.jfrs.jus.br\/memoria\/wp-json\/wp\/v2\/types\/page"}],"author":[{"embeddable":true,"href":"https:\/\/homologa.jfrs.jus.br\/memoria\/wp-json\/wp\/v2\/users\/1"}],"replies":[{"embeddable":true,"href":"https:\/\/homologa.jfrs.jus.br\/memoria\/wp-json\/wp\/v2\/comments?post=1969"}],"version-history":[{"count":15,"href":"https:\/\/homologa.jfrs.jus.br\/memoria\/wp-json\/wp\/v2\/pages\/1969\/revisions"}],"predecessor-version":[{"id":81716,"href":"https:\/\/homologa.jfrs.jus.br\/memoria\/wp-json\/wp\/v2\/pages\/1969\/revisions\/81716"}],"up":[{"embeddable":true,"href":"https:\/\/homologa.jfrs.jus.br\/memoria\/wp-json\/wp\/v2\/pages\/1963"}],"wp:featuredmedia":[{"embeddable":true,"href":"https:\/\/homologa.jfrs.jus.br\/memoria\/wp-json\/wp\/v2\/media\/1970"}],"wp:attachment":[{"href":"https:\/\/homologa.jfrs.jus.br\/memoria\/wp-json\/wp\/v2\/media?parent=1969"}],"curies":[{"name":"wp","href":"https:\/\/api.w.org\/{rel}","templated":true}]}}