{"id":153,"date":"2021-11-12T09:10:05","date_gmt":"2021-11-12T12:10:05","guid":{"rendered":"https:\/\/homologa.jfrs.jus.br\/memoria\/?page_id=153"},"modified":"2024-11-22T16:29:44","modified_gmt":"2024-11-22T19:29:44","slug":"home","status":"publish","type":"page","link":"https:\/\/homologa.jfrs.jus.br\/memoria\/","title":{"rendered":"Home"},"content":{"rendered":"\t\t<div data-elementor-type=\"wp-page\" data-elementor-id=\"153\" class=\"elementor elementor-153\">\n\t\t\t\t\t\t<section class=\"elementor-section elementor-top-section elementor-element elementor-element-0f5161b elementor-section-full_width elementor-section-height-default elementor-section-height-default\" data-id=\"0f5161b\" data-element_type=\"section\">\n\t\t\t\t\t\t<div class=\"elementor-container elementor-column-gap-default\">\n\t\t\t\t\t<div class=\"elementor-column elementor-col-100 elementor-top-column elementor-element elementor-element-1c78e07\" data-id=\"1c78e07\" data-element_type=\"column\" data-settings=\"{&quot;background_background&quot;:&quot;classic&quot;}\">\n\t\t\t<div class=\"elementor-widget-wrap elementor-element-populated\">\n\t\t\t\t\t\t<div class=\"elementor-element elementor-element-30abdf1 elementor-invisible elementor-widget elementor-widget-image\" data-id=\"30abdf1\" data-element_type=\"widget\" data-settings=\"{&quot;_animation&quot;:&quot;zoomIn&quot;}\" data-widget_type=\"image.default\">\n\t\t\t\t<div class=\"elementor-widget-container\">\n\t\t\t\t\t\t\t\t\t\t\t\t\t\t\t\t<a href=\"\/desastre-climatico-de-maio-de-2024\/\">\n\t\t\t\t\t\t\t<img fetchpriority=\"high\" decoding=\"async\" width=\"800\" height=\"268\" src=\"https:\/\/homologa.jfrs.jus.br\/memoria\/wp-content\/uploads\/2024\/11\/banner-desastre-climatico-op2-1024x343.png\" class=\"attachment-large size-large wp-image-83505\" alt=\"\" srcset=\"https:\/\/homologa.jfrs.jus.br\/memoria\/wp-content\/uploads\/2024\/11\/banner-desastre-climatico-op2-1024x343.png 1024w, https:\/\/homologa.jfrs.jus.br\/memoria\/wp-content\/uploads\/2024\/11\/banner-desastre-climatico-op2-300x100.png 300w, https:\/\/homologa.jfrs.jus.br\/memoria\/wp-content\/uploads\/2024\/11\/banner-desastre-climatico-op2-768x257.png 768w, https:\/\/homologa.jfrs.jus.br\/memoria\/wp-content\/uploads\/2024\/11\/banner-desastre-climatico-op2-1536x514.png 1536w, https:\/\/homologa.jfrs.jus.br\/memoria\/wp-content\/uploads\/2024\/11\/banner-desastre-climatico-op2.png 1805w\" sizes=\"(max-width: 800px) 100vw, 800px\" \/>\t\t\t\t\t\t\t\t<\/a>\n\t\t\t\t\t\t\t\t\t\t\t\t\t\t\t<\/div>\n\t\t\t\t<\/div>\n\t\t\t\t\t<\/div>\n\t\t<\/div>\n\t\t\t\t\t<\/div>\n\t\t<\/section>\n\t\t\t\t<section class=\"elementor-section elementor-top-section elementor-element elementor-element-7585a0c5 elementor-section-boxed elementor-section-height-default elementor-section-height-default\" data-id=\"7585a0c5\" data-element_type=\"section\" data-settings=\"{&quot;background_background&quot;:&quot;classic&quot;}\">\n\t\t\t\t\t\t\t<div class=\"elementor-background-overlay\"><\/div>\n\t\t\t\t\t\t\t<div class=\"elementor-container elementor-column-gap-default\">\n\t\t\t\t\t<div class=\"elementor-column elementor-col-100 elementor-top-column elementor-element elementor-element-706862c8\" data-id=\"706862c8\" data-element_type=\"column\">\n\t\t\t<div class=\"elementor-widget-wrap elementor-element-populated\">\n\t\t\t\t\t\t<div class=\"elementor-element elementor-element-21b008b0 animated-fast elementor-widget elementor-widget-heading\" data-id=\"21b008b0\" data-element_type=\"widget\" data-settings=\"{&quot;_animation&quot;:&quot;none&quot;,&quot;_animation_delay&quot;:100}\" data-widget_type=\"heading.default\">\n\t\t\t\t<div class=\"elementor-widget-container\">\n\t\t\t\t\t<h6 class=\"elementor-heading-title elementor-size-default\">Apresenta\u00e7\u00e3o<\/h6>\t\t\t\t<\/div>\n\t\t\t\t<\/div>\n\t\t\t\t<div class=\"elementor-element elementor-element-383953c6 animated-fast elementor-widget elementor-widget-heading\" data-id=\"383953c6\" data-element_type=\"widget\" data-settings=\"{&quot;_animation&quot;:&quot;none&quot;,&quot;_animation_delay&quot;:200}\" data-widget_type=\"heading.default\">\n\t\t\t\t<div class=\"elementor-widget-container\">\n\t\t\t\t\t<h1 class=\"elementor-heading-title elementor-size-default\">Portal de Mem\u00f3ria da Justi\u00e7a Federal do RS<\/h1>\t\t\t\t<\/div>\n\t\t\t\t<\/div>\n\t\t\t\t<div class=\"elementor-element elementor-element-40f5928 elementor-widget elementor-widget-text-editor\" data-id=\"40f5928\" data-element_type=\"widget\" data-widget_type=\"text-editor.default\">\n\t\t\t\t<div class=\"elementor-widget-container\">\n\t\t\t\t\t\t\t\t\t<p>A mem\u00f3ria \u00e9 um elemento fundamental na forma\u00e7\u00e3o da identidade cultural individual e coletiva, na institui\u00e7\u00e3o de tradi\u00e7\u00f5es e no registro de experi\u00eancias significativas. Ela sempre foi um importante recurso para a sobreviv\u00eancia, em geral, de sociedades, sendo que as primeiras se utilizavam somente da oralidade para passar hist\u00f3rias vividas e os ensinamentos para as pr\u00f3ximas gera\u00e7\u00f5es, surgindo tradi\u00e7\u00f5es, cren\u00e7as, culturas, entre outros fatores que d\u00e3o identidade \u00e0s diferentes sociedades.<\/p><p>O surgimento da escrita possibilitou \u00e0 mem\u00f3ria ser registrada e com menor risco de ser esquecida, j\u00e1 que a dissemina\u00e7\u00e3o da informa\u00e7\u00e3o passou a ser maior. A mem\u00f3ria \u00e9 um dos alicerces da vida em sociedade. N\u00e3o \u00e9 diferente dentro do contexto organizacional. Preservar a mem\u00f3ria institucional \u00e9 uma forma de manter a institui\u00e7\u00e3o viva e fortalecer suas bases. N\u00e3o \u00e9 somente um resgate do passado, mas compreender as diferen\u00e7as e reconhecer os limites de cada per\u00edodo. \u00c9 ter referenciais para construir o presente e planejar o futuro.<\/p><p>O Portal de Mem\u00f3ria da Justi\u00e7a Federal do Rio Grande do Sul foi pensado justamente para ser um espa\u00e7o que re\u00fane, registra e divulga conte\u00fados referentes \u00e0 mem\u00f3ria da institui\u00e7\u00e3o e de seu p\u00fablico. Aqui \u00e9 poss\u00edvel conhecer a hist\u00f3ria da Justi\u00e7a Federal ga\u00facha, suas Subse\u00e7\u00f5es Judici\u00e1rias, seus espa\u00e7os f\u00edsicos de mem\u00f3ria e as personalidades que fizeram e fazem parte de sua trajet\u00f3ria.<\/p><p>Tamb\u00e9m \u00e9 poss\u00edvel conhecer seu acervo, ter acesso a documentos e processos hist\u00f3ricos que j\u00e1 mudaram a vida de muitas pessoas, saber mais sobre exposi\u00e7\u00f5es f\u00edsicas e eventos j\u00e1 realizados e, ainda, visitar e interagir com exposi\u00e7\u00f5es virtuais. Como a mem\u00f3ria, que muda com os movimentos e evolu\u00e7\u00e3o das institui\u00e7\u00f5es e da sociedade, este ambiente n\u00e3o \u00e9 est\u00e1tico, objetiva estar em cont\u00ednua atualiza\u00e7\u00e3o, para que mais conte\u00fado seja disponibilizado, com o prop\u00f3sito de aproximar o conhecimento e a mem\u00f3ria da sociedade.<\/p>\t\t\t\t\t\t\t\t<\/div>\n\t\t\t\t<\/div>\n\t\t\t\t\t<\/div>\n\t\t<\/div>\n\t\t\t\t\t<\/div>\n\t\t<\/section>\n\t\t\t\t<section class=\"elementor-section elementor-top-section elementor-element elementor-element-13e36dc0 elementor-section-content-middle envato-kit-141-top-0 elementor-section-boxed elementor-section-height-default elementor-section-height-default\" data-id=\"13e36dc0\" data-element_type=\"section\" data-settings=\"{&quot;background_background&quot;:&quot;classic&quot;}\">\n\t\t\t\t\t\t\t<div class=\"elementor-background-overlay\"><\/div>\n\t\t\t\t\t\t\t<div class=\"elementor-container elementor-column-gap-wide\">\n\t\t\t\t\t<div class=\"elementor-column elementor-col-100 elementor-top-column elementor-element elementor-element-29ebe531\" data-id=\"29ebe531\" data-element_type=\"column\">\n\t\t\t<div class=\"elementor-widget-wrap elementor-element-populated\">\n\t\t\t\t\t\t<div class=\"elementor-element elementor-element-38fe9ab4 elementor-invisible elementor-widget elementor-widget-heading\" data-id=\"38fe9ab4\" data-element_type=\"widget\" data-settings=\"{&quot;_animation&quot;:&quot;fadeIn&quot;,&quot;_animation_delay&quot;:150}\" data-widget_type=\"heading.default\">\n\t\t\t\t<div class=\"elementor-widget-container\">\n\t\t\t\t\t<h2 class=\"elementor-heading-title elementor-size-default\">Visite as diferentes se\u00e7\u00f5es do Portal e conhe\u00e7a mais sobre a hist\u00f3ria da JFRS<\/h2>\t\t\t\t<\/div>\n\t\t\t\t<\/div>\n\t\t\t\t<section class=\"elementor-section elementor-inner-section elementor-element elementor-element-29c18137 elementor-section-boxed elementor-section-height-default elementor-section-height-default\" data-id=\"29c18137\" data-element_type=\"section\">\n\t\t\t\t\t\t<div class=\"elementor-container elementor-column-gap-default\">\n\t\t\t\t\t<div class=\"elementor-column elementor-col-33 elementor-inner-column elementor-element elementor-element-3b43e972\" data-id=\"3b43e972\" data-element_type=\"column\">\n\t\t\t<div class=\"elementor-widget-wrap elementor-element-populated\">\n\t\t\t\t\t\t<div class=\"elementor-element elementor-element-7c61b932 elementor-position-left elementor-view-default elementor-mobile-position-top elementor-widget elementor-widget-icon-box\" data-id=\"7c61b932\" data-element_type=\"widget\" data-widget_type=\"icon-box.default\">\n\t\t\t\t<div class=\"elementor-widget-container\">\n\t\t\t\t\t\t\t<div class=\"elementor-icon-box-wrapper\">\n\n\t\t\t\t\t\t<div class=\"elementor-icon-box-icon\">\n\t\t\t\t<a href=\"\/gestao-de-memoria\/\" class=\"elementor-icon elementor-animation-grow\" tabindex=\"-1\" aria-label=\"Gest\u00e3o da mem\u00f3ria\">\n\t\t\t\t<i aria-hidden=\"true\" class=\"fas fa-archive\"><\/i>\t\t\t\t<\/a>\n\t\t\t<\/div>\n\t\t\t\n\t\t\t\t\t\t<div class=\"elementor-icon-box-content\">\n\n\t\t\t\t\t\t\t\t\t<h3 class=\"elementor-icon-box-title\">\n\t\t\t\t\t\t<a href=\"\/gestao-de-memoria\/\" >\n\t\t\t\t\t\t\tGest\u00e3o da mem\u00f3ria\t\t\t\t\t\t<\/a>\n\t\t\t\t\t<\/h3>\n\t\t\t\t\n\t\t\t\t\t\t\t\t\t<p class=\"elementor-icon-box-description\">\n\t\t\t\t\t\tSaiba mais sobre a Comiss\u00e3o de Mem\u00f3ria da JFRS e as iniciativas da institui\u00e7\u00e3o para a gest\u00e3o da mem\u00f3ria.\t\t\t\t\t<\/p>\n\t\t\t\t\n\t\t\t<\/div>\n\t\t\t\n\t\t<\/div>\n\t\t\t\t\t\t<\/div>\n\t\t\t\t<\/div>\n\t\t\t\t\t<\/div>\n\t\t<\/div>\n\t\t\t\t<div class=\"elementor-column elementor-col-33 elementor-inner-column elementor-element elementor-element-5bbb482f\" data-id=\"5bbb482f\" data-element_type=\"column\">\n\t\t\t<div class=\"elementor-widget-wrap elementor-element-populated\">\n\t\t\t\t\t\t<div class=\"elementor-element elementor-element-515f4ece elementor-position-left elementor-view-default elementor-mobile-position-top elementor-widget elementor-widget-icon-box\" data-id=\"515f4ece\" data-element_type=\"widget\" data-widget_type=\"icon-box.default\">\n\t\t\t\t<div class=\"elementor-widget-container\">\n\t\t\t\t\t\t\t<div class=\"elementor-icon-box-wrapper\">\n\n\t\t\t\t\t\t<div class=\"elementor-icon-box-icon\">\n\t\t\t\t<a href=\"https:\/\/memoria.jfrs.jus.br\/historia\/\" class=\"elementor-icon elementor-animation-grow\" tabindex=\"-1\" aria-label=\"Hist\u00f3ria\">\n\t\t\t\t<i aria-hidden=\"true\" class=\"icon icon-open-book\"><\/i>\t\t\t\t<\/a>\n\t\t\t<\/div>\n\t\t\t\n\t\t\t\t\t\t<div class=\"elementor-icon-box-content\">\n\n\t\t\t\t\t\t\t\t\t<h3 class=\"elementor-icon-box-title\">\n\t\t\t\t\t\t<a href=\"https:\/\/memoria.jfrs.jus.br\/historia\/\" >\n\t\t\t\t\t\t\tHist\u00f3ria\t\t\t\t\t\t<\/a>\n\t\t\t\t\t<\/h3>\n\t\t\t\t\n\t\t\t\t\t\t\t\t\t<p class=\"elementor-icon-box-description\">\n\t\t\t\t\t\tConhe\u00e7a a hist\u00f3ria da JFRS e de suas subse\u00e7\u00f5es judici\u00e1rias. Veja uma linha do tempo com fatos mais relevantes.\t\t\t\t\t<\/p>\n\t\t\t\t\n\t\t\t<\/div>\n\t\t\t\n\t\t<\/div>\n\t\t\t\t\t\t<\/div>\n\t\t\t\t<\/div>\n\t\t\t\t\t<\/div>\n\t\t<\/div>\n\t\t\t\t<div class=\"elementor-column elementor-col-33 elementor-inner-column elementor-element elementor-element-eec5e76\" data-id=\"eec5e76\" data-element_type=\"column\">\n\t\t\t<div class=\"elementor-widget-wrap elementor-element-populated\">\n\t\t\t\t\t\t<div class=\"elementor-element elementor-element-69bc000e elementor-position-left elementor-view-default elementor-mobile-position-top elementor-widget elementor-widget-icon-box\" data-id=\"69bc000e\" data-element_type=\"widget\" data-widget_type=\"icon-box.default\">\n\t\t\t\t<div class=\"elementor-widget-container\">\n\t\t\t\t\t\t\t<div class=\"elementor-icon-box-wrapper\">\n\n\t\t\t\t\t\t<div class=\"elementor-icon-box-icon\">\n\t\t\t\t<a href=\"\/espacos-de-memoria\/\" class=\"elementor-icon elementor-animation-grow\" tabindex=\"-1\" aria-label=\"Espa\u00e7os de Mem\u00f3ria\">\n\t\t\t\t<i aria-hidden=\"true\" class=\"fas fa-door-open\"><\/i>\t\t\t\t<\/a>\n\t\t\t<\/div>\n\t\t\t\n\t\t\t\t\t\t<div class=\"elementor-icon-box-content\">\n\n\t\t\t\t\t\t\t\t\t<h3 class=\"elementor-icon-box-title\">\n\t\t\t\t\t\t<a href=\"\/espacos-de-memoria\/\" >\n\t\t\t\t\t\t\tEspa\u00e7os de Mem\u00f3ria\t\t\t\t\t\t<\/a>\n\t\t\t\t\t<\/h3>\n\t\t\t\t\n\t\t\t\t\t\t\t\t\t<p class=\"elementor-icon-box-description\">\n\t\t\t\t\t\tConhe\u00e7a os espa\u00e7os f\u00edsicos que a Justi\u00e7a Federal do RS mant\u00e9m para a preserva\u00e7\u00e3o da mem\u00f3ria institucional.\t\t\t\t\t<\/p>\n\t\t\t\t\n\t\t\t<\/div>\n\t\t\t\n\t\t<\/div>\n\t\t\t\t\t\t<\/div>\n\t\t\t\t<\/div>\n\t\t\t\t\t<\/div>\n\t\t<\/div>\n\t\t\t\t\t<\/div>\n\t\t<\/section>\n\t\t\t\t<section class=\"elementor-section elementor-inner-section elementor-element elementor-element-4b714286 elementor-section-boxed elementor-section-height-default elementor-section-height-default\" data-id=\"4b714286\" data-element_type=\"section\">\n\t\t\t\t\t\t<div class=\"elementor-container elementor-column-gap-default\">\n\t\t\t\t\t<div class=\"elementor-column elementor-col-33 elementor-inner-column elementor-element elementor-element-2580575b\" data-id=\"2580575b\" data-element_type=\"column\">\n\t\t\t<div class=\"elementor-widget-wrap elementor-element-populated\">\n\t\t\t\t\t\t<div class=\"elementor-element elementor-element-2bed7904 elementor-position-left elementor-view-default elementor-mobile-position-top elementor-widget elementor-widget-icon-box\" data-id=\"2bed7904\" data-element_type=\"widget\" data-widget_type=\"icon-box.default\">\n\t\t\t\t<div class=\"elementor-widget-container\">\n\t\t\t\t\t\t\t<div class=\"elementor-icon-box-wrapper\">\n\n\t\t\t\t\t\t<div class=\"elementor-icon-box-icon\">\n\t\t\t\t<a href=\"\/category\/exposicoes-e-eventos\/\" target=\"_blank\" class=\"elementor-icon elementor-animation-grow\" tabindex=\"-1\" aria-label=\"Exposi\u00e7\u00f5es e eventos\">\n\t\t\t\t<i aria-hidden=\"true\" class=\"icon icon-picture\"><\/i>\t\t\t\t<\/a>\n\t\t\t<\/div>\n\t\t\t\n\t\t\t\t\t\t<div class=\"elementor-icon-box-content\">\n\n\t\t\t\t\t\t\t\t\t<h3 class=\"elementor-icon-box-title\">\n\t\t\t\t\t\t<a href=\"\/category\/exposicoes-e-eventos\/\" target=\"_blank\" >\n\t\t\t\t\t\t\tExposi\u00e7\u00f5es e eventos\t\t\t\t\t\t<\/a>\n\t\t\t\t\t<\/h3>\n\t\t\t\t\n\t\t\t\t\t\t\t\t\t<p class=\"elementor-icon-box-description\">\n\t\t\t\t\t\tVisite as exposi\u00e7\u00f5es digitais e saiba sobre exposi\u00e7\u00f5es e eventos ligados \u00e0 mem\u00f3ria promovidos pela JFRS.\t\t\t\t\t<\/p>\n\t\t\t\t\n\t\t\t<\/div>\n\t\t\t\n\t\t<\/div>\n\t\t\t\t\t\t<\/div>\n\t\t\t\t<\/div>\n\t\t\t\t\t<\/div>\n\t\t<\/div>\n\t\t\t\t<div class=\"elementor-column elementor-col-33 elementor-inner-column elementor-element elementor-element-46149028\" data-id=\"46149028\" data-element_type=\"column\">\n\t\t\t<div class=\"elementor-widget-wrap\">\n\t\t\t\t\t\t\t<\/div>\n\t\t<\/div>\n\t\t\t\t<div class=\"elementor-column elementor-col-33 elementor-inner-column elementor-element elementor-element-6d651ae9\" data-id=\"6d651ae9\" data-element_type=\"column\">\n\t\t\t<div class=\"elementor-widget-wrap elementor-element-populated\">\n\t\t\t\t\t\t<div class=\"elementor-element elementor-element-4dab5de4 elementor-position-left elementor-view-default elementor-mobile-position-top elementor-widget elementor-widget-icon-box\" data-id=\"4dab5de4\" data-element_type=\"widget\" data-widget_type=\"icon-box.default\">\n\t\t\t\t<div class=\"elementor-widget-container\">\n\t\t\t\t\t\t\t<div class=\"elementor-icon-box-wrapper\">\n\n\t\t\t\t\t\t<div class=\"elementor-icon-box-icon\">\n\t\t\t\t<a href=\"\/acervos\/\" class=\"elementor-icon elementor-animation-grow\" tabindex=\"-1\" aria-label=\"Acervos\">\n\t\t\t\t<i aria-hidden=\"true\" class=\"icon icon-folders1\"><\/i>\t\t\t\t<\/a>\n\t\t\t<\/div>\n\t\t\t\n\t\t\t\t\t\t<div class=\"elementor-icon-box-content\">\n\n\t\t\t\t\t\t\t\t\t<h3 class=\"elementor-icon-box-title\">\n\t\t\t\t\t\t<a href=\"\/acervos\/\" >\n\t\t\t\t\t\t\tAcervos\t\t\t\t\t\t<\/a>\n\t\t\t\t\t<\/h3>\n\t\t\t\t\n\t\t\t\t\t\t\t\t\t<p class=\"elementor-icon-box-description\">\n\t\t\t\t\t\tConhe\u00e7a mais sobre os acervos f\u00edsicos e digitais mantidos pela Justi\u00e7a Federal do RS.\t\t\t\t\t<\/p>\n\t\t\t\t\n\t\t\t<\/div>\n\t\t\t\n\t\t<\/div>\n\t\t\t\t\t\t<\/div>\n\t\t\t\t<\/div>\n\t\t\t\t\t<\/div>\n\t\t<\/div>\n\t\t\t\t\t<\/div>\n\t\t<\/section>\n\t\t\t\t\t<\/div>\n\t\t<\/div>\n\t\t\t\t\t<\/div>\n\t\t<\/section>\n\t\t\t\t<\/div>\n\t\t","protected":false},"excerpt":{"rendered":"<p>Apresenta\u00e7\u00e3o Portal de Mem\u00f3ria da Justi\u00e7a Federal do RS A mem\u00f3ria \u00e9 um elemento fundamental na forma\u00e7\u00e3o da identidade cultural individual e coletiva, na institui\u00e7\u00e3o de tradi\u00e7\u00f5es e no registro de experi\u00eancias significativas. Ela sempre foi um importante recurso para [&hellip;]<\/p>\n","protected":false},"author":1,"featured_media":0,"parent":0,"menu_order":0,"comment_status":"closed","ping_status":"closed","template":"","meta":{"footnotes":""},"class_list":["post-153","page","type-page","status-publish","hentry"],"_links":{"self":[{"href":"https:\/\/homologa.jfrs.jus.br\/memoria\/wp-json\/wp\/v2\/pages\/153","targetHints":{"allow":["GET"]}}],"collection":[{"href":"https:\/\/homologa.jfrs.jus.br\/memoria\/wp-json\/wp\/v2\/pages"}],"about":[{"href":"https:\/\/homologa.jfrs.jus.br\/memoria\/wp-json\/wp\/v2\/types\/page"}],"author":[{"embeddable":true,"href":"https:\/\/homologa.jfrs.jus.br\/memoria\/wp-json\/wp\/v2\/users\/1"}],"replies":[{"embeddable":true,"href":"https:\/\/homologa.jfrs.jus.br\/memoria\/wp-json\/wp\/v2\/comments?post=153"}],"version-history":[{"count":15,"href":"https:\/\/homologa.jfrs.jus.br\/memoria\/wp-json\/wp\/v2\/pages\/153\/revisions"}],"predecessor-version":[{"id":83518,"href":"https:\/\/homologa.jfrs.jus.br\/memoria\/wp-json\/wp\/v2\/pages\/153\/revisions\/83518"}],"wp:attachment":[{"href":"https:\/\/homologa.jfrs.jus.br\/memoria\/wp-json\/wp\/v2\/media?parent=153"}],"curies":[{"name":"wp","href":"https:\/\/api.w.org\/{rel}","templated":true}]}}